{"id":3680,"date":"2026-03-05T09:36:27","date_gmt":"2026-03-05T12:36:27","guid":{"rendered":"https:\/\/camaracxc.mg.gov.br\/site\/?page_id=3680"},"modified":"2026-03-13T16:47:53","modified_gmt":"2026-03-13T19:47:53","slug":"escola-do-legislativo","status":"publish","type":"page","link":"https:\/\/camaracxc.mg.gov.br\/site\/escola-do-legislativo\/","title":{"rendered":"Escola do Legislativo"},"content":{"rendered":"<p><img loading=\"lazy\" decoding=\"async\" class=\"alignnone wp-image-3726\" src=\"https:\/\/camaracxc.mg.gov.br\/site\/wp-content\/uploads\/2026\/03\/Logo_escola_do_legislativo-removebg-preview.png\" alt=\"\" width=\"187\" height=\"187\" srcset=\"https:\/\/camaracxc.mg.gov.br\/site\/wp-content\/uploads\/2026\/03\/Logo_escola_do_legislativo-removebg-preview.png 500w, https:\/\/camaracxc.mg.gov.br\/site\/wp-content\/uploads\/2026\/03\/Logo_escola_do_legislativo-removebg-preview-300x300.png 300w, https:\/\/camaracxc.mg.gov.br\/site\/wp-content\/uploads\/2026\/03\/Logo_escola_do_legislativo-removebg-preview-150x150.png 150w\" sizes=\"auto, (max-width: 187px) 100vw, 187px\" \/><\/p>\n<p><span style=\"font-size: 10pt;\"><a style=\"color: #4db2ec; text-decoration-line: underline;\" href=\"https:\/\/camaracxc.mg.gov.br\/site\/wp-content\/uploads\/2026\/03\/Resolucao-no-03-2025-Cria-Escola-do-Legislativo-Camara-CXC.pdf\">Resolu\u00e7\u00e3o n\u00ba 03-2025<\/a> &#8211; Cria Escola do Legislativo na C\u00e2mara Municipal de Coronel Xavier Chaves<\/span><\/p>\n<p><span style=\"font-size: 10pt;\"><a href=\"https:\/\/camaracxc.mg.gov.br\/site\/wp-content\/uploads\/2026\/03\/Portaria-No-10-2025-Nomeia-integrantes-da-Escola-do-Legislativo.pdf\">Portaria N\u00ba 10-2025<\/a> &#8211; Nomeia integrantes da Escola do Legislativo<\/span><\/p>\n<p><span style=\"font-size: 10pt;\"><a href=\"https:\/\/camaracxc.mg.gov.br\/site\/wp-content\/uploads\/2026\/03\/Regimento-Interno-da-Escola-do-Legislativo-de-Coronel-Xavier-Chaves_assinado_-publicado-2.pdf\">Regimento Interno<\/a> &#8211; Escola do Legislativo da C\u00e2mara Municipal de Coronel Xavier Chaves<\/span><\/p>\n<p><span style=\"font-size: 10pt;\"><a href=\"https:\/\/camaracxc.mg.gov.br\/site\/wp-content\/uploads\/2026\/03\/PADE-2026-Escola-do-Legislativo-Camara-CXC.pdf\">PADE 2026<\/a> &#8211; Escola do Legislativo da C\u00e2mara Municipal de Coronel Xavier Chaves<\/span><\/p>\n","protected":false},"excerpt":{"rendered":"<p>Resolu\u00e7\u00e3o n\u00ba 03-2025 &#8211; Cria Escola do Legislativo na C\u00e2mara Municipal de Coronel Xavier Chaves Portaria N\u00ba 10-2025 &#8211; Nomeia integrantes da Escola do Legislativo Regimento Interno &#8211; Escola do Legislativo da C\u00e2mara Municipal de Coronel Xavier Chaves PADE 2026 &#8211; Escola do Legislativo da C\u00e2mara Municipal de Coronel Xavier Chaves<\/p>\n","protected":false},"author":2,"featured_media":0,"parent":0,"menu_order":0,"comment_status":"closed","ping_status":"closed","template":"","meta":{"footnotes":"","_links_to":"","_links_to_target":""},"class_list":["post-3680","page","type-page","status-publish"],"yoast_head":"<!-- This site is optimized with the Yoast SEO plugin v27.1.1 - https:\/\/yoast.com\/product\/yoast-seo-wordpress\/ -->\n<title>Escola do Legislativo - C\u00e2mara Municipal de Coronel Xavier Chaves<\/title>\n<meta name=\"robots\" content=\"index, follow, max-snippet:-1, max-image-preview:large, max-video-preview:-1\" \/>\n<link rel=\"canonical\" href=\"https:\/\/camaracxc.mg.gov.br\/site\/escola-do-legislativo\/\" \/>\n<meta property=\"og:locale\" content=\"pt_BR\" \/>\n<meta property=\"og:type\" content=\"article\" \/>\n<meta property=\"og:title\" content=\"Escola do Legislativo - C\u00e2mara Municipal de Coronel Xavier Chaves\" \/>\n<meta property=\"og:description\" content=\"Resolu\u00e7\u00e3o n\u00ba 03-2025 &#8211; Cria Escola do Legislativo na C\u00e2mara Municipal de Coronel Xavier Chaves Portaria N\u00ba 10-2025 &#8211; Nomeia integrantes da Escola do Legislativo Regimento Interno &#8211; Escola do Legislativo da C\u00e2mara Municipal de Coronel Xavier Chaves PADE 2026 &#8211; Escola do Legislativo da C\u00e2mara Municipal de Coronel Xavier Chaves\" \/>\n<meta property=\"og:url\" content=\"https:\/\/camaracxc.mg.gov.br\/site\/escola-do-legislativo\/\" \/>\n<meta property=\"og:site_name\" content=\"C\u00e2mara Municipal de Coronel Xavier Chaves\" \/>\n<meta property=\"article:modified_time\" content=\"2026-03-13T19:47:53+00:00\" \/>\n<meta property=\"og:image\" content=\"https:\/\/camaracxc.mg.gov.br\/site\/wp-content\/uploads\/2026\/03\/Logo_escola_do_legislativo-removebg-preview.png\" \/>\n\t<meta property=\"og:image:width\" content=\"500\" \/>\n\t<meta property=\"og:image:height\" content=\"500\" \/>\n\t<meta property=\"og:image:type\" content=\"image\/png\" \/>\n<meta name=\"twitter:card\" content=\"summary_large_image\" \/>\n<script type=\"application\/ld+json\" class=\"yoast-schema-graph\">{\"@context\":\"https:\/\/schema.org\",\"@graph\":[{\"@type\":\"WebPage\",\"@id\":\"https:\/\/camaracxc.mg.gov.br\/site\/escola-do-legislativo\/\",\"url\":\"https:\/\/camaracxc.mg.gov.br\/site\/escola-do-legislativo\/\",\"name\":\"Escola do Legislativo - C\u00e2mara Municipal de Coronel Xavier Chaves\",\"isPartOf\":{\"@id\":\"https:\/\/camaracxc.mg.gov.br\/site\/#website\"},\"primaryImageOfPage\":{\"@id\":\"https:\/\/camaracxc.mg.gov.br\/site\/escola-do-legislativo\/#primaryimage\"},\"image\":{\"@id\":\"https:\/\/camaracxc.mg.gov.br\/site\/escola-do-legislativo\/#primaryimage\"},\"thumbnailUrl\":\"https:\/\/camaracxc.mg.gov.br\/site\/wp-content\/uploads\/2026\/03\/Logo_escola_do_legislativo-removebg-preview.png\",\"datePublished\":\"2026-03-05T12:36:27+00:00\",\"dateModified\":\"2026-03-13T19:47:53+00:00\",\"breadcrumb\":{\"@id\":\"https:\/\/camaracxc.mg.gov.br\/site\/escola-do-legislativo\/#breadcrumb\"},\"inLanguage\":\"pt-BR\",\"potentialAction\":[{\"@type\":\"ReadAction\",\"target\":[\"https:\/\/camaracxc.mg.gov.br\/site\/escola-do-legislativo\/\"]}]},{\"@type\":\"ImageObject\",\"inLanguage\":\"pt-BR\",\"@id\":\"https:\/\/camaracxc.mg.gov.br\/site\/escola-do-legislativo\/#primaryimage\",\"url\":\"https:\/\/camaracxc.mg.gov.br\/site\/wp-content\/uploads\/2026\/03\/Logo_escola_do_legislativo-removebg-preview.png\",\"contentUrl\":\"https:\/\/camaracxc.mg.gov.br\/site\/wp-content\/uploads\/2026\/03\/Logo_escola_do_legislativo-removebg-preview.png\",\"width\":500,\"height\":500},{\"@type\":\"BreadcrumbList\",\"@id\":\"https:\/\/camaracxc.mg.gov.br\/site\/escola-do-legislativo\/#breadcrumb\",\"itemListElement\":[{\"@type\":\"ListItem\",\"position\":1,\"name\":\"In\u00edcio\",\"item\":\"https:\/\/camaracxc.mg.gov.br\/site\/\"},{\"@type\":\"ListItem\",\"position\":2,\"name\":\"Escola do Legislativo\"}]},{\"@type\":\"WebSite\",\"@id\":\"https:\/\/camaracxc.mg.gov.br\/site\/#website\",\"url\":\"https:\/\/camaracxc.mg.gov.br\/site\/\",\"name\":\"C\u00e2mara Municipal de Coronel Xavier Chaves\",\"description\":\"\",\"potentialAction\":[{\"@type\":\"SearchAction\",\"target\":{\"@type\":\"EntryPoint\",\"urlTemplate\":\"https:\/\/camaracxc.mg.gov.br\/site\/?s={search_term_string}\"},\"query-input\":{\"@type\":\"PropertyValueSpecification\",\"valueRequired\":true,\"valueName\":\"search_term_string\"}}],\"inLanguage\":\"pt-BR\"}]}<\/script>\n<!-- \/ Yoast SEO plugin. -->","yoast_head_json":{"title":"Escola do Legislativo - C\u00e2mara Municipal de Coronel Xavier Chaves","robots":{"index":"index","follow":"follow","max-snippet":"max-snippet:-1","max-image-preview":"max-image-preview:large","max-video-preview":"max-video-preview:-1"},"canonical":"https:\/\/camaracxc.mg.gov.br\/site\/escola-do-legislativo\/","og_locale":"pt_BR","og_type":"article","og_title":"Escola do Legislativo - C\u00e2mara Municipal de Coronel Xavier Chaves","og_description":"Resolu\u00e7\u00e3o n\u00ba 03-2025 &#8211; Cria Escola do Legislativo na C\u00e2mara Municipal de Coronel Xavier Chaves Portaria N\u00ba 10-2025 &#8211; Nomeia integrantes da Escola do Legislativo Regimento Interno &#8211; Escola do Legislativo da C\u00e2mara Municipal de Coronel Xavier Chaves PADE 2026 &#8211; Escola do Legislativo da C\u00e2mara Municipal de Coronel Xavier Chaves","og_url":"https:\/\/camaracxc.mg.gov.br\/site\/escola-do-legislativo\/","og_site_name":"C\u00e2mara Municipal de Coronel Xavier Chaves","article_modified_time":"2026-03-13T19:47:53+00:00","og_image":[{"width":500,"height":500,"url":"https:\/\/camaracxc.mg.gov.br\/site\/wp-content\/uploads\/2026\/03\/Logo_escola_do_legislativo-removebg-preview.png","type":"image\/png"}],"twitter_card":"summary_large_image","schema":{"@context":"https:\/\/schema.org","@graph":[{"@type":"WebPage","@id":"https:\/\/camaracxc.mg.gov.br\/site\/escola-do-legislativo\/","url":"https:\/\/camaracxc.mg.gov.br\/site\/escola-do-legislativo\/","name":"Escola do Legislativo - C\u00e2mara Municipal de Coronel Xavier Chaves","isPartOf":{"@id":"https:\/\/camaracxc.mg.gov.br\/site\/#website"},"primaryImageOfPage":{"@id":"https:\/\/camaracxc.mg.gov.br\/site\/escola-do-legislativo\/#primaryimage"},"image":{"@id":"https:\/\/camaracxc.mg.gov.br\/site\/escola-do-legislativo\/#primaryimage"},"thumbnailUrl":"https:\/\/camaracxc.mg.gov.br\/site\/wp-content\/uploads\/2026\/03\/Logo_escola_do_legislativo-removebg-preview.png","datePublished":"2026-03-05T12:36:27+00:00","dateModified":"2026-03-13T19:47:53+00:00","breadcrumb":{"@id":"https:\/\/camaracxc.mg.gov.br\/site\/escola-do-legislativo\/#breadcrumb"},"inLanguage":"pt-BR","potentialAction":[{"@type":"ReadAction","target":["https:\/\/camaracxc.mg.gov.br\/site\/escola-do-legislativo\/"]}]},{"@type":"ImageObject","inLanguage":"pt-BR","@id":"https:\/\/camaracxc.mg.gov.br\/site\/escola-do-legislativo\/#primaryimage","url":"https:\/\/camaracxc.mg.gov.br\/site\/wp-content\/uploads\/2026\/03\/Logo_escola_do_legislativo-removebg-preview.png","contentUrl":"https:\/\/camaracxc.mg.gov.br\/site\/wp-content\/uploads\/2026\/03\/Logo_escola_do_legislativo-removebg-preview.png","width":500,"height":500},{"@type":"BreadcrumbList","@id":"https:\/\/camaracxc.mg.gov.br\/site\/escola-do-legislativo\/#breadcrumb","itemListElement":[{"@type":"ListItem","position":1,"name":"In\u00edcio","item":"https:\/\/camaracxc.mg.gov.br\/site\/"},{"@type":"ListItem","position":2,"name":"Escola do Legislativo"}]},{"@type":"WebSite","@id":"https:\/\/camaracxc.mg.gov.br\/site\/#website","url":"https:\/\/camaracxc.mg.gov.br\/site\/","name":"C\u00e2mara Municipal de Coronel Xavier Chaves","description":"","potentialAction":[{"@type":"SearchAction","target":{"@type":"EntryPoint","urlTemplate":"https:\/\/camaracxc.mg.gov.br\/site\/?s={search_term_string}"},"query-input":{"@type":"PropertyValueSpecification","valueRequired":true,"valueName":"search_term_string"}}],"inLanguage":"pt-BR"}]}},"_links":{"self":[{"href":"https:\/\/camaracxc.mg.gov.br\/site\/wp-json\/wp\/v2\/pages\/3680","targetHints":{"allow":["GET"]}}],"collection":[{"href":"https:\/\/camaracxc.mg.gov.br\/site\/wp-json\/wp\/v2\/pages"}],"about":[{"href":"https:\/\/camaracxc.mg.gov.br\/site\/wp-json\/wp\/v2\/types\/page"}],"author":[{"embeddable":true,"href":"https:\/\/camaracxc.mg.gov.br\/site\/wp-json\/wp\/v2\/users\/2"}],"replies":[{"embeddable":true,"href":"https:\/\/camaracxc.mg.gov.br\/site\/wp-json\/wp\/v2\/comments?post=3680"}],"version-history":[{"count":5,"href":"https:\/\/camaracxc.mg.gov.br\/site\/wp-json\/wp\/v2\/pages\/3680\/revisions"}],"predecessor-version":[{"id":3739,"href":"https:\/\/camaracxc.mg.gov.br\/site\/wp-json\/wp\/v2\/pages\/3680\/revisions\/3739"}],"wp:attachment":[{"href":"https:\/\/camaracxc.mg.gov.br\/site\/wp-json\/wp\/v2\/media?parent=3680"}],"curies":[{"name":"wp","href":"https:\/\/api.w.org\/{rel}","templated":true}]}}