{"id":3676,"date":"2026-03-05T09:32:40","date_gmt":"2026-03-05T12:32:40","guid":{"rendered":"https:\/\/camaracxc.mg.gov.br\/site\/?page_id=3676"},"modified":"2026-03-11T18:03:01","modified_gmt":"2026-03-11T21:03:01","slug":"expedientes-recebidos","status":"publish","type":"page","link":"https:\/\/camaracxc.mg.gov.br\/site\/expedientes-recebidos\/","title":{"rendered":"Expedientes Recebidos"},"content":{"rendered":"<p><span style=\"font-size: 10pt;\"><strong>Expedientes recebidos 2026:<\/strong><\/span><\/p>\n<p><span style=\"font-size: 10pt;\"><a href=\"https:\/\/camaracxc.mg.gov.br\/site\/wp-content\/uploads\/2026\/03\/Oficio-002-2026-da-Sec-A-Social-Resposta-ao-Oficio-055.2026-Camara-Requerimento-09.pdf\">Of\u00edcio 002-2026 da Sec A Social &#8211; Resposta ao Oficio 055.2026 Camara &#8211; Requerimento 09<\/a> <\/span><br \/>\n<span style=\"font-size: 10pt;\"><a href=\"https:\/\/camaracxc.mg.gov.br\/site\/wp-content\/uploads\/2026\/03\/Oficio-002-2026-da-Sec-Obras-Resposta-ao-Oficio-008.2026-Camara-Requerimento-02.pdf\">Of\u00edcio 002-2026 da Sec Obras &#8211; Resposta ao Oficio 008.2026 Camara &#8211; Requerimento 02<\/a> <\/span><br \/>\n<span style=\"font-size: 10pt;\"><a href=\"https:\/\/camaracxc.mg.gov.br\/site\/wp-content\/uploads\/2026\/03\/Oficio-003-2026-da-Sec-Obras-Resposta-ao-Oficio-008.2026-Camara-Requerimento-05.pdf\">Of\u00edcio 003-2026 da Sec Obras &#8211; Resposta ao Oficio 008.2026 Camara &#8211; Requerimento 05<\/a> <\/span><br \/>\n<span style=\"font-size: 10pt;\"><a href=\"https:\/\/camaracxc.mg.gov.br\/site\/wp-content\/uploads\/2026\/03\/OFICIO-08-2026-REUNIAO-1.pdf\">OF\u00cdCIO 08-2026 REUNI\u00c3O (1)<\/a> <\/span><br \/>\n<span style=\"font-size: 10pt;\"><a href=\"https:\/\/camaracxc.mg.gov.br\/site\/wp-content\/uploads\/2026\/03\/Oficio-009-2026-da-Secretaria-de-Saude-Esclarecimentos-assuntos-pautados-na-reuniao-de-19-01-2026.pdf\">Of\u00edcio 009-2026 da Secret\u00e1ria de Saude &#8211; Esclarecimentos assuntos pautados na reuni\u00e3o de 19-01-2026<\/a> <\/span><br \/>\n<span style=\"font-size: 10pt;\"><a href=\"https:\/\/camaracxc.mg.gov.br\/site\/wp-content\/uploads\/2026\/03\/Oficio-010-2026-da-Sec-Saude-Resposta-ao-Oficio-001.2026-Camara.pdf\">Of\u00edcio 010-2026 da Sec Saude &#8211; Resposta ao Oficio 001.2026 Camara<\/a> <\/span><br \/>\n<span style=\"font-size: 10pt;\"><a href=\"https:\/\/camaracxc.mg.gov.br\/site\/wp-content\/uploads\/2026\/03\/Oficio-049-2026-Resposta-ao-Oficio-008.2026-Camara-Requerimento-01.pdf\">Of\u00edcio 049-2026 &#8211; Resposta ao Oficio 008.2026 Camara &#8211; Requerimento 01<\/a> <\/span><br \/>\n<span style=\"font-size: 10pt;\"><a href=\"https:\/\/camaracxc.mg.gov.br\/site\/wp-content\/uploads\/2026\/03\/Oficio-056-2026-Resposta-ao-Oficio-008.2026-Camara-Requerimento-04.pdf\">Of\u00edcio 056-2026 &#8211; Resposta ao Oficio 008.2026 Camara &#8211; Requerimento 04<\/a> <\/span><br \/>\n<span style=\"font-size: 10pt;\"><a href=\"https:\/\/camaracxc.mg.gov.br\/site\/wp-content\/uploads\/2026\/03\/Oficio-063-2026-Resposta-ao-Oficio-008.2026-Camara-Requerimento-03.pdf\">Of\u00edcio 063-2026 &#8211; Resposta ao Oficio 008.2026 Camara &#8211; Requerimento 03<\/a> <\/span><br \/>\n<span style=\"font-size: 10pt;\"><a href=\"https:\/\/camaracxc.mg.gov.br\/site\/wp-content\/uploads\/2026\/03\/Oficio-084-2026-Oficio-Solicitando-Adiamento-Audiencia-Publica.pdf\">Of\u00edcio 084-2026 &#8211; Oficio Solicitando Adiamento Audiencia Publica<\/a> <\/span><br \/>\n<span style=\"font-size: 10pt;\"><a href=\"https:\/\/camaracxc.mg.gov.br\/site\/wp-content\/uploads\/2026\/03\/Oficio-Camara-86-2026-da-Prefeitura-Reformulacoes-administrativas-e-medidas-de-aprimoramento-do-servico-municipal-de-taxi.pdf\">Oficio C\u00e2mara 86-2026 da Prefeitura &#8211; Reformula\u00e7\u00f5es administrativas e medidas de aprimoramento do servi\u00e7o municipal de t\u00e1xi<\/a> <\/span><br \/>\n<span style=\"font-size: 10pt;\"><a href=\"https:\/\/camaracxc.mg.gov.br\/site\/wp-content\/uploads\/2026\/03\/Oficio-Circular-05-2026-ARSAE-MG-SEI_GOVMG-131761487.pdf\">Of\u00edcio Circular 05-2026 ARSAE-MG &#8211; SEI_GOVMG &#8211; 131761487<\/a> <\/span><br \/>\n<span style=\"font-size: 10pt;\"><a href=\"https:\/\/camaracxc.mg.gov.br\/site\/wp-content\/uploads\/2026\/03\/Oficio-Circular-ARSAE-GAB-no.-11-2026-SEI_GOVMG-134271886.pdf\">Of\u00edcio Circular ARSAE-GAB n\u00ba. 11-2026 &#8211; SEI_GOVMG &#8211; 134271886<\/a> <\/span><br \/>\n<span style=\"font-size: 10pt;\"><a href=\"https:\/\/camaracxc.mg.gov.br\/site\/wp-content\/uploads\/2026\/03\/Oficio-Circular-no-001-2025-do-Ministerio-Publico-de-Contas-de-MG.pdf\">Of\u00edcio Circular n\u00ba 001-2025 do Minist\u00e9rio P\u00fablico de Contas de MG<\/a> <\/span><br \/>\n<span style=\"font-size: 10pt;\"><a href=\"https:\/\/camaracxc.mg.gov.br\/site\/wp-content\/uploads\/2026\/03\/Oficio-n-21-2026-Prefeitura-Emenda-Modificativa-ao-Projeto-de-Lei-no-1.437.pdf\">Of\u00edcio n 21 &#8211; 2026 Prefeitura &#8211; Emenda Modificativa ao Projeto de Lei n\u00ba 1.437<\/a> <\/span><br \/>\n<span style=\"font-size: 10pt;\"><a href=\"https:\/\/camaracxc.mg.gov.br\/site\/wp-content\/uploads\/2026\/03\/Oficio-n-22-2026-Prefeitura-Solicitacao-de-avaliacao-legislativa-\u2013-Vale-alimentacao.pdf\">Of\u00edcio n 22 &#8211; 2026 Prefeitura &#8211; Solicita\u00e7\u00e3o de avalia\u00e7\u00e3o legislativa \u2013 Vale-alimenta\u00e7\u00e3o<\/a> <\/span><br \/>\n<span style=\"font-size: 10pt;\"><a href=\"https:\/\/camaracxc.mg.gov.br\/site\/wp-content\/uploads\/2026\/03\/Oficio-n-57-2026-Emenda-Projeto-1.423.pdf\">Oficio n 57 2026 Emenda &#8211; Projeto 1.423<\/a> <\/span><br \/>\n<span style=\"font-size: 10pt;\"><a href=\"https:\/\/camaracxc.mg.gov.br\/site\/wp-content\/uploads\/2026\/03\/Oficio-no-65-2026-Educacao-Convite-Camara.pdf\">Of\u00edcio n\u00ba 65-2026 &#8211; Educa\u00e7\u00e3o Convite C\u00e2mara<\/a> <\/span><br \/>\n<span style=\"font-size: 10pt;\"><a href=\"https:\/\/camaracxc.mg.gov.br\/site\/wp-content\/uploads\/2026\/03\/SEI_GOVMG-133611882-Oficio.pdf\">SEI_GOVMG &#8211; 133611882 &#8211; Of\u00edcio<\/a> <\/span><br \/>\n<span style=\"font-size: 10pt;\"><a href=\"https:\/\/camaracxc.mg.gov.br\/site\/wp-content\/uploads\/2026\/03\/SEI_GOVMG-134772158-Oficio-Circular.pdf\">SEI_GOVMG &#8211; 134772158 &#8211; Of\u00edcio Circular<\/a><\/span><br \/>\n<span style=\"font-size: 10pt;\"><a href=\"https:\/\/camaracxc.mg.gov.br\/site\/wp-content\/uploads\/2026\/03\/Oficio-n.o-057_2026-PJRC-MPMG.pdf\">Of\u00edcio n.\u00ba 057_2026 PJRC MPMG<\/a> <\/span><br \/>\n<span style=\"font-size: 10pt;\"><a href=\"https:\/\/camaracxc.mg.gov.br\/site\/wp-content\/uploads\/2026\/03\/Oficio-n.o-98_2026-PJRC-MPMG.pdf\">Of\u00edcio n.\u00ba 98_2026 PJRC MPMG<\/a><\/span><\/p>\n<p>&nbsp;<\/p>\n","protected":false},"excerpt":{"rendered":"<p>Expedientes recebidos 2026: Of\u00edcio 002-2026 da Sec A Social &#8211; Resposta ao Oficio 055.2026 Camara &#8211; Requerimento 09 Of\u00edcio 002-2026 da Sec Obras &#8211; Resposta ao Oficio 008.2026 Camara &#8211; Requerimento 02 Of\u00edcio 003-2026 da Sec Obras &#8211; Resposta ao Oficio 008.2026 Camara &#8211; Requerimento 05 OF\u00cdCIO 08-2026 REUNI\u00c3O (1) Of\u00edcio 009-2026 da Secret\u00e1ria de [&hellip;]<\/p>\n","protected":false},"author":2,"featured_media":0,"parent":0,"menu_order":0,"comment_status":"closed","ping_status":"closed","template":"","meta":{"footnotes":"","_links_to":"","_links_to_target":""},"class_list":["post-3676","page","type-page","status-publish"],"yoast_head":"<!-- This site is optimized with the Yoast SEO plugin v27.1.1 - https:\/\/yoast.com\/product\/yoast-seo-wordpress\/ -->\n<title>Expedientes Recebidos - C\u00e2mara Municipal de Coronel Xavier Chaves<\/title>\n<meta name=\"robots\" content=\"index, follow, max-snippet:-1, max-image-preview:large, max-video-preview:-1\" \/>\n<link rel=\"canonical\" href=\"https:\/\/camaracxc.mg.gov.br\/site\/expedientes-recebidos\/\" \/>\n<meta property=\"og:locale\" content=\"pt_BR\" \/>\n<meta property=\"og:type\" content=\"article\" \/>\n<meta property=\"og:title\" content=\"Expedientes Recebidos - C\u00e2mara Municipal de Coronel Xavier Chaves\" \/>\n<meta property=\"og:description\" content=\"Expedientes recebidos 2026: Of\u00edcio 002-2026 da Sec A Social &#8211; Resposta ao Oficio 055.2026 Camara &#8211; Requerimento 09 Of\u00edcio 002-2026 da Sec Obras &#8211; Resposta ao Oficio 008.2026 Camara &#8211; Requerimento 02 Of\u00edcio 003-2026 da Sec Obras &#8211; Resposta ao Oficio 008.2026 Camara &#8211; Requerimento 05 OF\u00cdCIO 08-2026 REUNI\u00c3O (1) Of\u00edcio 009-2026 da Secret\u00e1ria de [&hellip;]\" \/>\n<meta property=\"og:url\" content=\"https:\/\/camaracxc.mg.gov.br\/site\/expedientes-recebidos\/\" \/>\n<meta property=\"og:site_name\" content=\"C\u00e2mara Municipal de Coronel Xavier Chaves\" \/>\n<meta property=\"article:modified_time\" content=\"2026-03-11T21:03:01+00:00\" \/>\n<meta name=\"twitter:card\" content=\"summary_large_image\" \/>\n<meta name=\"twitter:label1\" content=\"Est. tempo de leitura\" \/>\n\t<meta name=\"twitter:data1\" content=\"1 minuto\" \/>\n<script type=\"application\/ld+json\" class=\"yoast-schema-graph\">{\"@context\":\"https:\/\/schema.org\",\"@graph\":[{\"@type\":\"WebPage\",\"@id\":\"https:\/\/camaracxc.mg.gov.br\/site\/expedientes-recebidos\/\",\"url\":\"https:\/\/camaracxc.mg.gov.br\/site\/expedientes-recebidos\/\",\"name\":\"Expedientes Recebidos - C\u00e2mara Municipal de Coronel Xavier Chaves\",\"isPartOf\":{\"@id\":\"https:\/\/camaracxc.mg.gov.br\/site\/#website\"},\"datePublished\":\"2026-03-05T12:32:40+00:00\",\"dateModified\":\"2026-03-11T21:03:01+00:00\",\"breadcrumb\":{\"@id\":\"https:\/\/camaracxc.mg.gov.br\/site\/expedientes-recebidos\/#breadcrumb\"},\"inLanguage\":\"pt-BR\",\"potentialAction\":[{\"@type\":\"ReadAction\",\"target\":[\"https:\/\/camaracxc.mg.gov.br\/site\/expedientes-recebidos\/\"]}]},{\"@type\":\"BreadcrumbList\",\"@id\":\"https:\/\/camaracxc.mg.gov.br\/site\/expedientes-recebidos\/#breadcrumb\",\"itemListElement\":[{\"@type\":\"ListItem\",\"position\":1,\"name\":\"In\u00edcio\",\"item\":\"https:\/\/camaracxc.mg.gov.br\/site\/\"},{\"@type\":\"ListItem\",\"position\":2,\"name\":\"Expedientes Recebidos\"}]},{\"@type\":\"WebSite\",\"@id\":\"https:\/\/camaracxc.mg.gov.br\/site\/#website\",\"url\":\"https:\/\/camaracxc.mg.gov.br\/site\/\",\"name\":\"C\u00e2mara Municipal de Coronel Xavier Chaves\",\"description\":\"\",\"potentialAction\":[{\"@type\":\"SearchAction\",\"target\":{\"@type\":\"EntryPoint\",\"urlTemplate\":\"https:\/\/camaracxc.mg.gov.br\/site\/?s={search_term_string}\"},\"query-input\":{\"@type\":\"PropertyValueSpecification\",\"valueRequired\":true,\"valueName\":\"search_term_string\"}}],\"inLanguage\":\"pt-BR\"}]}<\/script>\n<!-- \/ Yoast SEO plugin. -->","yoast_head_json":{"title":"Expedientes Recebidos - C\u00e2mara Municipal de Coronel Xavier Chaves","robots":{"index":"index","follow":"follow","max-snippet":"max-snippet:-1","max-image-preview":"max-image-preview:large","max-video-preview":"max-video-preview:-1"},"canonical":"https:\/\/camaracxc.mg.gov.br\/site\/expedientes-recebidos\/","og_locale":"pt_BR","og_type":"article","og_title":"Expedientes Recebidos - C\u00e2mara Municipal de Coronel Xavier Chaves","og_description":"Expedientes recebidos 2026: Of\u00edcio 002-2026 da Sec A Social &#8211; Resposta ao Oficio 055.2026 Camara &#8211; Requerimento 09 Of\u00edcio 002-2026 da Sec Obras &#8211; Resposta ao Oficio 008.2026 Camara &#8211; Requerimento 02 Of\u00edcio 003-2026 da Sec Obras &#8211; Resposta ao Oficio 008.2026 Camara &#8211; Requerimento 05 OF\u00cdCIO 08-2026 REUNI\u00c3O (1) Of\u00edcio 009-2026 da Secret\u00e1ria de [&hellip;]","og_url":"https:\/\/camaracxc.mg.gov.br\/site\/expedientes-recebidos\/","og_site_name":"C\u00e2mara Municipal de Coronel Xavier Chaves","article_modified_time":"2026-03-11T21:03:01+00:00","twitter_card":"summary_large_image","twitter_misc":{"Est. tempo de leitura":"1 minuto"},"schema":{"@context":"https:\/\/schema.org","@graph":[{"@type":"WebPage","@id":"https:\/\/camaracxc.mg.gov.br\/site\/expedientes-recebidos\/","url":"https:\/\/camaracxc.mg.gov.br\/site\/expedientes-recebidos\/","name":"Expedientes Recebidos - C\u00e2mara Municipal de Coronel Xavier Chaves","isPartOf":{"@id":"https:\/\/camaracxc.mg.gov.br\/site\/#website"},"datePublished":"2026-03-05T12:32:40+00:00","dateModified":"2026-03-11T21:03:01+00:00","breadcrumb":{"@id":"https:\/\/camaracxc.mg.gov.br\/site\/expedientes-recebidos\/#breadcrumb"},"inLanguage":"pt-BR","potentialAction":[{"@type":"ReadAction","target":["https:\/\/camaracxc.mg.gov.br\/site\/expedientes-recebidos\/"]}]},{"@type":"BreadcrumbList","@id":"https:\/\/camaracxc.mg.gov.br\/site\/expedientes-recebidos\/#breadcrumb","itemListElement":[{"@type":"ListItem","position":1,"name":"In\u00edcio","item":"https:\/\/camaracxc.mg.gov.br\/site\/"},{"@type":"ListItem","position":2,"name":"Expedientes Recebidos"}]},{"@type":"WebSite","@id":"https:\/\/camaracxc.mg.gov.br\/site\/#website","url":"https:\/\/camaracxc.mg.gov.br\/site\/","name":"C\u00e2mara Municipal de Coronel Xavier Chaves","description":"","potentialAction":[{"@type":"SearchAction","target":{"@type":"EntryPoint","urlTemplate":"https:\/\/camaracxc.mg.gov.br\/site\/?s={search_term_string}"},"query-input":{"@type":"PropertyValueSpecification","valueRequired":true,"valueName":"search_term_string"}}],"inLanguage":"pt-BR"}]}},"_links":{"self":[{"href":"https:\/\/camaracxc.mg.gov.br\/site\/wp-json\/wp\/v2\/pages\/3676","targetHints":{"allow":["GET"]}}],"collection":[{"href":"https:\/\/camaracxc.mg.gov.br\/site\/wp-json\/wp\/v2\/pages"}],"about":[{"href":"https:\/\/camaracxc.mg.gov.br\/site\/wp-json\/wp\/v2\/types\/page"}],"author":[{"embeddable":true,"href":"https:\/\/camaracxc.mg.gov.br\/site\/wp-json\/wp\/v2\/users\/2"}],"replies":[{"embeddable":true,"href":"https:\/\/camaracxc.mg.gov.br\/site\/wp-json\/wp\/v2\/comments?post=3676"}],"version-history":[{"count":4,"href":"https:\/\/camaracxc.mg.gov.br\/site\/wp-json\/wp\/v2\/pages\/3676\/revisions"}],"predecessor-version":[{"id":3735,"href":"https:\/\/camaracxc.mg.gov.br\/site\/wp-json\/wp\/v2\/pages\/3676\/revisions\/3735"}],"wp:attachment":[{"href":"https:\/\/camaracxc.mg.gov.br\/site\/wp-json\/wp\/v2\/media?parent=3676"}],"curies":[{"name":"wp","href":"https:\/\/api.w.org\/{rel}","templated":true}]}}