{"id":3368,"date":"2025-05-21T10:56:04","date_gmt":"2025-05-21T13:56:04","guid":{"rendered":"https:\/\/camaracxc.mg.gov.br\/site\/?page_id=3368"},"modified":"2025-12-12T15:26:53","modified_gmt":"2025-12-12T18:26:53","slug":"julgamento-das-contas-de-governo","status":"publish","type":"page","link":"https:\/\/camaracxc.mg.gov.br\/site\/julgamento-das-contas-de-governo\/","title":{"rendered":"Julgamento das Contas de Governo"},"content":{"rendered":"<p style=\"text-align: justify;\">As contas de governo do executivo municipal s\u00e3o um conjunto de demonstrativos e documentos que mostram como ele administrou os recursos p\u00fablicos \u2014 receitas, despesas, cumprimento de metas fiscais, investimentos em sa\u00fade e educa\u00e7\u00e3o, entre outros. Elas s\u00e3o enviadas at\u00e9 o dia 31 de mar\u00e7o do ano anterior ao Tribunal de Contas do Estado (TCEMG), que recebe as contas e faz uma an\u00e1lise t\u00e9cnica e jur\u00eddica, verificando se o or\u00e7amento foi cumprido corretamente, se houve respeito aos limites constitucionais (educa\u00e7\u00e3o, sa\u00fade, despesa com pessoal etc.), se houve irregularidades ou desvios de recursos, ou se a transpar\u00eancia foi respeitada. Ao final, o TCE emite um parecer pr\u00e9vio recomendando a aprova\u00e7\u00e3o ou rejei\u00e7\u00e3o das contas. O parecer n\u00e3o \u00e9 vinculativo, ou seja, a decis\u00e3o final cabe \u00e0 C\u00e2mara de Vereadores, que faz o julgamento pol\u00edtico das contas.<\/p>\n<ul>\n<li>2024<\/li>\n<\/ul>\n<p><a href=\"https:\/\/camaracxc.mg.gov.br\/site\/wp-content\/uploads\/2025\/12\/Ata-de-Aprovacao-das-contas-2024.pdf\" target=\"_blank\" rel=\"noopener\">Ata de Aprova\u00e7\u00e3o das contas &#8211; 2024<\/a><\/p>\n<p><a href=\"https:\/\/camaracxc.mg.gov.br\/site\/wp-content\/uploads\/2025\/12\/Decreto-Legislativo-no-06-2025-Contas-2024.pdf\" target=\"_blank\" rel=\"noopener\">Decreto Legislativo n\u00ba 06-2025 &#8211; Contas 2024<\/a><\/p>\n<ul>\n<li>2023<\/li>\n<\/ul>\n<p><a href=\"https:\/\/camaracxc.mg.gov.br\/site\/wp-content\/uploads\/2025\/05\/Ata-de-Aprovacao-das-contas-2023.pdf\">Ata de Aprova\u00e7\u00e3o das contas &#8211; 2023<\/a><\/p>\n<p><a href=\"https:\/\/camaracxc.mg.gov.br\/site\/wp-content\/uploads\/2025\/05\/Decreto-Legislativo-no-01-2025-Contas-2023.pdf\">Decreto Legislativo n\u00ba 01-2025 &#8211; Contas 2023<\/a><\/p>\n<ul>\n<li>2022<\/li>\n<\/ul>\n<p><a href=\"https:\/\/camaracxc.mg.gov.br\/site\/wp-content\/uploads\/2025\/05\/Ata-de-Aprovacao-das-contas-2022.pdf\">Ata de Aprova\u00e7\u00e3o das contas &#8211; 2022<\/a><\/p>\n<p><a href=\"https:\/\/camaracxc.mg.gov.br\/site\/wp-content\/uploads\/2025\/05\/Decreto-Legislativo-no-13-2024-Contas-2022.pdf\">Decreto Legislativo n\u00ba 13-2024 &#8211; Contas 2022<\/a><\/p>\n<ul>\n<li>2021<\/li>\n<\/ul>\n<p><a href=\"https:\/\/camaracxc.mg.gov.br\/site\/wp-content\/uploads\/2025\/05\/Ata-de-Aprovacao-das-contas-2021.pdf\">Ata de Aprova\u00e7\u00e3o das contas &#8211; 2021<\/a><\/p>\n<p><a href=\"https:\/\/camaracxc.mg.gov.br\/site\/wp-content\/uploads\/2025\/05\/Decreto-Legislativo-no-01-2023-Contas-2021.pdf\">Decreto Legislativo n\u00ba 01-2023 &#8211; Contas 2021<\/a><\/p>\n<ul>\n<li>2020<\/li>\n<\/ul>\n<p><a href=\"https:\/\/camaracxc.mg.gov.br\/site\/wp-content\/uploads\/2025\/05\/Ata-de-Aprovacao-das-contas-2020.pdf\">Ata de Aprova\u00e7\u00e3o das contas &#8211; 2020<\/a><\/p>\n<p><a href=\"https:\/\/camaracxc.mg.gov.br\/site\/wp-content\/uploads\/2025\/05\/Decreto-Legislativo-no-01-2022-Contas-2020.pdf\">Decreto Legislativo n\u00ba 01-2022 &#8211; Contas 2020<\/a><\/p>\n<ul>\n<li>2019<\/li>\n<\/ul>\n<p><a href=\"https:\/\/camaracxc.mg.gov.br\/site\/wp-content\/uploads\/2025\/05\/Ata-de-Aprovacao-das-contas-2019.pdf\">Ata de Aprova\u00e7\u00e3o das contas &#8211; 2019<\/a><\/p>\n<p><a href=\"https:\/\/camaracxc.mg.gov.br\/site\/wp-content\/uploads\/2025\/05\/Decreto-Legislativo-no-04-2021-Contas-2019.pdf\">Decreto Legislativo n\u00ba 04-2021 &#8211; Contas 2019<\/a><\/p>\n<ul>\n<li>2018<\/li>\n<\/ul>\n<p><a href=\"https:\/\/camaracxc.mg.gov.br\/site\/wp-content\/uploads\/2025\/05\/Ata-de-Aprovacao-das-contas-2018.pdf\">Ata de Aprova\u00e7\u00e3o das contas &#8211; 2018<\/a><\/p>\n<p><a href=\"https:\/\/camaracxc.mg.gov.br\/site\/wp-content\/uploads\/2025\/05\/Decreto-Legislativo-no-05-2020-Contas-2018.pdf\">Decreto Legislativo n\u00ba 05-2020 &#8211; Contas 2018<\/a><\/p>\n","protected":false},"excerpt":{"rendered":"<p>As contas de governo do executivo municipal s\u00e3o um conjunto de demonstrativos e documentos que mostram como ele administrou os recursos p\u00fablicos \u2014 receitas, despesas, cumprimento de metas fiscais, investimentos em sa\u00fade e educa\u00e7\u00e3o, entre outros. Elas s\u00e3o enviadas at\u00e9 o dia 31 de mar\u00e7o do ano anterior ao Tribunal de Contas do Estado (TCEMG), [&hellip;]<\/p>\n","protected":false},"author":5,"featured_media":0,"parent":0,"menu_order":0,"comment_status":"closed","ping_status":"closed","template":"","meta":{"footnotes":"","_links_to":"","_links_to_target":""},"class_list":["post-3368","page","type-page","status-publish"],"yoast_head":"<!-- This site is optimized with the Yoast SEO plugin v27.1.1 - https:\/\/yoast.com\/product\/yoast-seo-wordpress\/ -->\n<title>Julgamento das Contas de Governo - C\u00e2mara Municipal de Coronel Xavier Chaves<\/title>\n<meta name=\"robots\" content=\"index, follow, max-snippet:-1, max-image-preview:large, max-video-preview:-1\" \/>\n<link rel=\"canonical\" href=\"https:\/\/camaracxc.mg.gov.br\/site\/julgamento-das-contas-de-governo\/\" \/>\n<meta property=\"og:locale\" content=\"pt_BR\" \/>\n<meta property=\"og:type\" content=\"article\" \/>\n<meta property=\"og:title\" content=\"Julgamento das Contas de Governo - C\u00e2mara Municipal de Coronel Xavier Chaves\" \/>\n<meta property=\"og:description\" content=\"As contas de governo do executivo municipal s\u00e3o um conjunto de demonstrativos e documentos que mostram como ele administrou os recursos p\u00fablicos \u2014 receitas, despesas, cumprimento de metas fiscais, investimentos em sa\u00fade e educa\u00e7\u00e3o, entre outros. Elas s\u00e3o enviadas at\u00e9 o dia 31 de mar\u00e7o do ano anterior ao Tribunal de Contas do Estado (TCEMG), [&hellip;]\" \/>\n<meta property=\"og:url\" content=\"https:\/\/camaracxc.mg.gov.br\/site\/julgamento-das-contas-de-governo\/\" \/>\n<meta property=\"og:site_name\" content=\"C\u00e2mara Municipal de Coronel Xavier Chaves\" \/>\n<meta property=\"article:modified_time\" content=\"2025-12-12T18:26:53+00:00\" \/>\n<meta name=\"twitter:card\" content=\"summary_large_image\" \/>\n<meta name=\"twitter:label1\" content=\"Est. tempo de leitura\" \/>\n\t<meta name=\"twitter:data1\" content=\"1 minuto\" \/>\n<script type=\"application\/ld+json\" class=\"yoast-schema-graph\">{\"@context\":\"https:\/\/schema.org\",\"@graph\":[{\"@type\":\"WebPage\",\"@id\":\"https:\/\/camaracxc.mg.gov.br\/site\/julgamento-das-contas-de-governo\/\",\"url\":\"https:\/\/camaracxc.mg.gov.br\/site\/julgamento-das-contas-de-governo\/\",\"name\":\"Julgamento das Contas de Governo - C\u00e2mara Municipal de Coronel Xavier Chaves\",\"isPartOf\":{\"@id\":\"https:\/\/camaracxc.mg.gov.br\/site\/#website\"},\"datePublished\":\"2025-05-21T13:56:04+00:00\",\"dateModified\":\"2025-12-12T18:26:53+00:00\",\"breadcrumb\":{\"@id\":\"https:\/\/camaracxc.mg.gov.br\/site\/julgamento-das-contas-de-governo\/#breadcrumb\"},\"inLanguage\":\"pt-BR\",\"potentialAction\":[{\"@type\":\"ReadAction\",\"target\":[\"https:\/\/camaracxc.mg.gov.br\/site\/julgamento-das-contas-de-governo\/\"]}]},{\"@type\":\"BreadcrumbList\",\"@id\":\"https:\/\/camaracxc.mg.gov.br\/site\/julgamento-das-contas-de-governo\/#breadcrumb\",\"itemListElement\":[{\"@type\":\"ListItem\",\"position\":1,\"name\":\"In\u00edcio\",\"item\":\"https:\/\/camaracxc.mg.gov.br\/site\/\"},{\"@type\":\"ListItem\",\"position\":2,\"name\":\"Julgamento das Contas de Governo\"}]},{\"@type\":\"WebSite\",\"@id\":\"https:\/\/camaracxc.mg.gov.br\/site\/#website\",\"url\":\"https:\/\/camaracxc.mg.gov.br\/site\/\",\"name\":\"C\u00e2mara Municipal de Coronel Xavier Chaves\",\"description\":\"\",\"potentialAction\":[{\"@type\":\"SearchAction\",\"target\":{\"@type\":\"EntryPoint\",\"urlTemplate\":\"https:\/\/camaracxc.mg.gov.br\/site\/?s={search_term_string}\"},\"query-input\":{\"@type\":\"PropertyValueSpecification\",\"valueRequired\":true,\"valueName\":\"search_term_string\"}}],\"inLanguage\":\"pt-BR\"}]}<\/script>\n<!-- \/ Yoast SEO plugin. -->","yoast_head_json":{"title":"Julgamento das Contas de Governo - C\u00e2mara Municipal de Coronel Xavier Chaves","robots":{"index":"index","follow":"follow","max-snippet":"max-snippet:-1","max-image-preview":"max-image-preview:large","max-video-preview":"max-video-preview:-1"},"canonical":"https:\/\/camaracxc.mg.gov.br\/site\/julgamento-das-contas-de-governo\/","og_locale":"pt_BR","og_type":"article","og_title":"Julgamento das Contas de Governo - C\u00e2mara Municipal de Coronel Xavier Chaves","og_description":"As contas de governo do executivo municipal s\u00e3o um conjunto de demonstrativos e documentos que mostram como ele administrou os recursos p\u00fablicos \u2014 receitas, despesas, cumprimento de metas fiscais, investimentos em sa\u00fade e educa\u00e7\u00e3o, entre outros. Elas s\u00e3o enviadas at\u00e9 o dia 31 de mar\u00e7o do ano anterior ao Tribunal de Contas do Estado (TCEMG), [&hellip;]","og_url":"https:\/\/camaracxc.mg.gov.br\/site\/julgamento-das-contas-de-governo\/","og_site_name":"C\u00e2mara Municipal de Coronel Xavier Chaves","article_modified_time":"2025-12-12T18:26:53+00:00","twitter_card":"summary_large_image","twitter_misc":{"Est. tempo de leitura":"1 minuto"},"schema":{"@context":"https:\/\/schema.org","@graph":[{"@type":"WebPage","@id":"https:\/\/camaracxc.mg.gov.br\/site\/julgamento-das-contas-de-governo\/","url":"https:\/\/camaracxc.mg.gov.br\/site\/julgamento-das-contas-de-governo\/","name":"Julgamento das Contas de Governo - C\u00e2mara Municipal de Coronel Xavier Chaves","isPartOf":{"@id":"https:\/\/camaracxc.mg.gov.br\/site\/#website"},"datePublished":"2025-05-21T13:56:04+00:00","dateModified":"2025-12-12T18:26:53+00:00","breadcrumb":{"@id":"https:\/\/camaracxc.mg.gov.br\/site\/julgamento-das-contas-de-governo\/#breadcrumb"},"inLanguage":"pt-BR","potentialAction":[{"@type":"ReadAction","target":["https:\/\/camaracxc.mg.gov.br\/site\/julgamento-das-contas-de-governo\/"]}]},{"@type":"BreadcrumbList","@id":"https:\/\/camaracxc.mg.gov.br\/site\/julgamento-das-contas-de-governo\/#breadcrumb","itemListElement":[{"@type":"ListItem","position":1,"name":"In\u00edcio","item":"https:\/\/camaracxc.mg.gov.br\/site\/"},{"@type":"ListItem","position":2,"name":"Julgamento das Contas de Governo"}]},{"@type":"WebSite","@id":"https:\/\/camaracxc.mg.gov.br\/site\/#website","url":"https:\/\/camaracxc.mg.gov.br\/site\/","name":"C\u00e2mara Municipal de Coronel Xavier Chaves","description":"","potentialAction":[{"@type":"SearchAction","target":{"@type":"EntryPoint","urlTemplate":"https:\/\/camaracxc.mg.gov.br\/site\/?s={search_term_string}"},"query-input":{"@type":"PropertyValueSpecification","valueRequired":true,"valueName":"search_term_string"}}],"inLanguage":"pt-BR"}]}},"_links":{"self":[{"href":"https:\/\/camaracxc.mg.gov.br\/site\/wp-json\/wp\/v2\/pages\/3368","targetHints":{"allow":["GET"]}}],"collection":[{"href":"https:\/\/camaracxc.mg.gov.br\/site\/wp-json\/wp\/v2\/pages"}],"about":[{"href":"https:\/\/camaracxc.mg.gov.br\/site\/wp-json\/wp\/v2\/types\/page"}],"author":[{"embeddable":true,"href":"https:\/\/camaracxc.mg.gov.br\/site\/wp-json\/wp\/v2\/users\/5"}],"replies":[{"embeddable":true,"href":"https:\/\/camaracxc.mg.gov.br\/site\/wp-json\/wp\/v2\/comments?post=3368"}],"version-history":[{"count":5,"href":"https:\/\/camaracxc.mg.gov.br\/site\/wp-json\/wp\/v2\/pages\/3368\/revisions"}],"predecessor-version":[{"id":3574,"href":"https:\/\/camaracxc.mg.gov.br\/site\/wp-json\/wp\/v2\/pages\/3368\/revisions\/3574"}],"wp:attachment":[{"href":"https:\/\/camaracxc.mg.gov.br\/site\/wp-json\/wp\/v2\/media?parent=3368"}],"curies":[{"name":"wp","href":"https:\/\/api.w.org\/{rel}","templated":true}]}}