{"id":3353,"date":"2025-05-21T08:44:56","date_gmt":"2025-05-21T11:44:56","guid":{"rendered":"https:\/\/camaracxc.mg.gov.br\/site\/?page_id=3353"},"modified":"2026-05-12T15:24:24","modified_gmt":"2026-05-12T18:24:24","slug":"tabelas_remuneracoes_diarias","status":"publish","type":"page","link":"https:\/\/camaracxc.mg.gov.br\/site\/tabelas_remuneracoes_diarias\/","title":{"rendered":"Tabelas Vigentes de Remunera\u00e7\u00f5es e Di\u00e1rias"},"content":{"rendered":"<p style=\"text-align: justify;\">A divulga\u00e7\u00e3o das tabelas remunerat\u00f3rias de um ente p\u00fablico \u00e9 um imperativo do Princ\u00edpio da Publicidade, estabelecido no Art. 37 da Constitui\u00e7\u00e3o Federal, que exige total transpar\u00eancia na gest\u00e3o da m\u00e1quina estatal. Essa pr\u00e1tica \u00e9 refor\u00e7ada pela Lei de Acesso \u00e0 Informa\u00e7\u00e3o (Lei n\u00ba 12.527\/2011), que define a transpar\u00eancia ativa como a regra, permitindo que a sociedade exer\u00e7a o controle social sobre o destino dos recursos tribut\u00e1rios. Ao disponibilizar esses dados, o ente p\u00fablico n\u00e3o apenas cumpre um dever legal, mas tamb\u00e9m promove a \u00e9tica e a integridade administrativa, garantindo que o interesse p\u00fablico prevale\u00e7a sobre o sigilo injustificado de gastos com pessoal, conforme tabela abaixo:<\/p>\n<table style=\"border-collapse: collapse; width: 100%; height: 182px;\">\n<tbody>\n<tr style=\"height: 26px;\">\n<td style=\"width: 28.7356%; height: 26px; text-align: center;\"><strong>CARGO\/FUN\u00c7\u00c3O<\/strong><\/td>\n<td style=\"width: 34.0517%; height: 26px; text-align: center;\"><strong>VENCIMENTO\/SUBS\u00cdDIO<\/strong><\/td>\n<td style=\"width: 37.2126%; height: 26px; text-align: center;\"><strong>Lei que estabeleceu<\/strong><\/td>\n<\/tr>\n<tr style=\"height: 52px;\">\n<td style=\"width: 28.7356%; height: 52px;\"><strong>Oficial Administrativo do Legislativo<\/strong><\/td>\n<td style=\"width: 34.0517%; height: 52px; text-align: right;\">R$ 4.281,85<\/td>\n<td style=\"width: 37.2126%; height: 104px; text-align: center;\" rowspan=\"2\">Lei Complementar n\u00b0 1.566, de 19 de janeiro de 2026<\/td>\n<\/tr>\n<tr style=\"height: 52px;\">\n<td style=\"width: 28.7356%; height: 52px;\"><strong>Assistente Jur\u00eddico do Legislativo<\/strong><\/td>\n<td style=\"width: 34.0517%; height: 52px; text-align: right;\">R$ 2.783,19<\/td>\n<\/tr>\n<tr style=\"height: 52px;\">\n<td style=\"width: 28.7356%; height: 52px;\"><strong>Vereador<\/strong><\/td>\n<td style=\"width: 34.0517%; height: 52px; text-align: right;\">R$ 2.000,00<\/td>\n<td style=\"width: 37.2126%; height: 52px; text-align: center;\">Lei Municipal n\u00b0 1.469, de 18 de mar\u00e7o de 2024<\/td>\n<\/tr>\n<\/tbody>\n<\/table>\n<p>&nbsp;<\/p>\n<p style=\"text-align: justify;\">Conforme disposto pela Lei Municipal n\u00b0 1.223, de 05 de novembro de 2018, o Poder P\u00fablico pode cobrir despesas quando do deslocamento de vereadores e servidores efetivos, comissionados ou contratados do Munic\u00edpio em virtude de servi\u00e7o eventual e transit\u00f3rio, no interesse do Legislativo Municipal. Os valores vigentes das di\u00e1rias s\u00e3o determinados pela Lei Municipal n\u00b0 1.384, de 27 de junho de 2022, conforme tabela abaixo:<\/p>\n<table style=\"border-collapse: collapse; width: 100%;\">\n<tbody>\n<tr>\n<td style=\"width: 5.37765%; text-align: center;\"><strong>CARGO\/ FUN\u00c7\u00c3O<\/strong><\/td>\n<td style=\"width: 11.6994%; text-align: center;\"><strong>Di\u00e1rias<\/strong><\/td>\n<td style=\"width: 17.5902%; text-align: center;\"><strong>Munic\u00edpios com dist\u00e2ncia de at\u00e9 50 km<\/strong><\/td>\n<td style=\"width: 19.1709%; text-align: center;\"><strong>Munic\u00edpios com dist\u00e2ncia de 51 a 100 km<\/strong><\/td>\n<td style=\"width: 16.4409%; text-align: center;\"><strong>Munic\u00edpios com dist\u00e2ncia de 101 a 250 km<\/strong><\/td>\n<td style=\"width: 15.4351%; text-align: center;\"><strong>Munic\u00edpios com dist\u00e2ncia de 251 a 500 km<\/strong><\/td>\n<td style=\"width: 14.2857%; text-align: center;\"><strong>Munic\u00edpios com dist\u00e2ncia de 501 a 1.000 km<\/strong><\/td>\n<\/tr>\n<tr>\n<td style=\"width: 5.37765%; text-align: center;\" rowspan=\"2\"><strong>Servidores<\/strong><\/td>\n<td style=\"width: 11.6994%; text-align: center;\"><strong>Inteira<\/strong><\/td>\n<td style=\"width: 17.5902%; text-align: right;\">R$ 150,00<\/td>\n<td style=\"width: 19.1709%; text-align: right;\">R$ 190,00<\/td>\n<td style=\"width: 16.4409%; text-align: right;\">R$ 280,00<\/td>\n<td style=\"width: 15.4351%; text-align: right;\">R$ 310,00<\/td>\n<td style=\"width: 14.2857%; text-align: right;\">R$ 425,00<\/td>\n<\/tr>\n<tr>\n<td style=\"width: 11.6994%; text-align: center;\"><strong>Parcial<\/strong><\/td>\n<td style=\"width: 17.5902%; text-align: right;\">R$ 60,00<\/td>\n<td style=\"width: 19.1709%; text-align: right;\">R$ 80,00<\/td>\n<td style=\"width: 16.4409%; text-align: right;\">R$ 110,00<\/td>\n<td style=\"width: 15.4351%; text-align: right;\">R$ 130,00<\/td>\n<td style=\"width: 14.2857%; text-align: right;\">R$ 170,00<\/td>\n<\/tr>\n<tr>\n<td style=\"width: 5.37765%; text-align: center;\" rowspan=\"2\"><strong>Vereadores<\/strong><\/td>\n<td style=\"width: 11.6994%; text-align: center;\"><strong>Inteira<\/strong><\/td>\n<td style=\"width: 17.5902%; text-align: right;\">R$ 190,00<\/td>\n<td style=\"width: 19.1709%; text-align: right;\">R$ 250,00<\/td>\n<td style=\"width: 16.4409%; text-align: right;\">R$ 320,00<\/td>\n<td style=\"width: 15.4351%; text-align: right;\">R$ 500,00<\/td>\n<td style=\"width: 14.2857%; text-align: right;\">R$ 730,00<\/td>\n<\/tr>\n<tr>\n<td style=\"width: 11.6994%; text-align: center;\"><strong>Parcial<\/strong><\/td>\n<td style=\"width: 17.5902%; text-align: right;\">R$ 70,00<\/td>\n<td style=\"width: 19.1709%; text-align: right;\">R$ 100,00<\/td>\n<td style=\"width: 16.4409%; text-align: right;\">R$ 150,00<\/td>\n<td style=\"width: 15.4351%; text-align: right;\">R$ 200,00<\/td>\n<td style=\"width: 14.2857%; text-align: right;\">R$ 290,00<\/td>\n<\/tr>\n<\/tbody>\n<\/table>\n<p>&nbsp;<\/p>\n","protected":false},"excerpt":{"rendered":"<p>A divulga\u00e7\u00e3o das tabelas remunerat\u00f3rias de um ente p\u00fablico \u00e9 um imperativo do Princ\u00edpio da Publicidade, estabelecido no Art. 37 da Constitui\u00e7\u00e3o Federal, que exige total transpar\u00eancia na gest\u00e3o da m\u00e1quina estatal. Essa pr\u00e1tica \u00e9 refor\u00e7ada pela Lei de Acesso \u00e0 Informa\u00e7\u00e3o (Lei n\u00ba 12.527\/2011), que define a transpar\u00eancia ativa como a regra, permitindo que [&hellip;]<\/p>\n","protected":false},"author":5,"featured_media":0,"parent":0,"menu_order":0,"comment_status":"closed","ping_status":"closed","template":"","meta":{"footnotes":"","_links_to":"","_links_to_target":""},"class_list":["post-3353","page","type-page","status-publish"],"yoast_head":"<!-- This site is optimized with the Yoast SEO plugin v27.6 - https:\/\/yoast.com\/product\/yoast-seo-wordpress\/ -->\n<title>Tabelas Vigentes de Remunera\u00e7\u00f5es e Di\u00e1rias - C\u00e2mara Municipal de Coronel Xavier Chaves<\/title>\n<meta name=\"robots\" content=\"index, follow, max-snippet:-1, max-image-preview:large, max-video-preview:-1\" \/>\n<link rel=\"canonical\" href=\"https:\/\/camaracxc.mg.gov.br\/site\/tabelas_remuneracoes_diarias\/\" \/>\n<meta property=\"og:locale\" content=\"pt_BR\" \/>\n<meta property=\"og:type\" content=\"article\" \/>\n<meta property=\"og:title\" content=\"Tabelas Vigentes de Remunera\u00e7\u00f5es e Di\u00e1rias - C\u00e2mara Municipal de Coronel Xavier Chaves\" \/>\n<meta property=\"og:description\" content=\"A divulga\u00e7\u00e3o das tabelas remunerat\u00f3rias de um ente p\u00fablico \u00e9 um imperativo do Princ\u00edpio da Publicidade, estabelecido no Art. 37 da Constitui\u00e7\u00e3o Federal, que exige total transpar\u00eancia na gest\u00e3o da m\u00e1quina estatal. Essa pr\u00e1tica \u00e9 refor\u00e7ada pela Lei de Acesso \u00e0 Informa\u00e7\u00e3o (Lei n\u00ba 12.527\/2011), que define a transpar\u00eancia ativa como a regra, permitindo que [&hellip;]\" \/>\n<meta property=\"og:url\" content=\"https:\/\/camaracxc.mg.gov.br\/site\/tabelas_remuneracoes_diarias\/\" \/>\n<meta property=\"og:site_name\" content=\"C\u00e2mara Municipal de Coronel Xavier Chaves\" \/>\n<meta property=\"article:modified_time\" content=\"2026-05-12T18:24:24+00:00\" \/>\n<meta name=\"twitter:card\" content=\"summary_large_image\" \/>\n<meta name=\"twitter:label1\" content=\"Est. tempo de leitura\" \/>\n\t<meta name=\"twitter:data1\" content=\"1 minuto\" \/>\n<script type=\"application\/ld+json\" class=\"yoast-schema-graph\">{\"@context\":\"https:\\\/\\\/schema.org\",\"@graph\":[{\"@type\":\"WebPage\",\"@id\":\"https:\\\/\\\/camaracxc.mg.gov.br\\\/site\\\/tabelas_remuneracoes_diarias\\\/\",\"url\":\"https:\\\/\\\/camaracxc.mg.gov.br\\\/site\\\/tabelas_remuneracoes_diarias\\\/\",\"name\":\"Tabelas Vigentes de Remunera\u00e7\u00f5es e Di\u00e1rias - C\u00e2mara Municipal de Coronel Xavier Chaves\",\"isPartOf\":{\"@id\":\"https:\\\/\\\/camaracxc.mg.gov.br\\\/site\\\/#website\"},\"datePublished\":\"2025-05-21T11:44:56+00:00\",\"dateModified\":\"2026-05-12T18:24:24+00:00\",\"breadcrumb\":{\"@id\":\"https:\\\/\\\/camaracxc.mg.gov.br\\\/site\\\/tabelas_remuneracoes_diarias\\\/#breadcrumb\"},\"inLanguage\":\"pt-BR\",\"potentialAction\":[{\"@type\":\"ReadAction\",\"target\":[\"https:\\\/\\\/camaracxc.mg.gov.br\\\/site\\\/tabelas_remuneracoes_diarias\\\/\"]}]},{\"@type\":\"BreadcrumbList\",\"@id\":\"https:\\\/\\\/camaracxc.mg.gov.br\\\/site\\\/tabelas_remuneracoes_diarias\\\/#breadcrumb\",\"itemListElement\":[{\"@type\":\"ListItem\",\"position\":1,\"name\":\"In\u00edcio\",\"item\":\"https:\\\/\\\/camaracxc.mg.gov.br\\\/site\\\/\"},{\"@type\":\"ListItem\",\"position\":2,\"name\":\"Tabelas Vigentes de Remunera\u00e7\u00f5es e Di\u00e1rias\"}]},{\"@type\":\"WebSite\",\"@id\":\"https:\\\/\\\/camaracxc.mg.gov.br\\\/site\\\/#website\",\"url\":\"https:\\\/\\\/camaracxc.mg.gov.br\\\/site\\\/\",\"name\":\"C\u00e2mara Municipal de Coronel Xavier Chaves\",\"description\":\"\",\"potentialAction\":[{\"@type\":\"SearchAction\",\"target\":{\"@type\":\"EntryPoint\",\"urlTemplate\":\"https:\\\/\\\/camaracxc.mg.gov.br\\\/site\\\/?s={search_term_string}\"},\"query-input\":{\"@type\":\"PropertyValueSpecification\",\"valueRequired\":true,\"valueName\":\"search_term_string\"}}],\"inLanguage\":\"pt-BR\"}]}<\/script>\n<!-- \/ Yoast SEO plugin. -->","yoast_head_json":{"title":"Tabelas Vigentes de Remunera\u00e7\u00f5es e Di\u00e1rias - C\u00e2mara Municipal de Coronel Xavier Chaves","robots":{"index":"index","follow":"follow","max-snippet":"max-snippet:-1","max-image-preview":"max-image-preview:large","max-video-preview":"max-video-preview:-1"},"canonical":"https:\/\/camaracxc.mg.gov.br\/site\/tabelas_remuneracoes_diarias\/","og_locale":"pt_BR","og_type":"article","og_title":"Tabelas Vigentes de Remunera\u00e7\u00f5es e Di\u00e1rias - C\u00e2mara Municipal de Coronel Xavier Chaves","og_description":"A divulga\u00e7\u00e3o das tabelas remunerat\u00f3rias de um ente p\u00fablico \u00e9 um imperativo do Princ\u00edpio da Publicidade, estabelecido no Art. 37 da Constitui\u00e7\u00e3o Federal, que exige total transpar\u00eancia na gest\u00e3o da m\u00e1quina estatal. Essa pr\u00e1tica \u00e9 refor\u00e7ada pela Lei de Acesso \u00e0 Informa\u00e7\u00e3o (Lei n\u00ba 12.527\/2011), que define a transpar\u00eancia ativa como a regra, permitindo que [&hellip;]","og_url":"https:\/\/camaracxc.mg.gov.br\/site\/tabelas_remuneracoes_diarias\/","og_site_name":"C\u00e2mara Municipal de Coronel Xavier Chaves","article_modified_time":"2026-05-12T18:24:24+00:00","twitter_card":"summary_large_image","twitter_misc":{"Est. tempo de leitura":"1 minuto"},"schema":{"@context":"https:\/\/schema.org","@graph":[{"@type":"WebPage","@id":"https:\/\/camaracxc.mg.gov.br\/site\/tabelas_remuneracoes_diarias\/","url":"https:\/\/camaracxc.mg.gov.br\/site\/tabelas_remuneracoes_diarias\/","name":"Tabelas Vigentes de Remunera\u00e7\u00f5es e Di\u00e1rias - C\u00e2mara Municipal de Coronel Xavier Chaves","isPartOf":{"@id":"https:\/\/camaracxc.mg.gov.br\/site\/#website"},"datePublished":"2025-05-21T11:44:56+00:00","dateModified":"2026-05-12T18:24:24+00:00","breadcrumb":{"@id":"https:\/\/camaracxc.mg.gov.br\/site\/tabelas_remuneracoes_diarias\/#breadcrumb"},"inLanguage":"pt-BR","potentialAction":[{"@type":"ReadAction","target":["https:\/\/camaracxc.mg.gov.br\/site\/tabelas_remuneracoes_diarias\/"]}]},{"@type":"BreadcrumbList","@id":"https:\/\/camaracxc.mg.gov.br\/site\/tabelas_remuneracoes_diarias\/#breadcrumb","itemListElement":[{"@type":"ListItem","position":1,"name":"In\u00edcio","item":"https:\/\/camaracxc.mg.gov.br\/site\/"},{"@type":"ListItem","position":2,"name":"Tabelas Vigentes de Remunera\u00e7\u00f5es e Di\u00e1rias"}]},{"@type":"WebSite","@id":"https:\/\/camaracxc.mg.gov.br\/site\/#website","url":"https:\/\/camaracxc.mg.gov.br\/site\/","name":"C\u00e2mara Municipal de Coronel Xavier Chaves","description":"","potentialAction":[{"@type":"SearchAction","target":{"@type":"EntryPoint","urlTemplate":"https:\/\/camaracxc.mg.gov.br\/site\/?s={search_term_string}"},"query-input":{"@type":"PropertyValueSpecification","valueRequired":true,"valueName":"search_term_string"}}],"inLanguage":"pt-BR"}]}},"_links":{"self":[{"href":"https:\/\/camaracxc.mg.gov.br\/site\/wp-json\/wp\/v2\/pages\/3353","targetHints":{"allow":["GET"]}}],"collection":[{"href":"https:\/\/camaracxc.mg.gov.br\/site\/wp-json\/wp\/v2\/pages"}],"about":[{"href":"https:\/\/camaracxc.mg.gov.br\/site\/wp-json\/wp\/v2\/types\/page"}],"author":[{"embeddable":true,"href":"https:\/\/camaracxc.mg.gov.br\/site\/wp-json\/wp\/v2\/users\/5"}],"replies":[{"embeddable":true,"href":"https:\/\/camaracxc.mg.gov.br\/site\/wp-json\/wp\/v2\/comments?post=3353"}],"version-history":[{"count":6,"href":"https:\/\/camaracxc.mg.gov.br\/site\/wp-json\/wp\/v2\/pages\/3353\/revisions"}],"predecessor-version":[{"id":3788,"href":"https:\/\/camaracxc.mg.gov.br\/site\/wp-json\/wp\/v2\/pages\/3353\/revisions\/3788"}],"wp:attachment":[{"href":"https:\/\/camaracxc.mg.gov.br\/site\/wp-json\/wp\/v2\/media?parent=3353"}],"curies":[{"name":"wp","href":"https:\/\/api.w.org\/{rel}","templated":true}]}}