{"id":31,"date":"2021-01-21T11:28:52","date_gmt":"2021-01-21T14:28:52","guid":{"rendered":"http:\/\/camaracxc.mg.gov.br\/site\/?page_id=31"},"modified":"2021-01-22T12:41:47","modified_gmt":"2021-01-22T15:41:47","slug":"proximas-reunioes","status":"publish","type":"page","link":"https:\/\/camaracxc.mg.gov.br\/site\/proximas-reunioes\/","title":{"rendered":"Pr\u00f3ximas Reuni\u00f5es"},"content":{"rendered":"<div class=\"pt-cv-wrapper\"><div class=\"pt-cv-view pt-cv-collapsible\" id=\"pt-cv-view-619dbffnol\"><div data-id=\"pt-cv-page-1\" class=\"pt-cv-page\" data-cvc=\"1\"><div class=\"panel-group\" id=\"5687098na6\"><div class=\"panel panel-default pt-cv-content-item pt-cv-1-col\" >\r\n<div class=\"panel-heading pt-cv-title\">\r\n    <a class=\"panel-title\" data-toggle=\"cvcollapse\" data-parent=\"#5687098na6\" data-target=\"#19cbd472gn\" href='https:\/\/camaracxc.mg.gov.br\/site\/reuniao\/' onclick='event.preventDefault()'>\r\n\t\tPr\u00f3xima Reuni\u00e3o\t<\/a>\r\n\t<\/div>\r\n<div id=\"19cbd472gn\" class=\"panel-collapse collapse in\">\r\n\t<div class=\"panel-body\">\r\n\t\t<div class=\"pt-cv-content\"><p>&nbsp;<\/p>\n<p><span style=\"text-decoration: underline; font-size: 10pt;\"><strong>6\u00aa reuni\u00e3o ordin\u00e1ria do 1\u00ba per\u00edodo de 2026 da 16\u00aa Legislatura<\/strong><\/span><br \/>\n<span style=\"font-size: 10pt;\">Data:<strong> 13 de abril de 2026<\/strong><\/span><br \/>\n<span style=\"font-size: 10pt;\">Hor\u00e1rio:\u00a0<strong>18:30h<\/strong><\/span><br \/>\n<span style=\"font-size: 10pt;\">Local<strong>:\u00a0<\/strong><strong>Plen\u00e1rio Vereador Jos\u00e9 de F\u00e1tima Aparecida Chaves &#8211; Godinho.<\/strong><\/span><br \/>\n<span style=\"font-size: 10pt;\">Pauta:<\/span><\/p>\n<ul>\n<li><span style=\"font-size: 10pt;\">Ata da 5\u00aa reuni\u00e3o ordin\u00e1ria do 1\u00ba per\u00edodo de 2026, realizada em 23 de mar\u00e7o de 2026;<\/span><\/li>\n<\/ul>\n<p><span style=\"font-size: 10pt;\">Leitura de expedientes\u00a0\u00a0<\/span><\/p>\n<ul>\n<li><span style=\"font-size: 10pt;\">LEITURA DE EXPEDIENTES:<\/span><\/li>\n<\/ul>\n<p><span style=\"font-size: 10pt;\">_ Presta\u00e7\u00e3o de contas da ARCEL \u2013 Associa\u00e7\u00e3o Rural e Comunit\u00e1ria de Coronel Xavier Chaves sobre o m\u00eas de fevereiro de 2026;<\/span><\/p>\n<p><span style=\"font-size: 10pt;\">_ Proposta do Programa Roteiros de Minas visando \u00e0 realiza\u00e7\u00e3o de promo\u00e7\u00e3o institucional do evento Festival do Queijo de Coronel Xavier Chaves;<\/span><\/p>\n<p><span style=\"font-size: 10pt;\">_ Of\u00edcio n\u00ba 017\/2025 do Cart\u00f3rio de Registro Civil das Pessoas Naturais e Tabelionato de Notas de Coronel Xavier Chaves que informa sobre a celebra\u00e7\u00e3o coletiva (Comunit\u00e1ria) de Casamentos nesta serventia.<\/span><\/p>\n<p><span style=\"font-size: 10pt;\">_ Of\u00edcio n\u00ba 156\/2026 da Prefeitura Municipal de Coronel Xavier Chaves que solicita\u00e7\u00e3o de indica\u00e7\u00e3o de representante adicional, considerando a necessidade de ampliar a participa\u00e7\u00e3o na defini\u00e7\u00e3o da frase e do slogan da Exposi\u00e7\u00e3o Agropecu\u00e1ria de 2026 e 2027, e tendo em vista que o senhor Eduardo j\u00e1 atuou como representante na formula\u00e7\u00e3o do edital, solicitamos a esta C\u00e2mara Municipal a indica\u00e7\u00e3o de um representante adicional para compor o grupo respons\u00e1vel por essa escolha.<\/span><\/p>\n<p><span style=\"font-size: 10pt;\">\u00a0\u00a0 * Representante adicional: vereador(a) _______________________________________<\/span><\/p>\n<p><span style=\"font-size: 10pt;\">_ Of\u00edcio n\u00ba 164\/2026 da Prefeitura Municipal de Coronel Xavier Chaves que convida para Audi\u00eancia P\u00fablica \u2013 Elabora\u00e7\u00e3o da LDO (Lei de Diretrizes Or\u00e7ament\u00e1rias) que ser\u00e1 realizada no dia 23 de abril de 2026, \u00e0s 18h30, no Audit\u00f3rio da Escola Municipal Sebasti\u00e3o Patr\u00edcio Pinto.<\/span><\/p>\n<p>&nbsp;<\/p>\n<p><span style=\"font-size: 10pt;\">INDICA\u00c7\u00d5ES\u00a0\u00a0\u00a0\u00a0\u00a0\u00a0<\/span><\/p>\n<p><span style=\"font-size: 10pt;\">_ Indica\u00e7\u00e3o n\u00ba 17\/2026 \u2013 Cleber e Eduardo (indica ao Excelent\u00edssimo Senhor Prefeito Municipal que encaminhe a esta Casa Legislativa Projeto de Lei que: \u201cDisp\u00f5e sobre a obrigatoriedade de distin\u00e7\u00e3o, nas receitas, solicita\u00e7\u00f5es e guias m\u00e9dicas emitidas pelos profissionais da rede p\u00fablica de sa\u00fade, entre os exames cobertos pelo Sistema \u00danico de Sa\u00fade (SUS) e aqueles que n\u00e3o possuem cobertura p\u00fablica, institui protocolo de atendimento da Secretaria Municipal de Sa\u00fade para marca\u00e7\u00e3o de consultas e exames, e d\u00e1 outras provid\u00eancias\u201d, conforme minuta anexa.);<\/span><\/p>\n<p><span style=\"font-size: 10pt;\">_ Indica\u00e7\u00e3o n\u00ba 18\/2026 \u2013 Cleber e Eduardo (levantamento detalhado do consumo de combust\u00edveis da frota municipal, abrangendo todos os ve\u00edculos e maquin\u00e1rios);<\/span><\/p>\n<p><span style=\"font-size: 10pt;\">_ Indica\u00e7\u00e3o n\u00ba 19\/2026 \u2013 Conjunta: Almir, Andr\u00e9ia, Carlos e Val\u00e9ria (Sugere altera\u00e7\u00e3o no Estatuto dos Servidores P\u00fablicos para prever a frui\u00e7\u00e3o da folga de anivers\u00e1rio quando coincidente com o per\u00edodo de f\u00e9rias)<\/span><\/p>\n<p><span style=\"font-size: 10pt;\">_ Indica\u00e7\u00e3o n\u00ba 20\/2026 \u2013 Eduardo e Cleber (Possibilidade de doa\u00e7\u00e3o ou cess\u00e3o de um ve\u00edculo ao Poder Legislativo Municipal, para utiliza\u00e7\u00e3o nas atividades institucionais da C\u00e2mara Municipal.<\/span><\/p>\n<p><span style=\"font-size: 10pt;\">_ Indica\u00e7\u00e3o n\u00ba 25\/2026 \u2013 Whering (_ Manuten\u00e7\u00e3o da estrada de acesso \u00e0 localidade das Tr\u00eas Pontes em S\u00e3o Caetano, que se encontra em condi\u00e7\u00f5es prec\u00e1rias de trafegabilidade, quase intransit\u00e1vel; _ Manuten\u00e7\u00e3o no trecho de subida da via de acesso ao Pesque-Pague Carazza em S\u00e3o Caetano. _ Manuten\u00e7\u00e3o da estrada do Barreiro; _ Instala\u00e7\u00e3o de guarda-corpo na ponte sobre o Rio do Mosquito, na sa\u00edda da cidade, nas proximidades da resid\u00eancia do Sr. Raimundo Bini. _ Que o setor competente fa\u00e7a a instala\u00e7\u00e3o de bala\u00fastre ou guarda-corpo na Rua Coronel Avelino, nas proximidades do n\u00ba 70, em frente \u00e0 resid\u00eancia da Maria do Linho);<\/span><\/p>\n<p><span style=\"font-size: 10pt;\">_ Indica\u00e7\u00e3o n\u00ba 31\/2026 \u2013 Eduardo e Cleber (instala\u00e7\u00e3o de postes de ilumina\u00e7\u00e3o p\u00fablica no povoado de S\u00e3o Caetano, no trecho que d\u00e1 acesso ao Ribeiro, na chegada ao local, nas proximidades do sistema de abastecimento de \u00e1gua.)<\/span><\/p>\n<p><span style=\"font-size: 10pt;\">_ Indica\u00e7\u00e3o n\u00ba 32\/2026 \u2013 Carlos (provid\u00eancias cab\u00edveis quanto ao muro da resid\u00eancia do senhor Paulo, localizado no bairro Planalto de F\u00e1tima, o qual confronta com espa\u00e7o p\u00fablico, considerando que a estrutura se encontra em estado prec\u00e1rio, com risco de queda, conforme demonstram as fotos anexas);<\/span><\/p>\n<p><span style=\"font-size: 10pt;\">_ Indica\u00e7\u00e3o n\u00ba 33\/2026 \u2013 Carlos (realize o servi\u00e7o de ro\u00e7agem da vegeta\u00e7\u00e3o (mato) localizada na \u00e1rea situada atr\u00e1s do sal\u00e3o da Igreja da comunidade do Planalto de F\u00e1tima, atendendo \u00e0 solicita\u00e7\u00e3o de morador, senhor Paulo);<\/span><\/p>\n<p><span style=\"font-size: 10pt;\">_ Indica\u00e7\u00e3o n\u00ba 43\/2026 \u2013 Carlos (estude a possibilidade de instala\u00e7\u00e3o de ilumina\u00e7\u00e3o p\u00fablica em dois postes localizados na Rua Nossa Senhora de Lourdes, na subida para a igreja da comunidade do Planalto de F\u00e1tima, conforme demonstram as fotos anexas);<\/span><\/p>\n<p><span style=\"font-size: 10pt;\">_ Indica\u00e7\u00e3o n\u00ba 59\/2026 \u2013 Carlos (providencie a conclus\u00e3o da obra de substitui\u00e7\u00e3o das manilhas da rede de esgoto, localizada ao final da Rua Jo\u00e3o XXIII, no bairro Vila F\u00e1tima, aproveitando o per\u00edodo de estiagem);<\/span><\/p>\n<p>&nbsp;<\/p>\n<ul>\n<li><span style=\"font-size: 10pt;\">OUTROS EXPEDIENTES DOS VEREADORES:<\/span><\/li>\n<\/ul>\n<p>&nbsp;<\/p>\n<p><span style=\"font-size: 10pt;\">_ Mo\u00e7\u00e3o de Congratula\u00e7\u00f5es \u2013 autor vereador Clovis Ant\u00f4nio da Silva (Jonathan Yuri Ant\u00f4nio Beraldo Batista, em reconhecimento ao relevante trabalho desenvolvido na produ\u00e7\u00e3o de v\u00eddeos de elevada qualidade t\u00e9cnica e est\u00e9tica, os quais t\u00eam contribu\u00eddo significativamente para a valoriza\u00e7\u00e3o, divulga\u00e7\u00e3o e fortalecimento da imagem do Munic\u00edpio de Coronel Xavier Chaves);<\/span><\/p>\n<p>&nbsp;<\/p>\n<p>&nbsp;<\/p>\n<p><span style=\"font-size: 10pt;\">TRIBUNA OFICIAL \u00a0\u00a0\u00a0\u00a0\u00a0\u00a0\u00a0\u00a0\u00a0\u00a0<\/span><\/p>\n<ul>\n<li><span style=\"font-size: 10pt;\">TRIBUNA OFICIAL: (4 minutos)<\/span><\/li>\n<\/ul>\n<p><span style=\"font-size: 10pt;\">Palavra ao Prefeito (ou seu representante) para falar sobre a proposi\u00e7\u00e3o de sua autoria que est\u00e1 em pauta da ordem do dia;<\/span><\/p>\n<p>&nbsp;<\/p>\n<p><span style=\"font-size: 10pt;\">ORDEM DO DIA<\/span><\/p>\n<p>&nbsp;<\/p>\n<p><span style=\"font-size: 10pt;\">* Palavra registrada do vereador Eduardo Henrique Gouv\u00eaa de Mendon\u00e7a sobre os Projetos de Lei n\u00ba 246 e 247\/2026;<\/span><\/p>\n<p>&nbsp;<\/p>\n<p><span style=\"font-size: 10pt;\">* Palavra registrada do vereador Cleber Cristiam Beraldo sobre os projetos em pauta;<\/span><\/p>\n<p>&nbsp;<\/p>\n<ul>\n<li><span style=\"font-size: 10pt;\">Projeto de Lei n\u00ba 246, de 13 de mar\u00e7o de 2026, de autoria dos vereadores Eduardo Henrique Gouv\u00eaa de Mendon\u00e7a e Cleber Cristiam Beraldo, que \u201cInstitui a Campanha Permanente de conscientiza\u00e7\u00e3o, preven\u00e7\u00e3o e combate \u00e0 depress\u00e3o infantil, ao bullying e \u00e0 viol\u00eancia psicol\u00f3gica na inf\u00e2ncia e adolesc\u00eancia no munic\u00edpio de Coronel Xavier Chaves e d\u00e1 outras provid\u00eancias.\u201d<\/span><\/li>\n<\/ul>\n<p>&nbsp;<\/p>\n<ul>\n<li><span style=\"font-size: 10pt;\">Projeto de lei n\u00ba 247, de 06 de abril de 2026, de autoria dos vereadores Eduardo Henrique Gouv\u00eaa de Mendon\u00e7a e Cleber Cristiam Beraldo, que \u201cDisp\u00f5e sobre a cria\u00e7\u00e3o do Programa Municipal de Preven\u00e7\u00e3o e Tratamento do P\u00e9 Diab\u00e9tico e d\u00e1 outras provid\u00eancias\u201d<\/span><\/li>\n<\/ul>\n<p>&nbsp;<\/p>\n<ul>\n<li><span style=\"font-size: 10pt;\">Projeto de Lei n\u00ba 1.448, de 16 de mar\u00e7o de 2026, que \u201cAutoriza abertura de cr\u00e9dito suplementar e d\u00e1 outras provid\u00eancias.\u201d (R$ 1.772.833,13);<\/span><\/li>\n<\/ul>\n<p><span style=\"font-size: 10pt;\">_ Emenda modificativa 03-2026 &#8211; PL 1448-2026 &#8211; Cleber e Eduardo;<\/span><\/p>\n<p><span style=\"font-size: 10pt;\">* 1\u00aa Tramita\u00e7\u00e3o em 23\/03\/26 \u2013 Dra. Lilian Jaques;<\/span><\/p>\n<p>&nbsp;<\/p>\n<ul>\n<li><span style=\"font-size: 10pt;\">Projeto de Lei n\u00ba 1.451, de 16 de mar\u00e7o de 2026, que \u201cInstitui, no \u00e2mbito da Administra\u00e7\u00e3o P\u00fablica Municipal, a Comiss\u00e3o Permanente de Processos Administrativos e d\u00e1 outras provid\u00eancias.\u201d<\/span><\/li>\n<\/ul>\n<p><span style=\"font-size: 10pt;\">* Relat\u00f3rio de impacto Projetos de leis 1.451, 1.452 e 1.453 consolidado;<\/span><\/p>\n<p><span style=\"font-size: 10pt;\">* 1\u00aa Tramita\u00e7\u00e3o em 23\/03\/26 &#8211; Pedido de vista pelo vereador Cleber Cristiam Beraldo;<\/span><\/p>\n<p>&nbsp;<\/p>\n<ul>\n<li><span style=\"font-size: 10pt;\">Projeto de Lei n\u00ba 1.452, de 16 de mar\u00e7o de 2026, que \u201cInstitui, no \u00e2mbito da Administra\u00e7\u00e3o P\u00fablica Municipal, a Comiss\u00e3o Permanente de An\u00e1lise, Avalia\u00e7\u00e3o, Acompanhamento e Fiscaliza\u00e7\u00e3o do Parcelamento do Solo e d\u00e1 outras provid\u00eancias.\u201d<\/span><\/li>\n<\/ul>\n<p><span style=\"font-size: 10pt;\">* Relat\u00f3rio de impacto Projetos de leis 1.451, 1.452 e 1.453 consolidado;<\/span><\/p>\n<p><span style=\"font-size: 10pt;\">* 1\u00aa Tramita\u00e7\u00e3o em 23\/03\/26 &#8211; Pedido de vista pelo vereador Cleber Cristiam Beraldo;<\/span><\/p>\n<p>&nbsp;<\/p>\n<ul>\n<li><span style=\"font-size: 10pt;\">Projeto de Lei n\u00ba 1.453, de 16 de mar\u00e7o de 2026, que \u201cAltera a Lei Municipal n.\u00ba 1.360 de 04 de fevereiro de 2022 e d\u00e1 outras provid\u00eancias.\u201d (Reestrutura Comiss\u00e3o de Monitoramento);<\/span><\/li>\n<\/ul>\n<p><span style=\"font-size: 10pt;\">* Relat\u00f3rio de impacto Projetos de leis 1.451, 1.452 e 1.453 consolidado;<\/span><\/p>\n<p><span style=\"font-size: 10pt;\">* 1\u00aa Tramita\u00e7\u00e3o em 23\/03\/26 &#8211; Pedido de vista pelo vereador Cleber Cristiam Beraldo;<\/span><\/p>\n<p>&nbsp;<\/p>\n<ul>\n<li><span style=\"font-size: 10pt;\">Projeto de Lei n\u00ba 1.454, de 06 de abril de 2026, que \u201cAutoriza o repasse financeiro para a Associa\u00e7\u00e3o do Circuito Tur\u00edstico Trilha dos Inconfidentes, com a finalidade de custear a implanta\u00e7\u00e3o da sinaliza\u00e7\u00e3o do projeto de cicloturismo integrado denominado \u201cRota das Capelas\u201d e d\u00e1 outras provid\u00eancias.\u201d<\/span><\/li>\n<\/ul>\n<p><span style=\"font-size: 10pt;\">*Anexo: _ Arquivo com informa\u00e7\u00f5es cicloturismo;<\/span><\/p>\n<p>&nbsp;<\/p>\n<ul>\n<li><span style=\"font-size: 10pt;\">Projeto de Lei Complementar n\u00ba 1.455, de 10 de abril de 2026, que \u201cCria vagas tempor\u00e1rias para o cargo de Auxiliar de Servi\u00e7o Escolar e d\u00e1 outras provid\u00eancias\u201d.<\/span><br \/>\n<span style=\"font-size: 10pt;\">* Protocolado em 10\/04\/2026;<\/span><\/li>\n<\/ul>\n<p>&nbsp;<\/p>\n<p>&nbsp;<\/p>\n<p>&nbsp;<\/p>\n<p><span style=\"font-size: 10pt;\">REQUERIMENTOS\u00a0\u00a0\u00a0\u00a0\u00a0\u00a0\u00a0\u00a0\u00a0\u00a0<\/span><\/p>\n<p><span style=\"font-size: 10pt;\">_ Requerimento n\u00ba 11\/2026 \u2013 Clovis (Informa\u00e7\u00f5es acerca da destina\u00e7\u00e3o do im\u00f3vel anteriormente utilizado como destacamento da Pol\u00edcia Militar, bem como sobre eventual planejamento para sua utiliza\u00e7\u00e3o futura.);<\/span><\/p>\n<p>&nbsp;<\/p>\n<p><span style=\"font-size: 10pt;\">_ Requerimento n\u00ba 13\/2026 \u2013 Clovis (At\u00e9 quando o Secret\u00e1rio Municipal de Esportes pode atuar junto \u00e0 Associa\u00e7\u00e3o Atl\u00e9tica Coroense);<\/span><\/p>\n<p>&nbsp;<\/p>\n<p><span style=\"font-size: 10pt;\">_ Requerimento n\u00ba 19\/2026 \u2013 Cleber e Eduardo (informa\u00e7\u00f5es: 1. CONTRATO DE PRESTA\u00c7\u00c3O DE SERVI\u00c7OS DE ENGENHARIA \/ 2. EXECU\u00c7\u00c3O, FISCALIZA\u00c7\u00c3O E CONTROLE DAS OBRAS P\u00daBLICAS \/ 3. OBRAS EXECUTADAS DIRETAMENTE PELA ADMINISTRA\u00c7\u00c3O \/ 4. SERVI\u00c7OS DE ENGENHARIA PRESTADOS POR ASSOCIA\u00c7\u00c3O);<\/span><\/p>\n<p>&nbsp;<\/p>\n<p><span style=\"font-size: 10pt;\">_ Requerimento n\u00ba 20\/2026 \u2013 Cleber (Informa\u00e7\u00f5es e provid\u00eancias acerca da realiza\u00e7\u00e3o de processo seletivo simplificado para contrata\u00e7\u00e3o de profissionais, especialmente na \u00e1rea da sa\u00fade);<\/span><\/p>\n<p>&nbsp;<\/p>\n<p><span style=\"font-size: 10pt;\">_ Requerimento n\u00ba 21\/2026 \u2013 Whering (I \u2013 Despesas com consultas, atendimentos e procedimentos realizados por meio do CISVER \u2013 Cons\u00f3rcio Intermunicipal de Sa\u00fade das Vertentes; II \u2013 Despesas decorrentes de outros conv\u00eanios firmados na \u00e1rea da sa\u00fade; III \u2013 Gastos com pessoal lotado no setor de sa\u00fade, discriminados por categoria, quando poss\u00edvel; IV \u2013 Demais despesas gerais do setor de sa\u00fade.);<\/span><\/p>\n<p>&nbsp;<\/p>\n<p>&nbsp;<\/p>\n<p><span style=\"font-size: 10pt;\">CONSIDERA\u00c7\u00d5ES FINAIS<\/span><\/p>\n<p><span style=\"font-size: 10pt;\">\u00a0\u00a0\u00a0\u00a0\u00a0\u00a0\u00a0\u00a0\u00a0\u00a0\u00a0\u00a0\u00a0\u00a0<\/span><\/p>\n<p><span style=\"font-size: 10pt;\">Vereadores inscritos nas considera\u00e7\u00f5es finais: (5 minutos)<\/span><\/p>\n<p>&nbsp;<\/p>\n<p><span style=\"font-size: 10pt;\">_ Clovis Ant\u00f4nio da Silva \u2013 Assunto: Associa\u00e7\u00e3o Atl\u00e9tica Coroense;<\/span><\/p>\n<p>&nbsp;<\/p>\n<p><span style=\"font-size: 10pt;\">_ Cleber Cristiam Beraldo;<\/span><\/p>\n<p>&nbsp;<\/p>\n<p><span style=\"font-size: 10pt;\">\u00a0PR\u00d3XIMA SESS\u00c3O\u00a0\u00a0\u00a0\u00a0\u00a0\u00a0\u00a0\u00a0\u00a0\u00a0<\/span><\/p>\n<ul>\n<li><span style=\"font-size: 10pt;\">DIPLOMA\u00c7\u00c3O E POSSE DA C\u00c2MARA MIRIM:<\/span><\/li>\n<\/ul>\n<p><span style=\"font-size: 10pt;\">Data: 15 de abril de 2026 (quarta-feira);<\/span><\/p>\n<p><span style=\"font-size: 10pt;\">Hor\u00e1rio: 09:00 horas;<\/span><\/p>\n<p><span style=\"font-size: 10pt;\">Local: Plen\u00e1rio Vereador Jos\u00e9 de F\u00e1tima Aparecida Chaves &#8211; Godinho;<\/span><\/p>\n<p>&nbsp;<\/p>\n<p>&nbsp;<\/p>\n<ul>\n<li><span style=\"font-size: 10pt;\">PR\u00d3XIMA REUNI\u00c3O ORDIN\u00c1RIA:<\/span><\/li>\n<\/ul>\n<p><span style=\"font-size: 10pt;\">Data: 27 de abril de 2026<\/span><\/p>\n<p><span style=\"font-size: 10pt;\">Hor\u00e1rio: 18:30 horas<\/span><\/p>\n<p><span style=\"font-size: 10pt;\">Local: Plen\u00e1rio Vereador Jos\u00e9 de F\u00e1tima Aparecida Chaves &#8211; Godinho;<\/span><\/p>\n<p>&nbsp;<\/p>\n<ul>\n<li><span style=\"font-size: 10pt;\">SESS\u00c3O SOLENE:<\/span><\/li>\n<\/ul>\n<p><span style=\"font-size: 10pt;\">Data: 28 de abril de 2026 (ter\u00e7a-feira);<\/span><\/p>\n<p><span style=\"font-size: 10pt;\">Hor\u00e1rio: 18:30 horas;<\/span><\/p>\n<p><span style=\"font-size: 10pt;\">Local: Plen\u00e1rio Vereador Jos\u00e9 de F\u00e1tima Aparecida Chaves &#8211; Godinho;<\/span><\/p>\n<p><span style=\"font-size: 10pt;\">Pauta: Homenagem ao &#8220;Dia do Policial Militar&#8221;, nos termos da Lei Municipal n\u00ba 1.241\/2019.<\/span><\/p>\n<p>&nbsp;<\/p>\n<hr \/>\n<p><strong><span style=\"font-size: 10pt;\">\u200bPROJETOS EM TRAMITA\u00c7\u00c3O:<\/span><\/strong><\/p>\n<div><span style=\"font-size: 10pt;\"><a href=\"https:\/\/camaracxc.mg.gov.br\/site\/wp-content\/uploads\/2021\/01\/Planilha-de-tramitacao-de-projetos-CAMARA-CXC-2025-Atualizada-em-17-03-26.pdf\">Planilha de tramita\u00e7\u00e3o de projetos &#8211; C\u00c2MARA CXC 2025 &#8211; Atualizada em 17-03-26<\/a><\/span><\/div>\n<div><\/div>\n<div><span style=\"font-size: 10pt;\"><a href=\"https:\/\/camaracxc.mg.gov.br\/site\/wp-content\/uploads\/2021\/01\/Planilha-de-tramitacao-de-projetos-CAMARA-CXC-2026-Atualizada-em-17-03-26.pdf\">Planilha de tramita\u00e7\u00e3o de projetos &#8211; C\u00c2MARA CXC 2026 &#8211; Atualizada em 17-03-26<\/a><\/span><\/div>\n<div><\/div>\n<div><span style=\"font-size: 10pt;\">&#8212;&#8212;&#8212;&#8212;&#8212;&#8212;&#8212;&#8212;&#8212;&#8212;&#8212;&#8212;&#8212;&#8212;&#8212;&#8212;&#8212;&#8212;&#8212;&#8212;&#8212;&#8212;&#8212;&#8212;&#8212;&#8212;&#8212;&#8212;&#8212;<\/span><\/div>\n<div class=\"gmail_default\">\n<div class=\"gmail_default\">\n<div class=\"gmail_default\">\n<div class=\"gmail_default\">\n<p><span style=\"font-size: 10pt;\">Canal de transmiss\u00e3o das sess\u00f5es: <a href=\"https:\/\/www.youtube.com\/@camaramunicipalcoronelxavi4899\/streams\">https:\/\/www.youtube.com\/@camaramunicipalcoronelxavi4899\/streams<\/a><\/span><a href=\"https:\/\/www.youtube.com\/@camaramunicipalcoronelxavi4899\/streams\"><img loading=\"lazy\" decoding=\"async\" class=\"alignnone wp-image-3094\" src=\"http:\/\/camaracxc.mg.gov.br\/site\/wp-content\/uploads\/2021\/01\/Canal-YouTube-Camara-CXC.png\" alt=\"\" width=\"609\" height=\"215\" srcset=\"https:\/\/camaracxc.mg.gov.br\/site\/wp-content\/uploads\/2021\/01\/Canal-YouTube-Camara-CXC.png 730w, https:\/\/camaracxc.mg.gov.br\/site\/wp-content\/uploads\/2021\/01\/Canal-YouTube-Camara-CXC-300x106.png 300w, https:\/\/camaracxc.mg.gov.br\/site\/wp-content\/uploads\/2021\/01\/Canal-YouTube-Camara-CXC-150x53.png 150w, https:\/\/camaracxc.mg.gov.br\/site\/wp-content\/uploads\/2021\/01\/Canal-YouTube-Camara-CXC-696x246.png 696w\" sizes=\"auto, (max-width: 609px) 100vw, 609px\" \/><\/a><\/p>\n<\/div>\n<div class=\"gmail_default\">\n<div class=\"gmail_default\">\n<div>\n<div class=\"gmail_default\"><span style=\"font-size: 10pt;\"><a style=\"text-decoration-line: underline;\" href=\"http:\/\/camaracxc.mg.gov.br\/site\/wp-content\/uploads\/2021\/01\/Resolucao-no-01-2022-Dispoe-sobre-a-transmissa-ao-vivo-das-reunioes-da-Camara-CXC.pdf\">Resolu\u00e7\u00e3o n\u00ba 01\/2022<\/a>\u00a0&#8211; Disp\u00f5e sobre a transmiss\u00e3o das reuni\u00f5es da C\u00e2mara CXC<\/span><br \/>\n<span style=\"font-size: 10pt;\"><a href=\"http:\/\/camaracxc.mg.gov.br\/site\/wp-content\/uploads\/2021\/01\/Resolucao-no-02-2022-Adequa-as-transmissoes-ao-vivo-a-Lei-Federal-13709-2018-LGPD.pdf\">Resolu\u00e7\u00e3o n\u00ba 02\/2022<\/a>\u00a0&#8211; Adequa as transmiss\u00f5es \u00e0 Lei Federal 13.709\/2018 LGPD<\/span><\/div>\n<div><\/div>\n<\/div>\n<\/div>\n<\/div>\n<\/div>\n<\/div>\n<\/div>\n<\/div>\t<\/div>\r\n<\/div><\/div><\/div><\/div><\/div><\/div>\n","protected":false},"excerpt":{"rendered":"","protected":false},"author":1,"featured_media":0,"parent":0,"menu_order":0,"comment_status":"closed","ping_status":"closed","template":"templates\/template-sidebar-right.php","meta":{"footnotes":"","_links_to":"","_links_to_target":""},"class_list":["post-31","page","type-page","status-publish"],"yoast_head":"<!-- This site is optimized with the Yoast SEO plugin v27.1.1 - https:\/\/yoast.com\/product\/yoast-seo-wordpress\/ -->\n<title>Pr\u00f3ximas Reuni\u00f5es - C\u00e2mara Municipal de Coronel Xavier Chaves<\/title>\n<meta name=\"robots\" content=\"index, follow, max-snippet:-1, max-image-preview:large, max-video-preview:-1\" \/>\n<link rel=\"canonical\" href=\"https:\/\/camaracxc.mg.gov.br\/site\/proximas-reunioes\/\" \/>\n<meta property=\"og:locale\" content=\"pt_BR\" \/>\n<meta property=\"og:type\" content=\"article\" \/>\n<meta property=\"og:title\" content=\"Pr\u00f3ximas Reuni\u00f5es - C\u00e2mara Municipal de Coronel Xavier Chaves\" \/>\n<meta property=\"og:url\" content=\"https:\/\/camaracxc.mg.gov.br\/site\/proximas-reunioes\/\" \/>\n<meta property=\"og:site_name\" content=\"C\u00e2mara Municipal de Coronel Xavier Chaves\" \/>\n<meta property=\"article:modified_time\" content=\"2021-01-22T15:41:47+00:00\" \/>\n<meta name=\"twitter:card\" content=\"summary_large_image\" \/>\n<script type=\"application\/ld+json\" class=\"yoast-schema-graph\">{\"@context\":\"https:\/\/schema.org\",\"@graph\":[{\"@type\":\"WebPage\",\"@id\":\"https:\/\/camaracxc.mg.gov.br\/site\/proximas-reunioes\/\",\"url\":\"https:\/\/camaracxc.mg.gov.br\/site\/proximas-reunioes\/\",\"name\":\"Pr\u00f3ximas Reuni\u00f5es - C\u00e2mara Municipal de Coronel Xavier Chaves\",\"isPartOf\":{\"@id\":\"https:\/\/camaracxc.mg.gov.br\/site\/#website\"},\"datePublished\":\"2021-01-21T14:28:52+00:00\",\"dateModified\":\"2021-01-22T15:41:47+00:00\",\"breadcrumb\":{\"@id\":\"https:\/\/camaracxc.mg.gov.br\/site\/proximas-reunioes\/#breadcrumb\"},\"inLanguage\":\"pt-BR\",\"potentialAction\":[{\"@type\":\"ReadAction\",\"target\":[\"https:\/\/camaracxc.mg.gov.br\/site\/proximas-reunioes\/\"]}]},{\"@type\":\"BreadcrumbList\",\"@id\":\"https:\/\/camaracxc.mg.gov.br\/site\/proximas-reunioes\/#breadcrumb\",\"itemListElement\":[{\"@type\":\"ListItem\",\"position\":1,\"name\":\"In\u00edcio\",\"item\":\"https:\/\/camaracxc.mg.gov.br\/site\/\"},{\"@type\":\"ListItem\",\"position\":2,\"name\":\"Pr\u00f3ximas Reuni\u00f5es\"}]},{\"@type\":\"WebSite\",\"@id\":\"https:\/\/camaracxc.mg.gov.br\/site\/#website\",\"url\":\"https:\/\/camaracxc.mg.gov.br\/site\/\",\"name\":\"C\u00e2mara Municipal de Coronel Xavier Chaves\",\"description\":\"\",\"potentialAction\":[{\"@type\":\"SearchAction\",\"target\":{\"@type\":\"EntryPoint\",\"urlTemplate\":\"https:\/\/camaracxc.mg.gov.br\/site\/?s={search_term_string}\"},\"query-input\":{\"@type\":\"PropertyValueSpecification\",\"valueRequired\":true,\"valueName\":\"search_term_string\"}}],\"inLanguage\":\"pt-BR\"}]}<\/script>\n<!-- \/ Yoast SEO plugin. -->","yoast_head_json":{"title":"Pr\u00f3ximas Reuni\u00f5es - C\u00e2mara Municipal de Coronel Xavier Chaves","robots":{"index":"index","follow":"follow","max-snippet":"max-snippet:-1","max-image-preview":"max-image-preview:large","max-video-preview":"max-video-preview:-1"},"canonical":"https:\/\/camaracxc.mg.gov.br\/site\/proximas-reunioes\/","og_locale":"pt_BR","og_type":"article","og_title":"Pr\u00f3ximas Reuni\u00f5es - C\u00e2mara Municipal de Coronel Xavier Chaves","og_url":"https:\/\/camaracxc.mg.gov.br\/site\/proximas-reunioes\/","og_site_name":"C\u00e2mara Municipal de Coronel Xavier Chaves","article_modified_time":"2021-01-22T15:41:47+00:00","twitter_card":"summary_large_image","schema":{"@context":"https:\/\/schema.org","@graph":[{"@type":"WebPage","@id":"https:\/\/camaracxc.mg.gov.br\/site\/proximas-reunioes\/","url":"https:\/\/camaracxc.mg.gov.br\/site\/proximas-reunioes\/","name":"Pr\u00f3ximas Reuni\u00f5es - C\u00e2mara Municipal de Coronel Xavier Chaves","isPartOf":{"@id":"https:\/\/camaracxc.mg.gov.br\/site\/#website"},"datePublished":"2021-01-21T14:28:52+00:00","dateModified":"2021-01-22T15:41:47+00:00","breadcrumb":{"@id":"https:\/\/camaracxc.mg.gov.br\/site\/proximas-reunioes\/#breadcrumb"},"inLanguage":"pt-BR","potentialAction":[{"@type":"ReadAction","target":["https:\/\/camaracxc.mg.gov.br\/site\/proximas-reunioes\/"]}]},{"@type":"BreadcrumbList","@id":"https:\/\/camaracxc.mg.gov.br\/site\/proximas-reunioes\/#breadcrumb","itemListElement":[{"@type":"ListItem","position":1,"name":"In\u00edcio","item":"https:\/\/camaracxc.mg.gov.br\/site\/"},{"@type":"ListItem","position":2,"name":"Pr\u00f3ximas Reuni\u00f5es"}]},{"@type":"WebSite","@id":"https:\/\/camaracxc.mg.gov.br\/site\/#website","url":"https:\/\/camaracxc.mg.gov.br\/site\/","name":"C\u00e2mara Municipal de Coronel Xavier Chaves","description":"","potentialAction":[{"@type":"SearchAction","target":{"@type":"EntryPoint","urlTemplate":"https:\/\/camaracxc.mg.gov.br\/site\/?s={search_term_string}"},"query-input":{"@type":"PropertyValueSpecification","valueRequired":true,"valueName":"search_term_string"}}],"inLanguage":"pt-BR"}]}},"_links":{"self":[{"href":"https:\/\/camaracxc.mg.gov.br\/site\/wp-json\/wp\/v2\/pages\/31","targetHints":{"allow":["GET"]}}],"collection":[{"href":"https:\/\/camaracxc.mg.gov.br\/site\/wp-json\/wp\/v2\/pages"}],"about":[{"href":"https:\/\/camaracxc.mg.gov.br\/site\/wp-json\/wp\/v2\/types\/page"}],"author":[{"embeddable":true,"href":"https:\/\/camaracxc.mg.gov.br\/site\/wp-json\/wp\/v2\/users\/1"}],"replies":[{"embeddable":true,"href":"https:\/\/camaracxc.mg.gov.br\/site\/wp-json\/wp\/v2\/comments?post=31"}],"version-history":[{"count":2,"href":"https:\/\/camaracxc.mg.gov.br\/site\/wp-json\/wp\/v2\/pages\/31\/revisions"}],"predecessor-version":[{"id":137,"href":"https:\/\/camaracxc.mg.gov.br\/site\/wp-json\/wp\/v2\/pages\/31\/revisions\/137"}],"wp:attachment":[{"href":"https:\/\/camaracxc.mg.gov.br\/site\/wp-json\/wp\/v2\/media?parent=31"}],"curies":[{"name":"wp","href":"https:\/\/api.w.org\/{rel}","templated":true}]}}