{"id":27,"date":"2021-01-21T11:28:05","date_gmt":"2021-01-21T14:28:05","guid":{"rendered":"http:\/\/camaracxc.mg.gov.br\/site\/?page_id=27"},"modified":"2026-03-02T15:09:14","modified_gmt":"2026-03-02T18:09:14","slug":"resolucoes-legislativas","status":"publish","type":"page","link":"https:\/\/camaracxc.mg.gov.br\/site\/resolucoes-legislativas\/","title":{"rendered":"Resolu\u00e7\u00f5es Legislativas"},"content":{"rendered":"<p>&nbsp;<\/p>\n<p style=\"text-align: center;\"><span style=\"background-color: #adaaaa; font-size: 10pt;\"><strong>Resolu\u00e7\u00f5es Legislativos &#8211; 2026<\/strong><\/span><\/p>\n<p><span style=\"font-size: 10pt;\"><a style=\"color: #4db2ec; text-decoration-line: underline;\" href=\"https:\/\/camaracxc.mg.gov.br\/site\/wp-content\/uploads\/2026\/03\/Resolucao-no-02-2026-Institui-a-Camara-Mirim.pdf\">Resolu\u00e7\u00e3o n\u00ba 02-2026<\/a> &#8211; Institui a C\u00e2mara Mirim<\/span><br \/>\n<span style=\"font-size: 10pt;\"><a href=\"https:\/\/camaracxc.mg.gov.br\/site\/wp-content\/uploads\/2026\/03\/Resolucao-no-01-2026-Aprova-o-cronograma-de-repasse-do-Legislativo-2026.pdf\">Resolu\u00e7\u00e3o n\u00ba 01-2026<\/a> &#8211; Aprova o cronograma de repasse do Legislativo 2026<\/span><\/p>\n<p style=\"text-align: center;\"><span style=\"background-color: #adaaaa; font-size: 10pt;\"><strong>Resolu\u00e7\u00f5es Legislativos &#8211; 2025<\/strong><\/span><\/p>\n<p><span style=\"font-size: 10pt;\"><a href=\"https:\/\/camaracxc.mg.gov.br\/site\/wp-content\/uploads\/2026\/03\/Resolucao-no-03-2025-Cria-Escola-do-Legislativo.pdf\">Resolu\u00e7\u00e3o n\u00ba 03-2025<\/a> &#8211; Cria Escola do Legislativo<\/span><br \/>\n<span style=\"font-size: 10pt;\"><a style=\"color: #4db2ec; text-decoration-line: underline;\" href=\"https:\/\/camaracxc.mg.gov.br\/site\/wp-content\/uploads\/2025\/06\/Resolucao-no-02-2025-Criacao-da-Comissao-Permanente-de-Defesa-dos-Direitos-do-Contribuinte-e-do-Consumidor.pdf\">Resolu\u00e7\u00e3o n\u00ba 02-2025<\/a>\u00a0&#8211; Cria\u00e7\u00e3o da Comiss\u00e3o Permanente de Defesa dos Direitos do Contribuinte e do Consumidor<\/span><br \/>\n<span style=\"font-size: 10pt;\"><a href=\"https:\/\/camaracxc.mg.gov.br\/site\/wp-content\/uploads\/2025\/05\/Resolucao-no-01-2025-Altera-a-Resolucao-05-2016-Regimento-Interno.pdf\">Resolu\u00e7\u00e3o n\u00ba 01-2025<\/a> &#8211; Altera a Resolu\u00e7\u00e3o 05-2016 &#8211; Regimento Interno<\/span><\/p>\n<p style=\"text-align: center;\"><span style=\"background-color: #adaaaa; font-size: 10pt;\"><strong>Resolu\u00e7\u00f5es Legislativos &#8211; 2024<\/strong><\/span><\/p>\n<p><span style=\"font-size: 10pt;\"><a href=\"https:\/\/camaracxc.mg.gov.br\/site\/wp-content\/uploads\/2025\/05\/Resolucao-no-01-2024-Altera-a-Resolucao-05-2016-Regimento-Interno.pdf\">Resolu\u00e7\u00e3o n\u00ba 01-2024<\/a> &#8211; Altera a Resolu\u00e7\u00e3o 05-2016 &#8211; Regimento Interno<\/span><br \/>\n<span style=\"font-size: 10pt;\"><a href=\"https:\/\/camaracxc.mg.gov.br\/site\/wp-content\/uploads\/2025\/05\/Resolucao-no-02-2024-Aprova-o-cronograma-de-repasse-financeiro-da-Camara-2025.pdf\">Resolu\u00e7\u00e3o n\u00ba 02-2024<\/a> &#8211; Aprova o cronograma de repasse financeiro da C\u00e2mara 2025<\/span><\/p>\n<p style=\"text-align: center;\"><span style=\"background-color: #adaaaa; font-size: 10pt;\"><strong>Resolu\u00e7\u00f5es Legislativos &#8211; 2023<\/strong><\/span><\/p>\n<p><span style=\"font-size: 10pt;\"><a href=\"https:\/\/camaracxc.mg.gov.br\/site\/wp-content\/uploads\/2025\/05\/Resolucao-no-01-2023-Aprova-cronograma-de-repasse-para-Camara-2023.pdf\">Resolu\u00e7\u00e3o n\u00ba 01-2023<\/a> &#8211; Aprova cronograma de repasse para C\u00e2mara 2023<\/span><br \/>\n<span style=\"font-size: 10pt;\"><a href=\"https:\/\/camaracxc.mg.gov.br\/site\/wp-content\/uploads\/2025\/05\/Resolucao-no-02-2023-Aprova-cronograma-de-repasse-financeiro-Camara-2024.pdf\">Resolu\u00e7\u00e3o n\u00ba 02-2023<\/a> &#8211; Aprova cronograma de repasse financeiro C\u00e2mara 2024<\/span><br \/>\n<span style=\"font-size: 10pt;\"><a href=\"https:\/\/camaracxc.mg.gov.br\/site\/wp-content\/uploads\/2025\/05\/Resolucao-no-03-2023-devolucao-antecipada.pdf\">Resolu\u00e7\u00e3o n\u00ba 03-2023<\/a> &#8211; devolu\u00e7\u00e3o antecipada<\/span><\/p>\n<p style=\"text-align: center;\"><span style=\"background-color: #adaaaa; font-size: 10pt;\"><strong>Resolu\u00e7\u00f5es Legislativos &#8211; 2022<\/strong><\/span><\/p>\n<p><span style=\"font-size: 10pt;\"><a href=\"https:\/\/camaracxc.mg.gov.br\/site\/wp-content\/uploads\/2025\/05\/Resolucao-no-01-2022-Dispoe-sobre-a-transmissao-ao-vivo-das-reunioes-da-Camara-CXC.pdf\">Resolu\u00e7\u00e3o n\u00ba 01-2022<\/a> &#8211; Disp\u00f5e sobre a transmiss\u00e3o ao vivo das reuni\u00f5es da C\u00e2mara CXC <\/span><br \/>\n<span style=\"font-size: 10pt;\"><a href=\"https:\/\/camaracxc.mg.gov.br\/site\/wp-content\/uploads\/2025\/05\/Resolucao-no-02-2022-Adequa-as-transmissoes-ao-vivo-a-Lei-Federal-13709-2018-LGPD.pdf\">Resolu\u00e7\u00e3o n\u00ba 02-2022<\/a> &#8211; Adequa as transmiss\u00f5es ao vivo \u00e0 Lei Federal 13709-2018 LGPD<\/span><\/p>\n<p style=\"text-align: center;\"><span style=\"background-color: #adaaaa; font-size: 10pt;\"><strong>Resolu\u00e7\u00f5es Legislativos &#8211; 2021<\/strong><\/span><\/p>\n<p><span style=\"font-size: 10pt;\"><a href=\"http:\/\/camaracxc.mg.gov.br\/site\/wp-content\/uploads\/2022\/01\/01-2021.pdf\">01-2021<\/a> &#8211; Aprova cronograma de repasse para o exerc\u00edcio de 2022<\/span><br \/>\n<span style=\"font-size: 10pt;\"><a href=\"http:\/\/camaracxc.mg.gov.br\/site\/wp-content\/uploads\/2022\/01\/02-2021.pdf\">02-2021<\/a> &#8211; Altera Resolu\u00e7\u00e3o n\u00ba 04, de 29 de outubro de 2010<\/span><br \/>\n<span style=\"font-size: 10pt;\"><a href=\"http:\/\/camaracxc.mg.gov.br\/site\/wp-content\/uploads\/2022\/01\/03-2021.pdf\">03-2021<\/a> &#8211; Regulamenta o Informativo Oficial<\/span><br \/>\n<span style=\"font-size: 10pt;\"><a href=\"http:\/\/camaracxc.mg.gov.br\/site\/wp-content\/uploads\/2022\/01\/04-2021.pdf\">04-2021<\/a> &#8211; Disp\u00f5e sobre o Plano de Metas e Prioridades para 2022<\/span><br \/>\n<span style=\"font-size: 10pt;\"><a href=\"http:\/\/camaracxc.mg.gov.br\/site\/wp-content\/uploads\/2022\/01\/05-2021.pdf\">05-2021<\/a> &#8211; Aprova cronograma de repasse para o exerc\u00edcio de 2021<\/span><\/p>\n<p style=\"text-align: center;\"><span style=\"background-color: #adaaaa; font-size: 10pt;\"><strong>Resolu\u00e7\u00f5es Legislativos &#8211; 2020<\/strong><\/span><\/p>\n<p><span style=\"font-size: 10pt;\"><a href=\"http:\/\/camaracxc.mg.gov.br\/site\/wp-content\/uploads\/2022\/01\/01-2020.pdf\">01-2020<\/a> &#8211; Aprova o cronograma de repasse para o exerc\u00edcio de 2020<\/span><br \/>\n<span style=\"font-size: 10pt;\"><a href=\"http:\/\/camaracxc.mg.gov.br\/site\/wp-content\/uploads\/2022\/01\/02-2020.pdf\">02-2020<\/a> &#8211; Altera o Art. 202 da Resolu\u00e7\u00e3o n\u00ba 05, de 09 de dezembro de 2016<\/span><br \/>\n<span style=\"font-size: 10pt;\"><a href=\"http:\/\/camaracxc.mg.gov.br\/site\/wp-content\/uploads\/2022\/01\/03-2020.pdf\">03-2020<\/a> &#8211; Disp\u00f5e sobre o Plano de Metas e Prioridades para 2021<\/span><br \/>\n<span style=\"font-size: 10pt;\"><a href=\"http:\/\/camaracxc.mg.gov.br\/site\/wp-content\/uploads\/2022\/01\/04-2020.pdf\">04-2020<\/a> &#8211; Aprova o or\u00e7amento da C\u00e2mara para 2021<\/span><\/p>\n","protected":false},"excerpt":{"rendered":"<p>&nbsp; Resolu\u00e7\u00f5es Legislativos &#8211; 2026 Resolu\u00e7\u00e3o n\u00ba 02-2026 &#8211; Institui a C\u00e2mara Mirim Resolu\u00e7\u00e3o n\u00ba 01-2026 &#8211; Aprova o cronograma de repasse do Legislativo 2026 Resolu\u00e7\u00f5es Legislativos &#8211; 2025 Resolu\u00e7\u00e3o n\u00ba 03-2025 &#8211; Cria Escola do Legislativo Resolu\u00e7\u00e3o n\u00ba 02-2025\u00a0&#8211; Cria\u00e7\u00e3o da Comiss\u00e3o Permanente de Defesa dos Direitos do Contribuinte e do Consumidor Resolu\u00e7\u00e3o n\u00ba [&hellip;]<\/p>\n","protected":false},"author":1,"featured_media":0,"parent":0,"menu_order":0,"comment_status":"closed","ping_status":"closed","template":"","meta":{"footnotes":"","_links_to":"","_links_to_target":""},"class_list":["post-27","page","type-page","status-publish"],"yoast_head":"<!-- This site is optimized with the Yoast SEO plugin v27.1.1 - https:\/\/yoast.com\/product\/yoast-seo-wordpress\/ -->\n<title>Resolu\u00e7\u00f5es Legislativas - C\u00e2mara Municipal de Coronel Xavier Chaves<\/title>\n<meta name=\"robots\" content=\"index, follow, max-snippet:-1, max-image-preview:large, max-video-preview:-1\" \/>\n<link rel=\"canonical\" href=\"https:\/\/camaracxc.mg.gov.br\/site\/resolucoes-legislativas\/\" \/>\n<meta property=\"og:locale\" content=\"pt_BR\" \/>\n<meta property=\"og:type\" content=\"article\" \/>\n<meta property=\"og:title\" content=\"Resolu\u00e7\u00f5es Legislativas - C\u00e2mara Municipal de Coronel Xavier Chaves\" \/>\n<meta property=\"og:description\" content=\"&nbsp; Resolu\u00e7\u00f5es Legislativos &#8211; 2026 Resolu\u00e7\u00e3o n\u00ba 02-2026 &#8211; Institui a C\u00e2mara Mirim Resolu\u00e7\u00e3o n\u00ba 01-2026 &#8211; Aprova o cronograma de repasse do Legislativo 2026 Resolu\u00e7\u00f5es Legislativos &#8211; 2025 Resolu\u00e7\u00e3o n\u00ba 03-2025 &#8211; Cria Escola do Legislativo Resolu\u00e7\u00e3o n\u00ba 02-2025\u00a0&#8211; Cria\u00e7\u00e3o da Comiss\u00e3o Permanente de Defesa dos Direitos do Contribuinte e do Consumidor Resolu\u00e7\u00e3o n\u00ba [&hellip;]\" \/>\n<meta property=\"og:url\" content=\"https:\/\/camaracxc.mg.gov.br\/site\/resolucoes-legislativas\/\" \/>\n<meta property=\"og:site_name\" content=\"C\u00e2mara Municipal de Coronel Xavier Chaves\" \/>\n<meta property=\"article:modified_time\" content=\"2026-03-02T18:09:14+00:00\" \/>\n<meta name=\"twitter:card\" content=\"summary_large_image\" \/>\n<meta name=\"twitter:label1\" content=\"Est. tempo de leitura\" \/>\n\t<meta name=\"twitter:data1\" content=\"1 minuto\" \/>\n<script type=\"application\/ld+json\" class=\"yoast-schema-graph\">{\"@context\":\"https:\/\/schema.org\",\"@graph\":[{\"@type\":\"WebPage\",\"@id\":\"https:\/\/camaracxc.mg.gov.br\/site\/resolucoes-legislativas\/\",\"url\":\"https:\/\/camaracxc.mg.gov.br\/site\/resolucoes-legislativas\/\",\"name\":\"Resolu\u00e7\u00f5es Legislativas - C\u00e2mara Municipal de Coronel Xavier Chaves\",\"isPartOf\":{\"@id\":\"https:\/\/camaracxc.mg.gov.br\/site\/#website\"},\"datePublished\":\"2021-01-21T14:28:05+00:00\",\"dateModified\":\"2026-03-02T18:09:14+00:00\",\"breadcrumb\":{\"@id\":\"https:\/\/camaracxc.mg.gov.br\/site\/resolucoes-legislativas\/#breadcrumb\"},\"inLanguage\":\"pt-BR\",\"potentialAction\":[{\"@type\":\"ReadAction\",\"target\":[\"https:\/\/camaracxc.mg.gov.br\/site\/resolucoes-legislativas\/\"]}]},{\"@type\":\"BreadcrumbList\",\"@id\":\"https:\/\/camaracxc.mg.gov.br\/site\/resolucoes-legislativas\/#breadcrumb\",\"itemListElement\":[{\"@type\":\"ListItem\",\"position\":1,\"name\":\"In\u00edcio\",\"item\":\"https:\/\/camaracxc.mg.gov.br\/site\/\"},{\"@type\":\"ListItem\",\"position\":2,\"name\":\"Resolu\u00e7\u00f5es Legislativas\"}]},{\"@type\":\"WebSite\",\"@id\":\"https:\/\/camaracxc.mg.gov.br\/site\/#website\",\"url\":\"https:\/\/camaracxc.mg.gov.br\/site\/\",\"name\":\"C\u00e2mara Municipal de Coronel Xavier Chaves\",\"description\":\"\",\"potentialAction\":[{\"@type\":\"SearchAction\",\"target\":{\"@type\":\"EntryPoint\",\"urlTemplate\":\"https:\/\/camaracxc.mg.gov.br\/site\/?s={search_term_string}\"},\"query-input\":{\"@type\":\"PropertyValueSpecification\",\"valueRequired\":true,\"valueName\":\"search_term_string\"}}],\"inLanguage\":\"pt-BR\"}]}<\/script>\n<!-- \/ Yoast SEO plugin. -->","yoast_head_json":{"title":"Resolu\u00e7\u00f5es Legislativas - C\u00e2mara Municipal de Coronel Xavier Chaves","robots":{"index":"index","follow":"follow","max-snippet":"max-snippet:-1","max-image-preview":"max-image-preview:large","max-video-preview":"max-video-preview:-1"},"canonical":"https:\/\/camaracxc.mg.gov.br\/site\/resolucoes-legislativas\/","og_locale":"pt_BR","og_type":"article","og_title":"Resolu\u00e7\u00f5es Legislativas - C\u00e2mara Municipal de Coronel Xavier Chaves","og_description":"&nbsp; Resolu\u00e7\u00f5es Legislativos &#8211; 2026 Resolu\u00e7\u00e3o n\u00ba 02-2026 &#8211; Institui a C\u00e2mara Mirim Resolu\u00e7\u00e3o n\u00ba 01-2026 &#8211; Aprova o cronograma de repasse do Legislativo 2026 Resolu\u00e7\u00f5es Legislativos &#8211; 2025 Resolu\u00e7\u00e3o n\u00ba 03-2025 &#8211; Cria Escola do Legislativo Resolu\u00e7\u00e3o n\u00ba 02-2025\u00a0&#8211; Cria\u00e7\u00e3o da Comiss\u00e3o Permanente de Defesa dos Direitos do Contribuinte e do Consumidor Resolu\u00e7\u00e3o n\u00ba [&hellip;]","og_url":"https:\/\/camaracxc.mg.gov.br\/site\/resolucoes-legislativas\/","og_site_name":"C\u00e2mara Municipal de Coronel Xavier Chaves","article_modified_time":"2026-03-02T18:09:14+00:00","twitter_card":"summary_large_image","twitter_misc":{"Est. tempo de leitura":"1 minuto"},"schema":{"@context":"https:\/\/schema.org","@graph":[{"@type":"WebPage","@id":"https:\/\/camaracxc.mg.gov.br\/site\/resolucoes-legislativas\/","url":"https:\/\/camaracxc.mg.gov.br\/site\/resolucoes-legislativas\/","name":"Resolu\u00e7\u00f5es Legislativas - C\u00e2mara Municipal de Coronel Xavier Chaves","isPartOf":{"@id":"https:\/\/camaracxc.mg.gov.br\/site\/#website"},"datePublished":"2021-01-21T14:28:05+00:00","dateModified":"2026-03-02T18:09:14+00:00","breadcrumb":{"@id":"https:\/\/camaracxc.mg.gov.br\/site\/resolucoes-legislativas\/#breadcrumb"},"inLanguage":"pt-BR","potentialAction":[{"@type":"ReadAction","target":["https:\/\/camaracxc.mg.gov.br\/site\/resolucoes-legislativas\/"]}]},{"@type":"BreadcrumbList","@id":"https:\/\/camaracxc.mg.gov.br\/site\/resolucoes-legislativas\/#breadcrumb","itemListElement":[{"@type":"ListItem","position":1,"name":"In\u00edcio","item":"https:\/\/camaracxc.mg.gov.br\/site\/"},{"@type":"ListItem","position":2,"name":"Resolu\u00e7\u00f5es Legislativas"}]},{"@type":"WebSite","@id":"https:\/\/camaracxc.mg.gov.br\/site\/#website","url":"https:\/\/camaracxc.mg.gov.br\/site\/","name":"C\u00e2mara Municipal de Coronel Xavier Chaves","description":"","potentialAction":[{"@type":"SearchAction","target":{"@type":"EntryPoint","urlTemplate":"https:\/\/camaracxc.mg.gov.br\/site\/?s={search_term_string}"},"query-input":{"@type":"PropertyValueSpecification","valueRequired":true,"valueName":"search_term_string"}}],"inLanguage":"pt-BR"}]}},"_links":{"self":[{"href":"https:\/\/camaracxc.mg.gov.br\/site\/wp-json\/wp\/v2\/pages\/27","targetHints":{"allow":["GET"]}}],"collection":[{"href":"https:\/\/camaracxc.mg.gov.br\/site\/wp-json\/wp\/v2\/pages"}],"about":[{"href":"https:\/\/camaracxc.mg.gov.br\/site\/wp-json\/wp\/v2\/types\/page"}],"author":[{"embeddable":true,"href":"https:\/\/camaracxc.mg.gov.br\/site\/wp-json\/wp\/v2\/users\/1"}],"replies":[{"embeddable":true,"href":"https:\/\/camaracxc.mg.gov.br\/site\/wp-json\/wp\/v2\/comments?post=27"}],"version-history":[{"count":8,"href":"https:\/\/camaracxc.mg.gov.br\/site\/wp-json\/wp\/v2\/pages\/27\/revisions"}],"predecessor-version":[{"id":3664,"href":"https:\/\/camaracxc.mg.gov.br\/site\/wp-json\/wp\/v2\/pages\/27\/revisions\/3664"}],"wp:attachment":[{"href":"https:\/\/camaracxc.mg.gov.br\/site\/wp-json\/wp\/v2\/media?parent=27"}],"curies":[{"name":"wp","href":"https:\/\/api.w.org\/{rel}","templated":true}]}}