{"id":2511,"date":"2022-07-25T13:05:42","date_gmt":"2022-07-25T16:05:42","guid":{"rendered":"http:\/\/camaracxc.mg.gov.br\/site\/?page_id=2511"},"modified":"2024-06-17T16:40:50","modified_gmt":"2024-06-17T19:40:50","slug":"telefones-uteis","status":"publish","type":"page","link":"https:\/\/camaracxc.mg.gov.br\/site\/telefones-uteis\/","title":{"rendered":"Telefones \u00dateis"},"content":{"rendered":"<p><strong>TELEFONES E SITES <\/strong><strong>\u00daTEIS &#8211; CORONEL XAVIER CHAVES-MG<\/strong><\/p>\n<ul>\n<li>ARCEL \u2013 Associa\u00e7\u00e3o Rural e Comunit\u00e1ria de Coronel Xavier Chaves (32) 3357-1203<\/li>\n<li>Ag\u00eancia dos Correios de Coronal Xavier Chaves &#8211; (32) 3357-1220\u00a0 <a href=\"http:\/\/www.correios.com.br\/\">http:\/\/www.correios.com.br<\/a><\/li>\n<li>C\u00e2mara Municipal de Coronel Xavier Chaves &#8211; (32) 3357-1344\u00a0 <a href=\"http:\/\/camaracxc.mg.gov.br\">http:\/\/camaracxc.mg.gov.br<\/a><\/li>\n<li>Cart\u00f3rio de Registro Civil e Notas de Cel. Xavier Chaves \u2013 (32) 9-8844-2428<\/li>\n<li>Cart\u00f3rio de Protestos, Registro de T\u00edtulos e Documentos e Civil de Pessoas Jur\u00eddicas \u2013 (32) 3354-1224<\/li>\n<li>Cart\u00f3rio do Primeiro Of\u00edcio e Registro de Im\u00f3veis \u2013 RC &#8211; (32) 3354-1666<\/li>\n<li>Cart\u00f3rio Eleitoral da Comarca de Resende Costa \u2013 (31) 3010-9683<\/li>\n<li>CEMIG\u00a0&#8211; 116\u00a0<a href=\"http:\/\/www.cemig.com.br\/\">http:\/\/www.cemig.com.br<\/a><\/li>\n<li>Central de Atendimento \u00e0 Mulher no Brasil &#8211; 180\u00a0<a href=\"https:\/\/www.gov.br\/mdh\/pt-br\/assuntos\/denuncie-violencia-contra-a-mulher\/o-que-e-central-de-atendimento-a-mulher-2013-ligue-180\">https:\/\/www.gov.br\/mdh\/pt-br\/assuntos\/denuncie-violencia-contra-a-mulher\/o-que-e-central-de-atendimento-a-mulher-2013-ligue-180<\/a><\/li>\n<li>CISVER &#8211; Cons\u00f3rcio Intermunicipal de Sa\u00fade das Vertentes &#8211; (32) 3372-1011 &#8211; <a href=\"https:\/\/www.cisver.mg.gov.br\/\">https:\/\/www.cisver.mg.gov.br\/<\/a><\/li>\n<li>Centro de Sa\u00fade Geraldo de Souza &#8211; (32) 3357-1255<\/li>\n<li>Conselho Tutelar de Coronel Xavier Chaves &#8211; (32) 3357-1449\u00a0\/ Plant\u00e3o (32) 9-9920-5016<\/li>\n<li>COPASA &#8211; 115\u00a0<a href=\"http:\/\/www.copasa.com.br\/\">http:\/\/www.copasa.com.br<\/a><\/li>\n<li>COPASA Coronel Xavier Chaves &#8211; (32) 3357-1227<\/li>\n<li>Corpo de Bombeiros \u2013 193 \/ 2\u00ba Pelot\u00e3o de Bombeiros Militar &#8211; S\u00e3o Jo\u00e3o Del Rei (32) 3379-2640 \u00a0<a href=\"http:\/\/www.bombeiros.mg.gov.br\/\">http:\/\/www.bombeiros.mg.gov.br<\/a><\/li>\n<li>Defensoria P\u00fablica da Comarca (32) 3354-1619\u00a0<a href=\"http:\/\/defensoria.mg.def.br\/\">http:\/\/defensoria.mg.def.br<\/a><\/li>\n<li>Defesa Civil &#8211; 199\u00a0<a href=\"http:\/\/www.defesacivil.mg.gov.br\/\">http:\/\/www.defesacivil.mg.gov.br<\/a><\/li>\n<li>Delegacia Pol\u00edcia Civil da Comarca &#8211; (32) 3354-2396 \u00a0<a href=\"http:\/\/www.policiacivil.mg.gov.br\/\">http:\/\/www.policiacivil.mg.gov.br<\/a><\/li>\n<li>Delegacia virtual:\u00a0<a href=\"https:\/\/delegaciavirtual.sids.mg.gov.br\/\">https:\/\/delegaciavirtual.sids.mg.gov.br<\/a><\/li>\n<li>Detran-MG &#8211; 155 (<a href=\"https:\/\/www.detran.mg.gov.br\/\">https:\/\/www.detran.mg.gov.br<\/a>)<\/li>\n<li>EMATER- MG- Escrit\u00f3rio &#8211; (32) 3357-1248 \u00a0<a href=\"http:\/\/www.emater.mg.gov.br\/\">http:\/\/www.emater.mg.gov.br<\/a><\/li>\n<li>Escola Estadual Coronel Xavier Chaves &#8211; (32) 3357-1325<\/li>\n<li>Escola Municipal Sebasti\u00e3o Patr\u00edcio Pinto &#8211; (32) 3357-1472<\/li>\n<li>ESF \u2013 Estrat\u00e9gia de Sa\u00fade da Fam\u00edlia de Coronel Xavier Chaves \u2013 (32) 3357-1383<\/li>\n<li>F\u00f3rum da Comarca de Resende Costa &#8211; (32) 3354-1388\u00a0<a href=\"http:\/\/www.tjmg.jus.br\/\">http:\/\/www.tjmg.jus.br<\/a><\/li>\n<li>Hospital Nossa Senhora do Ros\u00e1rio de Resende Costa &#8211; (32) 3354-1211<\/li>\n<li>Hospital Nossa Senhora das Merc\u00eas de S\u00e3o Jo\u00e3o del Rei &#8211; (32) 3379-2800<\/li>\n<li>INSS \u2013 135 \/ Ag\u00eancia de S\u00e3o Jo\u00e3o del Rei (32) 3371-8638\u00a0<a href=\"http:\/\/www.inss.gov.br\/\">http:\/\/www.inss.gov.br<\/a><\/li>\n<li>Pol\u00edcia Militar \u2013 190 \u2013 Cel. Xavier Chaves \/ 3357-1211 \/ (32)9-9807-7742\u00a0<a href=\"http:\/\/www.pmmg.mg.gov.br\/\">http:\/\/www.pmmg.mg.gov.br<\/a><\/li>\n<li>PMMG &#8211; 38\u00b0 Batalh\u00e3o da Pol\u00edcia Militar do Estado de Minas Gerais (32) 3322-1015<\/li>\n<li>Pol\u00edcia Rodovi\u00e1ria Federal \u2013 191 \/ Posto de Fiscaliza\u00e7\u00e3o de S\u00e3o Jo\u00e3o del Rei (32) 3373-2077 <a href=\"https:\/\/www.gov.br\/prf\/pt-br\">https:\/\/www.gov.br\/prf\/pt-br<\/a><\/li>\n<li>Prefeitura Municipal de Coronel Xavier Chaves &#8211; (32) 3357-1235 &#8211;\u00a0<a href=\"http:\/\/coronelxavierchaves.mg.gov.br\/\">http:\/\/coronelxavierchaves.mg.gov.br\/<\/a><\/li>\n<li>Programa Bem Viver Cel. Xavier Chaves \u2013 (32) 3357-1278<\/li>\n<li>Promotoria de Justi\u00e7a da Comarca de Resende Costa &#8211; (32) 3354-1667\u00a0 <a href=\"https:\/\/www.mpmg.mp.br\/portal\">https:\/\/www.mpmg.mp.br\/portal<\/a><\/li>\n<li>Receita Federal: 146 \/ S\u00e3o Jo\u00e3o del Rei (32) 3371-8007\u00a0 <a href=\"http:\/\/www.receita.fazenda.gov.br\">http:\/\/www.receita.fazenda.gov.br<\/a><\/li>\n<li>Rede Farm\u00e1cia de Minas \u201cJandir Silva\u201d CXC &#8211; (32) 3357-1348<\/li>\n<li>SAMU &#8211; 192\u00a0<a href=\"https:\/\/www.gov.br\/saude\/pt-br\/assuntos\/saude-de-a-a-z\/s\/servico-de-atendimento-movel-de-urgencia-samu-192\">https:\/\/www.gov.br\/saude\/pt-br\/assuntos\/saude-de-a-a-z\/s\/servico-de-atendimento-movel-de-urgencia-samu-192<\/a><\/li>\n<li>Santa Casa da Miseric\u00f3rdia de S\u00e3o Jo\u00e3o del Rei (32) 3379-2000<\/li>\n<li>Secretaria Municipal de Assist\u00eancia Social de Coronel Xavier Chaves &#8211; (32) 3357-1204<\/li>\n<li>Secretaria Municipal de Sa\u00fade de Coronel Xavier Chaves (32) 3357-1490<\/li>\n<li>Secretaria Paroquial (32)3357-1439<\/li>\n<li>Servi\u00e7o de Manuten\u00e7\u00e3o de Ilumina\u00e7\u00e3o P\u00fablica \u2013\u00a00800-033-1825 \/ WhatsApp (31) 9-9222-0496<\/li>\n<li>Sicoob Credivertentes &#8211; Coronel Xavier Chaves (32) 3357-1301<\/li>\n<\/ul>\n","protected":false},"excerpt":{"rendered":"<p>TELEFONES E SITES \u00daTEIS &#8211; CORONEL XAVIER CHAVES-MG ARCEL \u2013 Associa\u00e7\u00e3o Rural e Comunit\u00e1ria de Coronel Xavier Chaves (32) 3357-1203 Ag\u00eancia dos Correios de Coronal Xavier Chaves &#8211; (32) 3357-1220\u00a0 http:\/\/www.correios.com.br C\u00e2mara Municipal de Coronel Xavier Chaves &#8211; (32) 3357-1344\u00a0 http:\/\/camaracxc.mg.gov.br Cart\u00f3rio de Registro Civil e Notas de Cel. Xavier Chaves \u2013 (32) 9-8844-2428 Cart\u00f3rio [&hellip;]<\/p>\n","protected":false},"author":2,"featured_media":0,"parent":0,"menu_order":0,"comment_status":"closed","ping_status":"closed","template":"","meta":{"footnotes":"","_links_to":"","_links_to_target":""},"class_list":["post-2511","page","type-page","status-publish"],"yoast_head":"<!-- This site is optimized with the Yoast SEO plugin v27.1.1 - https:\/\/yoast.com\/product\/yoast-seo-wordpress\/ -->\n<title>Telefones \u00dateis - C\u00e2mara Municipal de Coronel Xavier Chaves<\/title>\n<meta name=\"robots\" content=\"index, follow, max-snippet:-1, max-image-preview:large, max-video-preview:-1\" \/>\n<link rel=\"canonical\" href=\"https:\/\/camaracxc.mg.gov.br\/site\/telefones-uteis\/\" \/>\n<meta property=\"og:locale\" content=\"pt_BR\" \/>\n<meta property=\"og:type\" content=\"article\" \/>\n<meta property=\"og:title\" content=\"Telefones \u00dateis - C\u00e2mara Municipal de Coronel Xavier Chaves\" \/>\n<meta property=\"og:description\" content=\"TELEFONES E SITES \u00daTEIS &#8211; CORONEL XAVIER CHAVES-MG ARCEL \u2013 Associa\u00e7\u00e3o Rural e Comunit\u00e1ria de Coronel Xavier Chaves (32) 3357-1203 Ag\u00eancia dos Correios de Coronal Xavier Chaves &#8211; (32) 3357-1220\u00a0 http:\/\/www.correios.com.br C\u00e2mara Municipal de Coronel Xavier Chaves &#8211; (32) 3357-1344\u00a0 http:\/\/camaracxc.mg.gov.br Cart\u00f3rio de Registro Civil e Notas de Cel. Xavier Chaves \u2013 (32) 9-8844-2428 Cart\u00f3rio [&hellip;]\" \/>\n<meta property=\"og:url\" content=\"https:\/\/camaracxc.mg.gov.br\/site\/telefones-uteis\/\" \/>\n<meta property=\"og:site_name\" content=\"C\u00e2mara Municipal de Coronel Xavier Chaves\" \/>\n<meta property=\"article:modified_time\" content=\"2024-06-17T19:40:50+00:00\" \/>\n<meta name=\"twitter:card\" content=\"summary_large_image\" \/>\n<meta name=\"twitter:label1\" content=\"Est. tempo de leitura\" \/>\n\t<meta name=\"twitter:data1\" content=\"8 minutos\" \/>\n<script type=\"application\/ld+json\" class=\"yoast-schema-graph\">{\"@context\":\"https:\/\/schema.org\",\"@graph\":[{\"@type\":\"WebPage\",\"@id\":\"https:\/\/camaracxc.mg.gov.br\/site\/telefones-uteis\/\",\"url\":\"https:\/\/camaracxc.mg.gov.br\/site\/telefones-uteis\/\",\"name\":\"Telefones \u00dateis - C\u00e2mara Municipal de Coronel Xavier Chaves\",\"isPartOf\":{\"@id\":\"https:\/\/camaracxc.mg.gov.br\/site\/#website\"},\"datePublished\":\"2022-07-25T16:05:42+00:00\",\"dateModified\":\"2024-06-17T19:40:50+00:00\",\"breadcrumb\":{\"@id\":\"https:\/\/camaracxc.mg.gov.br\/site\/telefones-uteis\/#breadcrumb\"},\"inLanguage\":\"pt-BR\",\"potentialAction\":[{\"@type\":\"ReadAction\",\"target\":[\"https:\/\/camaracxc.mg.gov.br\/site\/telefones-uteis\/\"]}]},{\"@type\":\"BreadcrumbList\",\"@id\":\"https:\/\/camaracxc.mg.gov.br\/site\/telefones-uteis\/#breadcrumb\",\"itemListElement\":[{\"@type\":\"ListItem\",\"position\":1,\"name\":\"In\u00edcio\",\"item\":\"https:\/\/camaracxc.mg.gov.br\/site\/\"},{\"@type\":\"ListItem\",\"position\":2,\"name\":\"Telefones \u00dateis\"}]},{\"@type\":\"WebSite\",\"@id\":\"https:\/\/camaracxc.mg.gov.br\/site\/#website\",\"url\":\"https:\/\/camaracxc.mg.gov.br\/site\/\",\"name\":\"C\u00e2mara Municipal de Coronel Xavier Chaves\",\"description\":\"\",\"potentialAction\":[{\"@type\":\"SearchAction\",\"target\":{\"@type\":\"EntryPoint\",\"urlTemplate\":\"https:\/\/camaracxc.mg.gov.br\/site\/?s={search_term_string}\"},\"query-input\":{\"@type\":\"PropertyValueSpecification\",\"valueRequired\":true,\"valueName\":\"search_term_string\"}}],\"inLanguage\":\"pt-BR\"}]}<\/script>\n<!-- \/ Yoast SEO plugin. -->","yoast_head_json":{"title":"Telefones \u00dateis - C\u00e2mara Municipal de Coronel Xavier Chaves","robots":{"index":"index","follow":"follow","max-snippet":"max-snippet:-1","max-image-preview":"max-image-preview:large","max-video-preview":"max-video-preview:-1"},"canonical":"https:\/\/camaracxc.mg.gov.br\/site\/telefones-uteis\/","og_locale":"pt_BR","og_type":"article","og_title":"Telefones \u00dateis - C\u00e2mara Municipal de Coronel Xavier Chaves","og_description":"TELEFONES E SITES \u00daTEIS &#8211; CORONEL XAVIER CHAVES-MG ARCEL \u2013 Associa\u00e7\u00e3o Rural e Comunit\u00e1ria de Coronel Xavier Chaves (32) 3357-1203 Ag\u00eancia dos Correios de Coronal Xavier Chaves &#8211; (32) 3357-1220\u00a0 http:\/\/www.correios.com.br C\u00e2mara Municipal de Coronel Xavier Chaves &#8211; (32) 3357-1344\u00a0 http:\/\/camaracxc.mg.gov.br Cart\u00f3rio de Registro Civil e Notas de Cel. Xavier Chaves \u2013 (32) 9-8844-2428 Cart\u00f3rio [&hellip;]","og_url":"https:\/\/camaracxc.mg.gov.br\/site\/telefones-uteis\/","og_site_name":"C\u00e2mara Municipal de Coronel Xavier Chaves","article_modified_time":"2024-06-17T19:40:50+00:00","twitter_card":"summary_large_image","twitter_misc":{"Est. tempo de leitura":"8 minutos"},"schema":{"@context":"https:\/\/schema.org","@graph":[{"@type":"WebPage","@id":"https:\/\/camaracxc.mg.gov.br\/site\/telefones-uteis\/","url":"https:\/\/camaracxc.mg.gov.br\/site\/telefones-uteis\/","name":"Telefones \u00dateis - C\u00e2mara Municipal de Coronel Xavier Chaves","isPartOf":{"@id":"https:\/\/camaracxc.mg.gov.br\/site\/#website"},"datePublished":"2022-07-25T16:05:42+00:00","dateModified":"2024-06-17T19:40:50+00:00","breadcrumb":{"@id":"https:\/\/camaracxc.mg.gov.br\/site\/telefones-uteis\/#breadcrumb"},"inLanguage":"pt-BR","potentialAction":[{"@type":"ReadAction","target":["https:\/\/camaracxc.mg.gov.br\/site\/telefones-uteis\/"]}]},{"@type":"BreadcrumbList","@id":"https:\/\/camaracxc.mg.gov.br\/site\/telefones-uteis\/#breadcrumb","itemListElement":[{"@type":"ListItem","position":1,"name":"In\u00edcio","item":"https:\/\/camaracxc.mg.gov.br\/site\/"},{"@type":"ListItem","position":2,"name":"Telefones \u00dateis"}]},{"@type":"WebSite","@id":"https:\/\/camaracxc.mg.gov.br\/site\/#website","url":"https:\/\/camaracxc.mg.gov.br\/site\/","name":"C\u00e2mara Municipal de Coronel Xavier Chaves","description":"","potentialAction":[{"@type":"SearchAction","target":{"@type":"EntryPoint","urlTemplate":"https:\/\/camaracxc.mg.gov.br\/site\/?s={search_term_string}"},"query-input":{"@type":"PropertyValueSpecification","valueRequired":true,"valueName":"search_term_string"}}],"inLanguage":"pt-BR"}]}},"_links":{"self":[{"href":"https:\/\/camaracxc.mg.gov.br\/site\/wp-json\/wp\/v2\/pages\/2511","targetHints":{"allow":["GET"]}}],"collection":[{"href":"https:\/\/camaracxc.mg.gov.br\/site\/wp-json\/wp\/v2\/pages"}],"about":[{"href":"https:\/\/camaracxc.mg.gov.br\/site\/wp-json\/wp\/v2\/types\/page"}],"author":[{"embeddable":true,"href":"https:\/\/camaracxc.mg.gov.br\/site\/wp-json\/wp\/v2\/users\/2"}],"replies":[{"embeddable":true,"href":"https:\/\/camaracxc.mg.gov.br\/site\/wp-json\/wp\/v2\/comments?post=2511"}],"version-history":[{"count":6,"href":"https:\/\/camaracxc.mg.gov.br\/site\/wp-json\/wp\/v2\/pages\/2511\/revisions"}],"predecessor-version":[{"id":3082,"href":"https:\/\/camaracxc.mg.gov.br\/site\/wp-json\/wp\/v2\/pages\/2511\/revisions\/3082"}],"wp:attachment":[{"href":"https:\/\/camaracxc.mg.gov.br\/site\/wp-json\/wp\/v2\/media?parent=2511"}],"curies":[{"name":"wp","href":"https:\/\/api.w.org\/{rel}","templated":true}]}}