{"id":2259,"date":"2022-01-27T10:40:19","date_gmt":"2022-01-27T13:40:19","guid":{"rendered":"http:\/\/camaracxc.mg.gov.br\/site\/?page_id=2259"},"modified":"2025-05-21T16:12:33","modified_gmt":"2025-05-21T19:12:33","slug":"estrutura-organizacional","status":"publish","type":"page","link":"https:\/\/camaracxc.mg.gov.br\/site\/estrutura-organizacional\/","title":{"rendered":"Estrutura Organizacional e Atribui\u00e7\u00f5es"},"content":{"rendered":"<p style=\"text-align: justify;\">Endere\u00e7o de funcionamento: Sala da Quadra Poliesportiva Capit\u00e3o Jos\u00e9 Anselmo, Rua Padre Luis Andr\u00e9 Gomes, n\u00b0 45, Centro (provisoriamente, conforme Portaria n\u00b0 08, de 30 de julho de 2024)<br \/>\nHor\u00e1rio de atendimento: 13h \u00e0s 18h<br \/>\nTelefone de contato: (32) 3216-1053 Ramal 145<br \/>\nEmail: contato@camaracxc.mg.gov.br<\/p>\n<p><img loading=\"lazy\" decoding=\"async\" class=\" td-modal-image aligncenter wp-image-2310 size-full\" src=\"http:\/\/camaracxc.mg.gov.br\/site\/wp-content\/uploads\/2022\/01\/Organizacional.jpg\" alt=\"\" width=\"524\" height=\"758\" srcset=\"https:\/\/camaracxc.mg.gov.br\/site\/wp-content\/uploads\/2022\/01\/Organizacional.jpg 524w, https:\/\/camaracxc.mg.gov.br\/site\/wp-content\/uploads\/2022\/01\/Organizacional-207x300.jpg 207w, https:\/\/camaracxc.mg.gov.br\/site\/wp-content\/uploads\/2022\/01\/Organizacional-150x217.jpg 150w, https:\/\/camaracxc.mg.gov.br\/site\/wp-content\/uploads\/2022\/01\/Organizacional-300x434.jpg 300w\" sizes=\"auto, (max-width: 524px) 100vw, 524px\" \/><\/p>\n<table width=\"599\">\n<tbody>\n<tr>\n<td width=\"599\"><strong>Atribui\u00e7\u00f5es<\/strong><\/td>\n<\/tr>\n<tr>\n<td style=\"text-align: justify;\" width=\"599\">I &#8211; Atuar no atendimento ao p\u00fablico em geral;<\/td>\n<\/tr>\n<tr>\n<td style=\"text-align: justify;\" width=\"599\">II &#8211; Executar trabalhos de digita\u00e7\u00e3o de of\u00edcios, expedientes em geral;<\/td>\n<\/tr>\n<tr>\n<td style=\"text-align: justify;\" width=\"599\">III &#8211; Preparar a pauta das sess\u00f5es, redigindo as respectivas atas (Registro de atos digitados &#8211; Resolu\u00e7\u00e3o n\u00ba 01, de 16 de janeiro de 2019);<\/td>\n<\/tr>\n<tr>\n<td style=\"text-align: justify;\" width=\"599\">IV &#8211; Manter protocolos e arquivos de leis, proposi\u00e7\u00f5es de lei, projetos de lei, pareceres e demais atos da C\u00e2mara;<\/td>\n<\/tr>\n<tr>\n<td style=\"text-align: justify;\" width=\"599\">V \u2013 Observar as medidas de seguran\u00e7a necess\u00e1rias para os dados e cadastro de fichas funcionais no \u00e2mbito do Legislativo Municipal nos termos da Lei federal n\u00ba 13.709, de 14 de agosto de 2018 (LGPD &#8211; Lei Geral de Prote\u00e7\u00e3o de Dados);<\/td>\n<\/tr>\n<tr>\n<td style=\"text-align: justify;\" width=\"599\">VI \u2013 Participar das duas sess\u00f5es ordin\u00e1rias mensais da C\u00e2mara Municipal, conforme Resolu\u00e7\u00e3o Legislativa n\u00ba 08, de 27 de julho de 2012;<\/td>\n<\/tr>\n<tr>\n<td style=\"text-align: justify;\" width=\"599\">VII \u2013 Controlar o envio dos atos de julgamento das Contas do Munic\u00edpio junto ao Controle Interno atrav\u00e9s do novo Sistema Informatizado do Minist\u00e9rio P\u00fablico de Contas do Estado de Minas Gerais \u2013 SIMP (Resolu\u00e7\u00e3o MPC\/MG n\u00ba 19\/2020);<\/td>\n<\/tr>\n<tr>\n<td style=\"text-align: justify;\" width=\"599\">VIII &#8211; Representar o Legislativo Municipal como membro da Comiss\u00e3o do Sistema \u00danico e Integrado de Execu\u00e7\u00e3o Or\u00e7ament\u00e1ria, Administra\u00e7\u00e3o Financeira e Controle \u2013 SIAFIC, previsto no Decreto Federal n\u00ba 10.540, de 05 de novembro de 2020;<\/td>\n<\/tr>\n<tr>\n<td style=\"text-align: justify;\" width=\"599\">IX \u2013 Operar o Sistema de Grava\u00e7\u00e3o das Sess\u00f5es da C\u00e2mara Municipal &#8211; \u201cAta Eletr\u00f4nica\u201d nos termos Resolu\u00e7\u00e3o legislativa n\u00ba 04, de 29 de outubro de 2010, com realiza\u00e7\u00e3o de armazenamento e backup;<\/td>\n<\/tr>\n<tr>\n<td style=\"text-align: justify;\" width=\"599\">X &#8211; Controlar o gerenciamento de usu\u00e1rio externo dos atos do Legislativo Municipal no SEI \u2013 Sistema Eletr\u00f4nico de Informa\u00e7\u00f5es \u2013 MPMG (Minist\u00e9rio P\u00fablico de Minas Gerais);<\/td>\n<\/tr>\n<tr>\n<td style=\"text-align: justify;\" width=\"599\">XI &#8211; Assinar juntamente com o Presidente da C\u00e2mara e Controle Interno os empenhos da C\u00e2mara Municipal, conferindo o recebimento dos bens, pagamentos e ordens de servi\u00e7os prestados;<\/td>\n<\/tr>\n<tr>\n<td style=\"text-align: justify;\" width=\"599\">XII &#8211; Responsabilizar-se pela guarda dos bens patrimoniais da C\u00e2mara Municipal, firmando Termo de Responsabilidade junto ao Setor de Patrim\u00f4nio;<\/td>\n<\/tr>\n<tr>\n<td style=\"text-align: justify;\" width=\"599\">XIII &#8211; Realizar a edi\u00e7\u00e3o e publica\u00e7\u00e3o do Informativo Oficial do Legislativo nos termos da Resolu\u00e7\u00e3o n\u00ba 03, de 08 de mar\u00e7o de 2021;<\/td>\n<\/tr>\n<tr>\n<td style=\"text-align: justify;\" width=\"599\">XIV &#8211; Zelar pela conserva\u00e7\u00e3o dos livros de Atas de Funda\u00e7\u00e3o do Munic\u00edpio, posses do Prefeito, Vices e Vereadores.<\/td>\n<\/tr>\n<tr>\n<td style=\"text-align: justify;\" width=\"599\">XV \u2013 Realizar a alimenta\u00e7\u00e3o de dados do Site Oficial do Poder Legislativo Municipal;<\/td>\n<\/tr>\n<tr>\n<td style=\"text-align: justify;\" width=\"599\">XVI- Realizar controle do endere\u00e7o eletr\u00f4nico (e-mail institucional) da C\u00e2mara Municipal, realizando a triagem, despachos e protocolos;<\/td>\n<\/tr>\n<tr>\n<td style=\"text-align: justify;\" width=\"599\">XVII &#8211; Recepcionar, realizar a triagem, despacho e emiss\u00e3o de correspond\u00eancias oficiais da C\u00e2mara Municipal;<\/td>\n<\/tr>\n<tr>\n<td style=\"text-align: justify;\" width=\"599\">XVIII &#8211; Opera\u00e7\u00e3o do sistema de proje\u00e7\u00e3o e videoconfer\u00eancia nas sess\u00f5es oficiais da C\u00e2mara Municipal;<\/td>\n<\/tr>\n<tr>\n<td style=\"text-align: justify;\" width=\"599\">XIX &#8211; Controlar a utiliza\u00e7\u00e3o de materiais de escrit\u00f3rio;<\/td>\n<\/tr>\n<tr>\n<td style=\"text-align: justify;\" width=\"599\">XX &#8211; Comunicar e encaminhar a Presid\u00eancia todo e qualquer pedido de uso das depend\u00eancias para o devido registro e provid\u00eancia;<\/td>\n<\/tr>\n<tr>\n<td style=\"text-align: justify;\" width=\"599\">XXI &#8211; Detectar todo e qualquer problema com os equipamentos do Poder visando o perfeito funcionamento dos mesmos e requerer as devidas provid\u00eancias;<\/td>\n<\/tr>\n<tr>\n<td style=\"text-align: justify;\" width=\"599\">XXII &#8211; Manter banco de dados eletr\u00f4nico organizado atualizado e realiza\u00e7\u00e3o peri\u00f3dica de backups;<\/td>\n<\/tr>\n<tr>\n<td style=\"text-align: justify;\" width=\"599\">XXIII &#8211; Coordenar os cerimoniais da C\u00e2mara, bem como solenidades internas e externas;<\/td>\n<\/tr>\n<tr>\n<td style=\"text-align: justify;\" width=\"599\">XXIV &#8211; Auxiliar no cumprimento dos atos administrativos e funcionais da C\u00e2mara Municipal;<\/td>\n<\/tr>\n<tr>\n<td style=\"text-align: justify;\" width=\"599\">XXV &#8211; Agendar os compromissos dos Vereadores relativos ao exerc\u00edcio de sua fun\u00e7\u00e3o legislativa;<\/td>\n<\/tr>\n<\/tbody>\n<\/table>\n","protected":false},"excerpt":{"rendered":"<p>Endere\u00e7o de funcionamento: Sala da Quadra Poliesportiva Capit\u00e3o Jos\u00e9 Anselmo, Rua Padre Luis Andr\u00e9 Gomes, n\u00b0 45, Centro (provisoriamente, conforme Portaria n\u00b0 08, de 30 de julho de 2024) Hor\u00e1rio de atendimento: 13h \u00e0s 18h Telefone de contato: (32) 3216-1053 Ramal 145 Email: contato@camaracxc.mg.gov.br Atribui\u00e7\u00f5es I &#8211; Atuar no atendimento ao p\u00fablico em geral; II [&hellip;]<\/p>\n","protected":false},"author":2,"featured_media":0,"parent":0,"menu_order":0,"comment_status":"closed","ping_status":"closed","template":"","meta":{"footnotes":"","_links_to":"","_links_to_target":""},"class_list":["post-2259","page","type-page","status-publish"],"yoast_head":"<!-- This site is optimized with the Yoast SEO plugin v27.1.1 - https:\/\/yoast.com\/product\/yoast-seo-wordpress\/ -->\n<title>Estrutura Organizacional e Atribui\u00e7\u00f5es - C\u00e2mara Municipal de Coronel Xavier Chaves<\/title>\n<meta name=\"robots\" content=\"index, follow, max-snippet:-1, max-image-preview:large, max-video-preview:-1\" \/>\n<link rel=\"canonical\" href=\"https:\/\/camaracxc.mg.gov.br\/site\/estrutura-organizacional\/\" \/>\n<meta property=\"og:locale\" content=\"pt_BR\" \/>\n<meta property=\"og:type\" content=\"article\" \/>\n<meta property=\"og:title\" content=\"Estrutura Organizacional e Atribui\u00e7\u00f5es - C\u00e2mara Municipal de Coronel Xavier Chaves\" \/>\n<meta property=\"og:description\" content=\"Endere\u00e7o de funcionamento: Sala da Quadra Poliesportiva Capit\u00e3o Jos\u00e9 Anselmo, Rua Padre Luis Andr\u00e9 Gomes, n\u00b0 45, Centro (provisoriamente, conforme Portaria n\u00b0 08, de 30 de julho de 2024) Hor\u00e1rio de atendimento: 13h \u00e0s 18h Telefone de contato: (32) 3216-1053 Ramal 145 Email: contato@camaracxc.mg.gov.br Atribui\u00e7\u00f5es I &#8211; Atuar no atendimento ao p\u00fablico em geral; II [&hellip;]\" \/>\n<meta property=\"og:url\" content=\"https:\/\/camaracxc.mg.gov.br\/site\/estrutura-organizacional\/\" \/>\n<meta property=\"og:site_name\" content=\"C\u00e2mara Municipal de Coronel Xavier Chaves\" \/>\n<meta property=\"article:modified_time\" content=\"2025-05-21T19:12:33+00:00\" \/>\n<meta property=\"og:image\" content=\"https:\/\/camaracxc.mg.gov.br\/site\/wp-content\/uploads\/2022\/01\/Organizacional.jpg\" \/>\n\t<meta property=\"og:image:width\" content=\"524\" \/>\n\t<meta property=\"og:image:height\" content=\"758\" \/>\n\t<meta property=\"og:image:type\" content=\"image\/jpeg\" \/>\n<meta name=\"twitter:card\" content=\"summary_large_image\" \/>\n<meta name=\"twitter:label1\" content=\"Est. tempo de leitura\" \/>\n\t<meta name=\"twitter:data1\" content=\"3 minutos\" \/>\n<script type=\"application\/ld+json\" class=\"yoast-schema-graph\">{\"@context\":\"https:\/\/schema.org\",\"@graph\":[{\"@type\":\"WebPage\",\"@id\":\"https:\/\/camaracxc.mg.gov.br\/site\/estrutura-organizacional\/\",\"url\":\"https:\/\/camaracxc.mg.gov.br\/site\/estrutura-organizacional\/\",\"name\":\"Estrutura Organizacional e Atribui\u00e7\u00f5es - C\u00e2mara Municipal de Coronel Xavier Chaves\",\"isPartOf\":{\"@id\":\"https:\/\/camaracxc.mg.gov.br\/site\/#website\"},\"primaryImageOfPage\":{\"@id\":\"https:\/\/camaracxc.mg.gov.br\/site\/estrutura-organizacional\/#primaryimage\"},\"image\":{\"@id\":\"https:\/\/camaracxc.mg.gov.br\/site\/estrutura-organizacional\/#primaryimage\"},\"thumbnailUrl\":\"http:\/\/camaracxc.mg.gov.br\/site\/wp-content\/uploads\/2022\/01\/Organizacional.jpg\",\"datePublished\":\"2022-01-27T13:40:19+00:00\",\"dateModified\":\"2025-05-21T19:12:33+00:00\",\"breadcrumb\":{\"@id\":\"https:\/\/camaracxc.mg.gov.br\/site\/estrutura-organizacional\/#breadcrumb\"},\"inLanguage\":\"pt-BR\",\"potentialAction\":[{\"@type\":\"ReadAction\",\"target\":[\"https:\/\/camaracxc.mg.gov.br\/site\/estrutura-organizacional\/\"]}]},{\"@type\":\"ImageObject\",\"inLanguage\":\"pt-BR\",\"@id\":\"https:\/\/camaracxc.mg.gov.br\/site\/estrutura-organizacional\/#primaryimage\",\"url\":\"https:\/\/camaracxc.mg.gov.br\/site\/wp-content\/uploads\/2022\/01\/Organizacional.jpg\",\"contentUrl\":\"https:\/\/camaracxc.mg.gov.br\/site\/wp-content\/uploads\/2022\/01\/Organizacional.jpg\",\"width\":524,\"height\":758},{\"@type\":\"BreadcrumbList\",\"@id\":\"https:\/\/camaracxc.mg.gov.br\/site\/estrutura-organizacional\/#breadcrumb\",\"itemListElement\":[{\"@type\":\"ListItem\",\"position\":1,\"name\":\"In\u00edcio\",\"item\":\"https:\/\/camaracxc.mg.gov.br\/site\/\"},{\"@type\":\"ListItem\",\"position\":2,\"name\":\"Estrutura Organizacional e Atribui\u00e7\u00f5es\"}]},{\"@type\":\"WebSite\",\"@id\":\"https:\/\/camaracxc.mg.gov.br\/site\/#website\",\"url\":\"https:\/\/camaracxc.mg.gov.br\/site\/\",\"name\":\"C\u00e2mara Municipal de Coronel Xavier Chaves\",\"description\":\"\",\"potentialAction\":[{\"@type\":\"SearchAction\",\"target\":{\"@type\":\"EntryPoint\",\"urlTemplate\":\"https:\/\/camaracxc.mg.gov.br\/site\/?s={search_term_string}\"},\"query-input\":{\"@type\":\"PropertyValueSpecification\",\"valueRequired\":true,\"valueName\":\"search_term_string\"}}],\"inLanguage\":\"pt-BR\"}]}<\/script>\n<!-- \/ Yoast SEO plugin. -->","yoast_head_json":{"title":"Estrutura Organizacional e Atribui\u00e7\u00f5es - C\u00e2mara Municipal de Coronel Xavier Chaves","robots":{"index":"index","follow":"follow","max-snippet":"max-snippet:-1","max-image-preview":"max-image-preview:large","max-video-preview":"max-video-preview:-1"},"canonical":"https:\/\/camaracxc.mg.gov.br\/site\/estrutura-organizacional\/","og_locale":"pt_BR","og_type":"article","og_title":"Estrutura Organizacional e Atribui\u00e7\u00f5es - C\u00e2mara Municipal de Coronel Xavier Chaves","og_description":"Endere\u00e7o de funcionamento: Sala da Quadra Poliesportiva Capit\u00e3o Jos\u00e9 Anselmo, Rua Padre Luis Andr\u00e9 Gomes, n\u00b0 45, Centro (provisoriamente, conforme Portaria n\u00b0 08, de 30 de julho de 2024) Hor\u00e1rio de atendimento: 13h \u00e0s 18h Telefone de contato: (32) 3216-1053 Ramal 145 Email: contato@camaracxc.mg.gov.br Atribui\u00e7\u00f5es I &#8211; Atuar no atendimento ao p\u00fablico em geral; II [&hellip;]","og_url":"https:\/\/camaracxc.mg.gov.br\/site\/estrutura-organizacional\/","og_site_name":"C\u00e2mara Municipal de Coronel Xavier Chaves","article_modified_time":"2025-05-21T19:12:33+00:00","og_image":[{"width":524,"height":758,"url":"https:\/\/camaracxc.mg.gov.br\/site\/wp-content\/uploads\/2022\/01\/Organizacional.jpg","type":"image\/jpeg"}],"twitter_card":"summary_large_image","twitter_misc":{"Est. tempo de leitura":"3 minutos"},"schema":{"@context":"https:\/\/schema.org","@graph":[{"@type":"WebPage","@id":"https:\/\/camaracxc.mg.gov.br\/site\/estrutura-organizacional\/","url":"https:\/\/camaracxc.mg.gov.br\/site\/estrutura-organizacional\/","name":"Estrutura Organizacional e Atribui\u00e7\u00f5es - C\u00e2mara Municipal de Coronel Xavier Chaves","isPartOf":{"@id":"https:\/\/camaracxc.mg.gov.br\/site\/#website"},"primaryImageOfPage":{"@id":"https:\/\/camaracxc.mg.gov.br\/site\/estrutura-organizacional\/#primaryimage"},"image":{"@id":"https:\/\/camaracxc.mg.gov.br\/site\/estrutura-organizacional\/#primaryimage"},"thumbnailUrl":"http:\/\/camaracxc.mg.gov.br\/site\/wp-content\/uploads\/2022\/01\/Organizacional.jpg","datePublished":"2022-01-27T13:40:19+00:00","dateModified":"2025-05-21T19:12:33+00:00","breadcrumb":{"@id":"https:\/\/camaracxc.mg.gov.br\/site\/estrutura-organizacional\/#breadcrumb"},"inLanguage":"pt-BR","potentialAction":[{"@type":"ReadAction","target":["https:\/\/camaracxc.mg.gov.br\/site\/estrutura-organizacional\/"]}]},{"@type":"ImageObject","inLanguage":"pt-BR","@id":"https:\/\/camaracxc.mg.gov.br\/site\/estrutura-organizacional\/#primaryimage","url":"https:\/\/camaracxc.mg.gov.br\/site\/wp-content\/uploads\/2022\/01\/Organizacional.jpg","contentUrl":"https:\/\/camaracxc.mg.gov.br\/site\/wp-content\/uploads\/2022\/01\/Organizacional.jpg","width":524,"height":758},{"@type":"BreadcrumbList","@id":"https:\/\/camaracxc.mg.gov.br\/site\/estrutura-organizacional\/#breadcrumb","itemListElement":[{"@type":"ListItem","position":1,"name":"In\u00edcio","item":"https:\/\/camaracxc.mg.gov.br\/site\/"},{"@type":"ListItem","position":2,"name":"Estrutura Organizacional e Atribui\u00e7\u00f5es"}]},{"@type":"WebSite","@id":"https:\/\/camaracxc.mg.gov.br\/site\/#website","url":"https:\/\/camaracxc.mg.gov.br\/site\/","name":"C\u00e2mara Municipal de Coronel Xavier Chaves","description":"","potentialAction":[{"@type":"SearchAction","target":{"@type":"EntryPoint","urlTemplate":"https:\/\/camaracxc.mg.gov.br\/site\/?s={search_term_string}"},"query-input":{"@type":"PropertyValueSpecification","valueRequired":true,"valueName":"search_term_string"}}],"inLanguage":"pt-BR"}]}},"_links":{"self":[{"href":"https:\/\/camaracxc.mg.gov.br\/site\/wp-json\/wp\/v2\/pages\/2259","targetHints":{"allow":["GET"]}}],"collection":[{"href":"https:\/\/camaracxc.mg.gov.br\/site\/wp-json\/wp\/v2\/pages"}],"about":[{"href":"https:\/\/camaracxc.mg.gov.br\/site\/wp-json\/wp\/v2\/types\/page"}],"author":[{"embeddable":true,"href":"https:\/\/camaracxc.mg.gov.br\/site\/wp-json\/wp\/v2\/users\/2"}],"replies":[{"embeddable":true,"href":"https:\/\/camaracxc.mg.gov.br\/site\/wp-json\/wp\/v2\/comments?post=2259"}],"version-history":[{"count":5,"href":"https:\/\/camaracxc.mg.gov.br\/site\/wp-json\/wp\/v2\/pages\/2259\/revisions"}],"predecessor-version":[{"id":3391,"href":"https:\/\/camaracxc.mg.gov.br\/site\/wp-json\/wp\/v2\/pages\/2259\/revisions\/3391"}],"wp:attachment":[{"href":"https:\/\/camaracxc.mg.gov.br\/site\/wp-json\/wp\/v2\/media?parent=2259"}],"curies":[{"name":"wp","href":"https:\/\/api.w.org\/{rel}","templated":true}]}}