{"id":2218,"date":"2022-01-27T08:59:46","date_gmt":"2022-01-27T11:59:46","guid":{"rendered":"http:\/\/camaracxc.mg.gov.br\/site\/?page_id=2218"},"modified":"2022-01-28T09:29:10","modified_gmt":"2022-01-28T12:29:10","slug":"acesso-a-informacao","status":"publish","type":"page","link":"https:\/\/camaracxc.mg.gov.br\/site\/acesso-a-informacao\/","title":{"rendered":"Acesso \u00e0 Informa\u00e7\u00e3o"},"content":{"rendered":"<div id=\"tdi_1\" class=\"tdc-zone\"><div class=\"tdc_zone tdi_2  wpb_row td-pb-row\"  >\n<style scoped>\n\/* custom css - generated by TagDiv Composer *\/\n\n\/* custom css - generated by TagDiv Composer *\/\n.tdi_2{\r\n                    min-height: 0;\r\n                }\n<\/style><div id=\"tdi_3\" class=\"tdc-row\"><div class=\"vc_row tdi_4  wpb_row td-pb-row\" >\n<style scoped>\n\/* custom css - generated by TagDiv Composer *\/\n\n\/* custom css - generated by TagDiv Composer *\/\n.tdi_4,\r\n                .tdi_4 .tdc-columns{\r\n                    min-height: 0;\r\n                }.tdi_4,\r\n\t\t\t\t.tdi_4 .tdc-columns{\r\n\t\t\t\t    display: block;\r\n\t\t\t\t}.tdi_4 .tdc-columns{\r\n\t\t\t\t    width: 100%;\r\n\t\t\t\t}.tdi_4:before,\r\n\t\t\t\t.tdi_4:after{\r\n\t\t\t\t    display: table;\r\n\t\t\t\t}\n<\/style><div class=\"vc_column tdi_6  wpb_column vc_column_container tdc-column td-pb-span3\">\n<style scoped>\n\/* custom css - generated by TagDiv Composer *\/\n\n\/* custom css - generated by TagDiv Composer *\/\n.tdi_6{\r\n                    vertical-align: baseline;\r\n                }.tdi_6 > .wpb_wrapper,\r\n\t\t\t\t.tdi_6 > .wpb_wrapper > .tdc-elements{\r\n\t\t\t\t    display: block;\r\n\t\t\t\t}.tdi_6 > .wpb_wrapper > .tdc-elements{\r\n\t\t\t\t    width: 100%;\r\n\t\t\t\t}.tdi_6 > .wpb_wrapper > .vc_row_inner{\r\n\t\t\t\t    width: auto;\r\n\t\t\t\t}.tdi_6 > .wpb_wrapper{\r\n\t\t\t\t    width: auto;\r\n\t\t\t\t    height: auto;\r\n\t\t\t\t}\n<\/style><div class=\"wpb_wrapper\" ><div class=\"td_block_wrap td_block_list_menu tdi_7 td-blm-display-vertical td-pb-border-top td_block_template_1 widget\"  data-td-block-uid=\"tdi_7\" >\n<style>\n.td-theme-wrap .tdi_7 .td-pulldown-filter-link:hover,\r\n            .td-theme-wrap .tdi_7 .td-subcat-item a:hover,\r\n            .td-theme-wrap .tdi_7 .td-subcat-item .td-cur-simple-item {\r\n                color: #1e73be;\r\n            }\r\n\r\n            .td-theme-wrap .tdi_7 .block-title > *,\r\n            .td-theme-wrap .tdi_7 .td-subcat-dropdown:hover .td-subcat-more {\r\n                background-color: #1e73be;\r\n            }\r\n            .td-theme-wrap .td-footer-wrapper .tdi_7 .block-title > * {\r\n                padding: 6px 7px 5px;\r\n                line-height: 1;\r\n            }\r\n\r\n            .td-theme-wrap .tdi_7 .block-title {\r\n                border-color: #1e73be;\r\n            }\r\n\r\n            \r\n            .td-theme-wrap .tdi_7 .td_module_wrap:hover .entry-title a,\r\n            .td-theme-wrap .tdi_7 .td_quote_on_blocks,\r\n            .td-theme-wrap .tdi_7 .td-opacity-cat .td-post-category:hover,\r\n            .td-theme-wrap .tdi_7 .td-opacity-read .td-read-more a:hover,\r\n            .td-theme-wrap .tdi_7 .td-opacity-author .td-post-author-name a:hover,\r\n            .td-theme-wrap .tdi_7 .td-instagram-user a {\r\n                color: #4c89bf;\r\n            }\r\n\r\n            .td-theme-wrap .tdi_7 .td-next-prev-wrap a:hover,\r\n            .td-theme-wrap .tdi_7 .td-load-more-wrap a:hover {\r\n                background-color: #4c89bf;\r\n                border-color: #4c89bf;\r\n            }\r\n\r\n            .td-theme-wrap .tdi_7 .td-read-more a,\r\n            .td-theme-wrap .tdi_7 .td-weather-information:before,\r\n            .td-theme-wrap .tdi_7 .td-weather-week:before,\r\n            .td-theme-wrap .tdi_7 .td-exchange-header:before,\r\n            .td-theme-wrap .td-footer-wrapper .tdi_7 .td-post-category,\r\n            .td-theme-wrap .tdi_7 .td-post-category:hover {\r\n                background-color: #4c89bf;\r\n            }\n\/* inline tdc_css att - generated by TagDiv Composer *\/\n\n.tdi_7{\nborder-color:#000000 !important;\nborder-style:solid !important;\nborder-width:0 !important;\n}\n\n<\/style>\n<style>\n\/* custom css - generated by TagDiv Composer *\/\n.td_block_list_menu ul{\r\n                  flex-wrap: wrap;\r\n                  margin-left: 12px;\r\n                }.td_block_list_menu ul li{\r\n\t\t\t\t\tmargin-left: 0;\r\n\t\t\t\t}.td_block_list_menu ul li a{\r\n\t\t\t\t\tdisplay: flex;\r\n                  \tmargin-left: 0;\r\n                }.td_block_list_menu .td-blm-menu-item-txt{\r\n\t\t\t\t\tdisplay: flex;\r\n\t\t\t\t\talign-items: center;\r\n\t\t\t\t\tflex-grow: 1;\r\n\t\t\t\t}.td_block_list_menu .sub-menu{\r\n                  padding-left: 22px;\r\n                }.td_block_list_menu .sub-menu li{\r\n                  font-size: 13px;\r\n                }.td_block_list_menu li.current-menu-item > a,\r\n\t\t\t\t.td_block_list_menu li.current-menu-ancestor > a,\r\n\t\t\t\t.td_block_list_menu li.current-category-ancestor > a,\r\n\t\t\t\t.td_block_list_menu li.current-page-ancestor > a{\r\n\t\t\t\t    color: var(--td_theme_color, #4db2ec);\r\n\t\t\t\t}.td_block_list_menu .td-blm-sub-icon{\r\n\t\t\t\t\tdisplay: flex;\r\n\t\t\t\t\talign-items: center;\r\n\t\t\t\t\tjustify-content: center;\r\n\t\t\t\t\tmargin-left: .6em;\r\n\t\t\t\t\tpadding: 0 .6em;\r\n\t\t\t\t\ttransition: transform .2s ease-in-out;\r\n\t\t\t\t}.td_block_list_menu .td-blm-sub-icon svg{\r\n\t\t\t\t\tdisplay: block;\r\n\t\t\t\t\twidth: 1em;\r\n\t\t\t\t\theight: auto;\r\n\t\t\t\t}.td_block_list_menu .td-blm-sub-icon svg,\r\n\t\t\t\t.td_block_list_menu .td-blm-sub-icon svg *{\r\n\t\t\t\t\tfill: currentColor;\r\n\t\t\t\t}.td_block_list_menu.td-blm-display-accordion .menu-item-has-children ul{\r\n\t\t\t\t\tdisplay: none;\r\n\t\t\t\t}.td_block_list_menu.td-blm-display-accordion .menu-item-has-children-open > a > .td-blm-sub-icon{\r\n\t\t\t\t\ttransform: rotate(180deg);\r\n\t\t\t\t}.td_block_list_menu.td-blm-display-horizontal ul{\r\n\t\t\t\t\tdisplay: flex;\r\n\t\t\t\t}body .tdi_7 a,\r\n\t\t\t\tbody .tdi_7 .td-blm-sub-icon{\r\n\t\t\t\t\tcolor: #000000;\r\n\t\t\t\t}body .tdi_7 li.current-menu-item > a,\r\n\t\t\t\tbody .tdi_7 li.current-menu-ancestor > a,\r\n\t\t\t\tbody .tdi_7 li.current-category-ancestor > a,\r\n\t\t\t\tbody .tdi_7 li.current-page-ancestor > a,\r\n\t\t\t\tbody .tdi_7 a:hover,\r\n\t\t\t\tbody .tdi_7 li.current-menu-item > a > .td-blm-sub-icon,\r\n\t\t\t\tbody .tdi_7 li.current-menu-ancestor > a > .td-blm-sub-icon,\r\n\t\t\t\tbody .tdi_7 li.current-category-ancestor > a > .td-blm-sub-icon,\r\n\t\t\t\tbody .tdi_7 li.current-page-ancestor > a > .td-blm-sub-icon,\r\n\t\t\t\tbody .tdi_7 a:hover > .td-blm-sub-icon{\r\n\t\t\t\t\tcolor: #508bbf;\r\n\t\t\t\t}body .tdi_7 li{\r\n\t\t\t\t\tfont-weight:600 !important;\r\n\t\t\t\t}\n<\/style><div class=\"td-block-title-wrap\"><h4 class=\"block-title td-block-title\"><span class=\"td-pulldown-size\">MENU - Acesso \u00e0 Informa\u00e7\u00e3o<\/span><\/h4><\/div><div id=tdi_7 class=\"td_block_inner td-fix-index\"><div class=\"menu-transparencia-container\"><ul id=\"menu-transparencia\" class=\"menu\"><li id=\"menu-item-2235\" class=\"menu-item menu-item-type-custom menu-item-object-custom menu-item-2235\"><a href=\"http:\/\/planalto.gov.br\/ccivil_03\/_ato2011-2014\/2011\/lei\/l12527.htm\"><span class=\"td-blm-menu-item-txt\">Lei de Acesso \u00e0 Informa\u00e7\u00e3o &#8211; Lei n\u00ba 12.527<\/span><\/a><\/li>\n<li id=\"menu-item-2238\" class=\"menu-item menu-item-type-custom menu-item-object-custom menu-item-2238\"><a href=\"https:\/\/www.almg.gov.br\/consulte\/legislacao\/completa\/completa.html?tipo=DEC&#038;num=45969&#038;ano=2012\"><span class=\"td-blm-menu-item-txt\">Decreto Estadual n\u00ba 45.969\/2012<\/span><\/a><\/li>\n<li id=\"menu-item-2239\" class=\"menu-item menu-item-type-custom menu-item-object-custom menu-item-2239\"><a href=\"https:\/\/www.transparencia.mg.gov.br\/\"><span class=\"td-blm-menu-item-txt\">Transpar\u00eancia Estadual<\/span><\/a><\/li>\n<li id=\"menu-item-2240\" class=\"menu-item menu-item-type-custom menu-item-object-custom menu-item-2240\"><a href=\"https:\/\/www.gov.br\/acessoainformacao\/pt-br\"><span class=\"td-blm-menu-item-txt\">Cartilha de Acesso \u00e0 Informa\u00e7\u00e3o<\/span><\/a><\/li>\n<li id=\"menu-item-2253\" class=\"menu-item menu-item-type-post_type menu-item-object-page menu-item-2253\"><a href=\"https:\/\/camaracxc.mg.gov.br\/site\/formulario-de-acesso-a-informacao\/\"><span class=\"td-blm-menu-item-txt\">Formul\u00e1rio de Acesso \u00e0 Informa\u00e7\u00e3o<\/span><\/a><\/li>\n<\/ul><\/div><\/div><\/div><\/div><\/div><div class=\"vc_column tdi_9  wpb_column vc_column_container tdc-column td-pb-span9\">\n<style scoped>\n\/* custom css - generated by TagDiv Composer *\/\n\n\/* custom css - generated by TagDiv Composer *\/\n.tdi_9{\r\n                    vertical-align: baseline;\r\n                }.tdi_9 > .wpb_wrapper,\r\n\t\t\t\t.tdi_9 > .wpb_wrapper > .tdc-elements{\r\n\t\t\t\t    display: block;\r\n\t\t\t\t}.tdi_9 > .wpb_wrapper > .tdc-elements{\r\n\t\t\t\t    width: 100%;\r\n\t\t\t\t}.tdi_9 > .wpb_wrapper > .vc_row_inner{\r\n\t\t\t\t    width: auto;\r\n\t\t\t\t}.tdi_9 > .wpb_wrapper{\r\n\t\t\t\t    width: auto;\r\n\t\t\t\t    height: auto;\r\n\t\t\t\t}\n<\/style><div class=\"wpb_wrapper\" ><div class=\"wpb_wrapper td_block_wrap vc_raw_html tdi_11 \"><div class=\"td-fix-index\"><h1 class=\"documentFirstHeading\" style=\"text-align: justify;\">Sobre a Lei de Acesso \u00e0 Informa\u00e7\u00e3o<\/h1>\n<div id=\"viewlet-above-content-body\" style=\"text-align: justify;\"><\/div>\n<p style=\"text-align: justify;\">A\u00a0<a href=\"http:\/\/www.planalto.gov.br\/ccivil_03\/_Ato2011-2014\/2011\/Lei\/L12527.htm\" target=\"_blank\" rel=\"noopener noreferrer\">Lei n\u00ba 12.527<\/a>, sancionada em 18 de novembro de 2011,\u00a0regulamenta o direito constitucional de acesso dos cidad\u00e3os \u00e0s informa\u00e7\u00f5es p\u00fablicas e \u00e9 aplic\u00e1vel aos tr\u00eas poderes da Uni\u00e3o, dos estados, do Distrito Federal e dos munic\u00edpios. Esta Lei representou um importante passo para a consolida\u00e7\u00e3o do regime democr\u00e1tico brasileiro e para o fortalecimento das pol\u00edticas de transpar\u00eancia p\u00fablica.<\/p>\n<p style=\"text-align: justify;\">A Lei institui como princ\u00edpio fundamental que o acesso \u00e0 informa\u00e7\u00e3o p\u00fablica \u00e9 a regra, e o sigilo somente a exce\u00e7\u00e3o. Para garantir o exerc\u00edcio pleno do direito de acesso previsto na Constitui\u00e7\u00e3o Federal, a Lei define os mecanismos, prazos e procedimentos para a entrega das informa\u00e7\u00f5es solicitadas \u00e0 administra\u00e7\u00e3o p\u00fablica pelos cidad\u00e3os. A Lei igualmente determina que os \u00f3rg\u00e3os e entidades p\u00fablicas dever\u00e3o divulgar um rol m\u00ednimo de informa\u00e7\u00f5es proativamente por meio da internet.<\/p>\n<p style=\"text-align: justify;\">Os pedidos de acesso \u00e0 informa\u00e7\u00e3o podem ser encaminhados pelo Sistema Eletr\u00f4nico do Servi\u00e7o de Informa\u00e7\u00f5es ao Cidad\u00e3o (e-SIC).<\/p>\n<p style=\"text-align: justify;\">A Lei Federal n\u00ba 13.460, de 26 de junho de 2017, conhecida como C\u00f3digo de Defesa do Usu\u00e1rio do Servi\u00e7o P\u00fablico, que disp\u00f5e sobre a participa\u00e7\u00e3o, prote\u00e7\u00e3o e defesa dos direitos do usu\u00e1rio dos servi\u00e7os p\u00fablicos da Administra\u00e7\u00e3o P\u00fablica, est\u00e1 em vigor nos \u00e2mbitos federal e estadual e em munic\u00edpios maiores. Esta Lei, al\u00e9m de abranger o acesso do usu\u00e1rio a informa\u00e7\u00f5es nos termos da Lei n\u00ba 12.527\/2011, tamb\u00e9m trata das manifesta\u00e7\u00f5es dos usu\u00e1rios de servi\u00e7os p\u00fablicos, da participa\u00e7\u00e3o deles na administra\u00e7\u00e3o p\u00fablica, e das ouvidorias.<\/p>\n<p style=\"text-align: justify;\">Na esfera federal, a Controladoria-Geral da Uni\u00e3o (CGU) \u00e9 o \u00f3rg\u00e3o central do Sistema de Controle Interno do Poder Executivo Federal. \u00c0 CGU compete desenvolver fun\u00e7\u00f5es de controle interno, correi\u00e7\u00e3o, ouvidoria, al\u00e9m das a\u00e7\u00f5es voltadas para a promo\u00e7\u00e3o da transpar\u00eancia e para a preven\u00e7\u00e3o da corrup\u00e7\u00e3o. Neste sentido, a CGU exerce, entre outras atribui\u00e7\u00f5es, a supervis\u00e3o t\u00e9cnica dos \u00f3rg\u00e3os que comp\u00f5em o Sistema de Ouvidorias do Poder Executivo Federal (e-OUV), e \u00e9 grau recursal de pedido de acesso \u00e0 informa\u00e7\u00e3o ou de abertura de base de dados solicitados pelo Sistema Eletr\u00f4nico do Servi\u00e7o de Informa\u00e7\u00f5es ao Cidad\u00e3o.<\/p><\/div><\/div><\/div><\/div><\/div><\/div><\/div><\/div>","protected":false},"excerpt":{"rendered":"","protected":false},"author":2,"featured_media":0,"parent":0,"menu_order":0,"comment_status":"closed","ping_status":"closed","template":"","meta":{"footnotes":"","_links_to":"","_links_to_target":""},"class_list":["post-2218","page","type-page","status-publish"],"yoast_head":"<!-- This site is optimized with the Yoast SEO plugin v27.1.1 - https:\/\/yoast.com\/product\/yoast-seo-wordpress\/ -->\n<title>Acesso \u00e0 Informa\u00e7\u00e3o - C\u00e2mara Municipal de Coronel Xavier Chaves<\/title>\n<meta name=\"robots\" content=\"index, follow, max-snippet:-1, max-image-preview:large, max-video-preview:-1\" \/>\n<link rel=\"canonical\" href=\"https:\/\/camaracxc.mg.gov.br\/site\/acesso-a-informacao\/\" \/>\n<meta property=\"og:locale\" content=\"pt_BR\" \/>\n<meta property=\"og:type\" content=\"article\" \/>\n<meta property=\"og:title\" content=\"Acesso \u00e0 Informa\u00e7\u00e3o - C\u00e2mara Municipal de Coronel Xavier Chaves\" \/>\n<meta property=\"og:url\" content=\"https:\/\/camaracxc.mg.gov.br\/site\/acesso-a-informacao\/\" \/>\n<meta property=\"og:site_name\" content=\"C\u00e2mara Municipal de Coronel Xavier Chaves\" \/>\n<meta property=\"article:modified_time\" content=\"2022-01-28T12:29:10+00:00\" \/>\n<meta name=\"twitter:card\" content=\"summary_large_image\" \/>\n<meta name=\"twitter:label1\" content=\"Est. tempo de leitura\" \/>\n\t<meta name=\"twitter:data1\" content=\"2 minutos\" \/>\n<script type=\"application\/ld+json\" class=\"yoast-schema-graph\">{\"@context\":\"https:\/\/schema.org\",\"@graph\":[{\"@type\":\"WebPage\",\"@id\":\"https:\/\/camaracxc.mg.gov.br\/site\/acesso-a-informacao\/\",\"url\":\"https:\/\/camaracxc.mg.gov.br\/site\/acesso-a-informacao\/\",\"name\":\"Acesso \u00e0 Informa\u00e7\u00e3o - C\u00e2mara Municipal de Coronel Xavier Chaves\",\"isPartOf\":{\"@id\":\"https:\/\/camaracxc.mg.gov.br\/site\/#website\"},\"datePublished\":\"2022-01-27T11:59:46+00:00\",\"dateModified\":\"2022-01-28T12:29:10+00:00\",\"breadcrumb\":{\"@id\":\"https:\/\/camaracxc.mg.gov.br\/site\/acesso-a-informacao\/#breadcrumb\"},\"inLanguage\":\"pt-BR\",\"potentialAction\":[{\"@type\":\"ReadAction\",\"target\":[\"https:\/\/camaracxc.mg.gov.br\/site\/acesso-a-informacao\/\"]}]},{\"@type\":\"BreadcrumbList\",\"@id\":\"https:\/\/camaracxc.mg.gov.br\/site\/acesso-a-informacao\/#breadcrumb\",\"itemListElement\":[{\"@type\":\"ListItem\",\"position\":1,\"name\":\"In\u00edcio\",\"item\":\"https:\/\/camaracxc.mg.gov.br\/site\/\"},{\"@type\":\"ListItem\",\"position\":2,\"name\":\"Acesso \u00e0 Informa\u00e7\u00e3o\"}]},{\"@type\":\"WebSite\",\"@id\":\"https:\/\/camaracxc.mg.gov.br\/site\/#website\",\"url\":\"https:\/\/camaracxc.mg.gov.br\/site\/\",\"name\":\"C\u00e2mara Municipal de Coronel Xavier Chaves\",\"description\":\"\",\"potentialAction\":[{\"@type\":\"SearchAction\",\"target\":{\"@type\":\"EntryPoint\",\"urlTemplate\":\"https:\/\/camaracxc.mg.gov.br\/site\/?s={search_term_string}\"},\"query-input\":{\"@type\":\"PropertyValueSpecification\",\"valueRequired\":true,\"valueName\":\"search_term_string\"}}],\"inLanguage\":\"pt-BR\"}]}<\/script>\n<!-- \/ Yoast SEO plugin. -->","yoast_head_json":{"title":"Acesso \u00e0 Informa\u00e7\u00e3o - C\u00e2mara Municipal de Coronel Xavier Chaves","robots":{"index":"index","follow":"follow","max-snippet":"max-snippet:-1","max-image-preview":"max-image-preview:large","max-video-preview":"max-video-preview:-1"},"canonical":"https:\/\/camaracxc.mg.gov.br\/site\/acesso-a-informacao\/","og_locale":"pt_BR","og_type":"article","og_title":"Acesso \u00e0 Informa\u00e7\u00e3o - C\u00e2mara Municipal de Coronel Xavier Chaves","og_url":"https:\/\/camaracxc.mg.gov.br\/site\/acesso-a-informacao\/","og_site_name":"C\u00e2mara Municipal de Coronel Xavier Chaves","article_modified_time":"2022-01-28T12:29:10+00:00","twitter_card":"summary_large_image","twitter_misc":{"Est. tempo de leitura":"2 minutos"},"schema":{"@context":"https:\/\/schema.org","@graph":[{"@type":"WebPage","@id":"https:\/\/camaracxc.mg.gov.br\/site\/acesso-a-informacao\/","url":"https:\/\/camaracxc.mg.gov.br\/site\/acesso-a-informacao\/","name":"Acesso \u00e0 Informa\u00e7\u00e3o - C\u00e2mara Municipal de Coronel Xavier Chaves","isPartOf":{"@id":"https:\/\/camaracxc.mg.gov.br\/site\/#website"},"datePublished":"2022-01-27T11:59:46+00:00","dateModified":"2022-01-28T12:29:10+00:00","breadcrumb":{"@id":"https:\/\/camaracxc.mg.gov.br\/site\/acesso-a-informacao\/#breadcrumb"},"inLanguage":"pt-BR","potentialAction":[{"@type":"ReadAction","target":["https:\/\/camaracxc.mg.gov.br\/site\/acesso-a-informacao\/"]}]},{"@type":"BreadcrumbList","@id":"https:\/\/camaracxc.mg.gov.br\/site\/acesso-a-informacao\/#breadcrumb","itemListElement":[{"@type":"ListItem","position":1,"name":"In\u00edcio","item":"https:\/\/camaracxc.mg.gov.br\/site\/"},{"@type":"ListItem","position":2,"name":"Acesso \u00e0 Informa\u00e7\u00e3o"}]},{"@type":"WebSite","@id":"https:\/\/camaracxc.mg.gov.br\/site\/#website","url":"https:\/\/camaracxc.mg.gov.br\/site\/","name":"C\u00e2mara Municipal de Coronel Xavier Chaves","description":"","potentialAction":[{"@type":"SearchAction","target":{"@type":"EntryPoint","urlTemplate":"https:\/\/camaracxc.mg.gov.br\/site\/?s={search_term_string}"},"query-input":{"@type":"PropertyValueSpecification","valueRequired":true,"valueName":"search_term_string"}}],"inLanguage":"pt-BR"}]}},"_links":{"self":[{"href":"https:\/\/camaracxc.mg.gov.br\/site\/wp-json\/wp\/v2\/pages\/2218","targetHints":{"allow":["GET"]}}],"collection":[{"href":"https:\/\/camaracxc.mg.gov.br\/site\/wp-json\/wp\/v2\/pages"}],"about":[{"href":"https:\/\/camaracxc.mg.gov.br\/site\/wp-json\/wp\/v2\/types\/page"}],"author":[{"embeddable":true,"href":"https:\/\/camaracxc.mg.gov.br\/site\/wp-json\/wp\/v2\/users\/2"}],"replies":[{"embeddable":true,"href":"https:\/\/camaracxc.mg.gov.br\/site\/wp-json\/wp\/v2\/comments?post=2218"}],"version-history":[{"count":20,"href":"https:\/\/camaracxc.mg.gov.br\/site\/wp-json\/wp\/v2\/pages\/2218\/revisions"}],"predecessor-version":[{"id":2303,"href":"https:\/\/camaracxc.mg.gov.br\/site\/wp-json\/wp\/v2\/pages\/2218\/revisions\/2303"}],"wp:attachment":[{"href":"https:\/\/camaracxc.mg.gov.br\/site\/wp-json\/wp\/v2\/media?parent=2218"}],"curies":[{"name":"wp","href":"https:\/\/api.w.org\/{rel}","templated":true}]}}