{"id":1859,"date":"2021-11-18T16:05:07","date_gmt":"2021-11-18T19:05:07","guid":{"rendered":"http:\/\/camaracxc.mg.gov.br\/site\/?page_id=1859"},"modified":"2025-07-29T17:10:02","modified_gmt":"2025-07-29T20:10:02","slug":"lgpd-na-camara","status":"publish","type":"page","link":"https:\/\/camaracxc.mg.gov.br\/site\/lgpd-na-camara\/","title":{"rendered":"LGPD na C\u00e2mara CXC"},"content":{"rendered":"<p><img loading=\"lazy\" decoding=\"async\" class=\"alignnone size-full wp-image-1873\" src=\"http:\/\/camaracxc.mg.gov.br\/site\/wp-content\/uploads\/2021\/11\/LGPD-1.png\" alt=\"\" width=\"209\" height=\"150\" srcset=\"https:\/\/camaracxc.mg.gov.br\/site\/wp-content\/uploads\/2021\/11\/LGPD-1.png 209w, https:\/\/camaracxc.mg.gov.br\/site\/wp-content\/uploads\/2021\/11\/LGPD-1-150x108.png 150w\" sizes=\"auto, (max-width: 209px) 100vw, 209px\" \/><img loading=\"lazy\" decoding=\"async\" class=\"wp-image-1864 alignleft\" src=\"http:\/\/camaracxc.mg.gov.br\/site\/wp-content\/uploads\/2021\/11\/Brasao-Cel-Xavier-Chaves-2013.jpg\" alt=\"\" width=\"116\" height=\"117\" srcset=\"https:\/\/camaracxc.mg.gov.br\/site\/wp-content\/uploads\/2021\/11\/Brasao-Cel-Xavier-Chaves-2013.jpg 1047w, https:\/\/camaracxc.mg.gov.br\/site\/wp-content\/uploads\/2021\/11\/Brasao-Cel-Xavier-Chaves-2013-300x301.jpg 300w, https:\/\/camaracxc.mg.gov.br\/site\/wp-content\/uploads\/2021\/11\/Brasao-Cel-Xavier-Chaves-2013-1020x1024.jpg 1020w, https:\/\/camaracxc.mg.gov.br\/site\/wp-content\/uploads\/2021\/11\/Brasao-Cel-Xavier-Chaves-2013-150x151.jpg 150w, https:\/\/camaracxc.mg.gov.br\/site\/wp-content\/uploads\/2021\/11\/Brasao-Cel-Xavier-Chaves-2013-768x771.jpg 768w, https:\/\/camaracxc.mg.gov.br\/site\/wp-content\/uploads\/2021\/11\/Brasao-Cel-Xavier-Chaves-2013-696x699.jpg 696w\" sizes=\"auto, (max-width: 116px) 100vw, 116px\" \/><\/p>\n<p><span style=\"text-decoration: underline; font-size: 10pt;\"><strong style=\"color: #333399; text-decoration: underline;\">Lei Geral de Prote\u00e7\u00e3o de Dados Pessoais:<\/strong><\/span><\/p>\n<div class=\"entry clearfix\">\n<p><span style=\"font-size: 10pt;\">A Lei n\u00ba 13.709, de 14 de agosto de 2018, conforme disposto em seu artigo 1\u00ba, tem como objetivo regulamentar o tratamento dos dados pessoais, inclusive por meios digitais\u00a0por pessoa natural ou por pessoa jur\u00eddica de direito p\u00fablico ou privado, visando proteger os direitos fundamentais de liberdade e de privacidade e o livre desenvolvimento da personalidade da pessoa natural.<\/span><\/p>\n<p><span style=\"color: #3399cc; font-size: 10pt;\"><a style=\"color: #3399cc;\" href=\"http:\/\/www.planalto.gov.br\/ccivil_03\/_ato2015-2018\/2018\/lei\/l13709.htm\">Lei Geral de Prote\u00e7\u00e3o de Dados | Clique aqui!<\/a><\/span><\/p>\n<p><span style=\"font-size: 10pt;\"><a href=\"http:\/\/camaracxc.mg.gov.br\/site\/wp-content\/uploads\/2021\/11\/CARTILHA-GERAL-CAMARA-CEL-XAVIER-CHAVES.pdf\">Cartilha Geral &#8211; LGPD &#8211; C\u00e2mara Municipal de Cel. Xavier Chaves | Clique aqui!<\/a><\/span><\/p>\n<p><span style=\"color: #3399cc; font-size: 10pt;\"><a style=\"color: #3399cc;\" href=\"http:\/\/camaracxc.mg.gov.br\/site\/sobre-os-recursos-deste-site-e-a-lei-geral-de-protecao-de-dados\/\">Pol\u00edtica de Privacidade da C\u00e2mara Municipal de Coronel Xavier Chaves | Clique aqui!<\/a>\u00a0<\/span><\/p>\n<p><span style=\"text-decoration: underline; font-size: 10pt;\"><span style=\"color: #333399;\"><strong>Implementa\u00e7\u00e3o da LGPD na C\u00e2mara Municipal de Coronel Xavier Chaves:<\/strong><\/span><\/span><\/p>\n<p><span style=\"font-size: 10pt;\"><a href=\"http:\/\/camaracxc.mg.gov.br\/site\/wp-content\/uploads\/2021\/11\/Decreto-Legislativo-No-06-2021-Instituicao-comite-LGPD-na-Camara.pdf\">Decreto Legislativo N\u00ba 06\/2021 &#8211; Institui o Comit\u00ea de Prote\u00e7\u00e3o de Dados Pessoais &#8211; CPDP<\/a><\/span><\/p>\n<p><span style=\"font-size: 10pt;\"><a href=\"http:\/\/camaracxc.mg.gov.br\/site\/wp-content\/uploads\/2021\/11\/Portaria-No-08-2021-determina-o-mapeamento-e-classificacao-de-dados-pessoais.pdf\">Portaria N\u00ba 08\/2021 &#8211; Determina o mapeamento e classifica\u00e7\u00e3o de dados pessoais<\/a><\/span><\/p>\n<p><span style=\"font-size: 10pt;\"><a href=\"http:\/\/camaracxc.mg.gov.br\/site\/wp-content\/uploads\/2021\/11\/Relatorio-de-mapeamento-e-classificacao-de-dados-pessoais-convertido.pdf\">Relat\u00f3rio de mapeamento e classifica\u00e7\u00e3o de dados pessoais-convertido<\/a><\/span><\/p>\n<p><span style=\"text-decoration: underline; font-size: 10pt;\"><span style=\"color: #333399;\"><strong>Encarregado pelo tratamento de dados pessoais:<\/strong><\/span><\/span><\/p>\n<p><span style=\"font-size: 10pt;\">Encarregado: Gilsinei Chaves &#8211; Oficial Administrativo Legislativo<\/span><\/p>\n<p><span style=\"font-size: 10pt;\">Telefone: (32) 3216-1053 (op\u00e7\u00e3o 8) \/ ramal 145<\/span><\/p>\n<p><span style=\"font-size: 10pt;\">E-mail: contato@camaracxc.mg.gov.br<\/span><\/p>\n<p><span style=\"font-size: 10pt;\">O Encarregado pela Prote\u00e7\u00e3o de Dados Pessoais atua como canal de comunica\u00e7\u00e3o entre a C\u00e2mara Municipal de Coronel Xavier Chaves, os titulares dos dados pessoais e a Autoridade Nacional de Prote\u00e7\u00e3o de Dados (ANPD).<\/span><\/p>\n<p><span style=\"font-size: 10pt;\">Previs\u00e3o Legal: Artigo 41, \u00a71\u00ba, da LGPD<\/span><\/p>\n<p><span style=\"text-decoration: underline; font-size: 10pt;\"><span style=\"color: #333399;\"><strong>Publica\u00e7\u00f5es sobre a LGPD na C\u00e2mara Municipal de Cel. Xavier Chaves:<\/strong><\/span><\/span><\/p>\n<p><span style=\"font-size: 10pt;\"><a href=\"http:\/\/camaracxc.mg.gov.br\/site\/wp-content\/uploads\/2023\/07\/Resolucao-no-02-2022-Adequa-transmissao-das-reunioes-a-LGPD.pdf\">Resolu\u00e7\u00e3o n\u00ba 02\/2022<\/a> &#8211; Adequa transmiss\u00e3o das reuni\u00f5es \u00e0 LGPD<\/span><\/p>\n<p><span style=\"font-size: 10pt;\"><a href=\"https:\/\/camaracxc.mg.gov.br\/site\/wp-content\/uploads\/2025\/07\/Decreto-Legislativo-No-02-2025-Altera-o-Comite-de-Protecao-de-Dados-Pessoais.pdf\">Decreto Legislativo N\u00ba 02\/2025<\/a> &#8211; Altera o Comit\u00ea de Prote\u00e7\u00e3o de Dados Pessoais<\/span><\/p>\n<\/div>\n","protected":false},"excerpt":{"rendered":"<p>Lei Geral de Prote\u00e7\u00e3o de Dados Pessoais: A Lei n\u00ba 13.709, de 14 de agosto de 2018, conforme disposto em seu artigo 1\u00ba, tem como objetivo regulamentar o tratamento dos dados pessoais, inclusive por meios digitais\u00a0por pessoa natural ou por pessoa jur\u00eddica de direito p\u00fablico ou privado, visando proteger os direitos fundamentais de liberdade e [&hellip;]<\/p>\n","protected":false},"author":1,"featured_media":0,"parent":0,"menu_order":0,"comment_status":"closed","ping_status":"closed","template":"","meta":{"footnotes":"","_links_to":"","_links_to_target":""},"class_list":["post-1859","page","type-page","status-publish"],"yoast_head":"<!-- This site is optimized with the Yoast SEO plugin v27.1.1 - https:\/\/yoast.com\/product\/yoast-seo-wordpress\/ -->\n<title>LGPD na C\u00e2mara CXC - C\u00e2mara Municipal de Coronel Xavier Chaves<\/title>\n<meta name=\"robots\" content=\"index, follow, max-snippet:-1, max-image-preview:large, max-video-preview:-1\" \/>\n<link rel=\"canonical\" href=\"https:\/\/camaracxc.mg.gov.br\/site\/lgpd-na-camara\/\" \/>\n<meta property=\"og:locale\" content=\"pt_BR\" \/>\n<meta property=\"og:type\" content=\"article\" \/>\n<meta property=\"og:title\" content=\"LGPD na C\u00e2mara CXC - C\u00e2mara Municipal de Coronel Xavier Chaves\" \/>\n<meta property=\"og:description\" content=\"Lei Geral de Prote\u00e7\u00e3o de Dados Pessoais: A Lei n\u00ba 13.709, de 14 de agosto de 2018, conforme disposto em seu artigo 1\u00ba, tem como objetivo regulamentar o tratamento dos dados pessoais, inclusive por meios digitais\u00a0por pessoa natural ou por pessoa jur\u00eddica de direito p\u00fablico ou privado, visando proteger os direitos fundamentais de liberdade e [&hellip;]\" \/>\n<meta property=\"og:url\" content=\"https:\/\/camaracxc.mg.gov.br\/site\/lgpd-na-camara\/\" \/>\n<meta property=\"og:site_name\" content=\"C\u00e2mara Municipal de Coronel Xavier Chaves\" \/>\n<meta property=\"article:modified_time\" content=\"2025-07-29T20:10:02+00:00\" \/>\n<meta property=\"og:image\" content=\"https:\/\/camaracxc.mg.gov.br\/site\/wp-content\/uploads\/2021\/11\/LGPD-1.png\" \/>\n\t<meta property=\"og:image:width\" content=\"209\" \/>\n\t<meta property=\"og:image:height\" content=\"150\" \/>\n\t<meta property=\"og:image:type\" content=\"image\/png\" \/>\n<meta name=\"twitter:card\" content=\"summary_large_image\" \/>\n<meta name=\"twitter:label1\" content=\"Est. tempo de leitura\" \/>\n\t<meta name=\"twitter:data1\" content=\"1 minuto\" \/>\n<script type=\"application\/ld+json\" class=\"yoast-schema-graph\">{\"@context\":\"https:\/\/schema.org\",\"@graph\":[{\"@type\":\"WebPage\",\"@id\":\"https:\/\/camaracxc.mg.gov.br\/site\/lgpd-na-camara\/\",\"url\":\"https:\/\/camaracxc.mg.gov.br\/site\/lgpd-na-camara\/\",\"name\":\"LGPD na C\u00e2mara CXC - C\u00e2mara Municipal de Coronel Xavier Chaves\",\"isPartOf\":{\"@id\":\"https:\/\/camaracxc.mg.gov.br\/site\/#website\"},\"primaryImageOfPage\":{\"@id\":\"https:\/\/camaracxc.mg.gov.br\/site\/lgpd-na-camara\/#primaryimage\"},\"image\":{\"@id\":\"https:\/\/camaracxc.mg.gov.br\/site\/lgpd-na-camara\/#primaryimage\"},\"thumbnailUrl\":\"http:\/\/camaracxc.mg.gov.br\/site\/wp-content\/uploads\/2021\/11\/LGPD-1.png\",\"datePublished\":\"2021-11-18T19:05:07+00:00\",\"dateModified\":\"2025-07-29T20:10:02+00:00\",\"breadcrumb\":{\"@id\":\"https:\/\/camaracxc.mg.gov.br\/site\/lgpd-na-camara\/#breadcrumb\"},\"inLanguage\":\"pt-BR\",\"potentialAction\":[{\"@type\":\"ReadAction\",\"target\":[\"https:\/\/camaracxc.mg.gov.br\/site\/lgpd-na-camara\/\"]}]},{\"@type\":\"ImageObject\",\"inLanguage\":\"pt-BR\",\"@id\":\"https:\/\/camaracxc.mg.gov.br\/site\/lgpd-na-camara\/#primaryimage\",\"url\":\"https:\/\/camaracxc.mg.gov.br\/site\/wp-content\/uploads\/2021\/11\/LGPD-1.png\",\"contentUrl\":\"https:\/\/camaracxc.mg.gov.br\/site\/wp-content\/uploads\/2021\/11\/LGPD-1.png\",\"width\":209,\"height\":150},{\"@type\":\"BreadcrumbList\",\"@id\":\"https:\/\/camaracxc.mg.gov.br\/site\/lgpd-na-camara\/#breadcrumb\",\"itemListElement\":[{\"@type\":\"ListItem\",\"position\":1,\"name\":\"In\u00edcio\",\"item\":\"https:\/\/camaracxc.mg.gov.br\/site\/\"},{\"@type\":\"ListItem\",\"position\":2,\"name\":\"LGPD na C\u00e2mara CXC\"}]},{\"@type\":\"WebSite\",\"@id\":\"https:\/\/camaracxc.mg.gov.br\/site\/#website\",\"url\":\"https:\/\/camaracxc.mg.gov.br\/site\/\",\"name\":\"C\u00e2mara Municipal de Coronel Xavier Chaves\",\"description\":\"\",\"potentialAction\":[{\"@type\":\"SearchAction\",\"target\":{\"@type\":\"EntryPoint\",\"urlTemplate\":\"https:\/\/camaracxc.mg.gov.br\/site\/?s={search_term_string}\"},\"query-input\":{\"@type\":\"PropertyValueSpecification\",\"valueRequired\":true,\"valueName\":\"search_term_string\"}}],\"inLanguage\":\"pt-BR\"}]}<\/script>\n<!-- \/ Yoast SEO plugin. -->","yoast_head_json":{"title":"LGPD na C\u00e2mara CXC - C\u00e2mara Municipal de Coronel Xavier Chaves","robots":{"index":"index","follow":"follow","max-snippet":"max-snippet:-1","max-image-preview":"max-image-preview:large","max-video-preview":"max-video-preview:-1"},"canonical":"https:\/\/camaracxc.mg.gov.br\/site\/lgpd-na-camara\/","og_locale":"pt_BR","og_type":"article","og_title":"LGPD na C\u00e2mara CXC - C\u00e2mara Municipal de Coronel Xavier Chaves","og_description":"Lei Geral de Prote\u00e7\u00e3o de Dados Pessoais: A Lei n\u00ba 13.709, de 14 de agosto de 2018, conforme disposto em seu artigo 1\u00ba, tem como objetivo regulamentar o tratamento dos dados pessoais, inclusive por meios digitais\u00a0por pessoa natural ou por pessoa jur\u00eddica de direito p\u00fablico ou privado, visando proteger os direitos fundamentais de liberdade e [&hellip;]","og_url":"https:\/\/camaracxc.mg.gov.br\/site\/lgpd-na-camara\/","og_site_name":"C\u00e2mara Municipal de Coronel Xavier Chaves","article_modified_time":"2025-07-29T20:10:02+00:00","og_image":[{"width":209,"height":150,"url":"https:\/\/camaracxc.mg.gov.br\/site\/wp-content\/uploads\/2021\/11\/LGPD-1.png","type":"image\/png"}],"twitter_card":"summary_large_image","twitter_misc":{"Est. tempo de leitura":"1 minuto"},"schema":{"@context":"https:\/\/schema.org","@graph":[{"@type":"WebPage","@id":"https:\/\/camaracxc.mg.gov.br\/site\/lgpd-na-camara\/","url":"https:\/\/camaracxc.mg.gov.br\/site\/lgpd-na-camara\/","name":"LGPD na C\u00e2mara CXC - C\u00e2mara Municipal de Coronel Xavier Chaves","isPartOf":{"@id":"https:\/\/camaracxc.mg.gov.br\/site\/#website"},"primaryImageOfPage":{"@id":"https:\/\/camaracxc.mg.gov.br\/site\/lgpd-na-camara\/#primaryimage"},"image":{"@id":"https:\/\/camaracxc.mg.gov.br\/site\/lgpd-na-camara\/#primaryimage"},"thumbnailUrl":"http:\/\/camaracxc.mg.gov.br\/site\/wp-content\/uploads\/2021\/11\/LGPD-1.png","datePublished":"2021-11-18T19:05:07+00:00","dateModified":"2025-07-29T20:10:02+00:00","breadcrumb":{"@id":"https:\/\/camaracxc.mg.gov.br\/site\/lgpd-na-camara\/#breadcrumb"},"inLanguage":"pt-BR","potentialAction":[{"@type":"ReadAction","target":["https:\/\/camaracxc.mg.gov.br\/site\/lgpd-na-camara\/"]}]},{"@type":"ImageObject","inLanguage":"pt-BR","@id":"https:\/\/camaracxc.mg.gov.br\/site\/lgpd-na-camara\/#primaryimage","url":"https:\/\/camaracxc.mg.gov.br\/site\/wp-content\/uploads\/2021\/11\/LGPD-1.png","contentUrl":"https:\/\/camaracxc.mg.gov.br\/site\/wp-content\/uploads\/2021\/11\/LGPD-1.png","width":209,"height":150},{"@type":"BreadcrumbList","@id":"https:\/\/camaracxc.mg.gov.br\/site\/lgpd-na-camara\/#breadcrumb","itemListElement":[{"@type":"ListItem","position":1,"name":"In\u00edcio","item":"https:\/\/camaracxc.mg.gov.br\/site\/"},{"@type":"ListItem","position":2,"name":"LGPD na C\u00e2mara CXC"}]},{"@type":"WebSite","@id":"https:\/\/camaracxc.mg.gov.br\/site\/#website","url":"https:\/\/camaracxc.mg.gov.br\/site\/","name":"C\u00e2mara Municipal de Coronel Xavier Chaves","description":"","potentialAction":[{"@type":"SearchAction","target":{"@type":"EntryPoint","urlTemplate":"https:\/\/camaracxc.mg.gov.br\/site\/?s={search_term_string}"},"query-input":{"@type":"PropertyValueSpecification","valueRequired":true,"valueName":"search_term_string"}}],"inLanguage":"pt-BR"}]}},"_links":{"self":[{"href":"https:\/\/camaracxc.mg.gov.br\/site\/wp-json\/wp\/v2\/pages\/1859","targetHints":{"allow":["GET"]}}],"collection":[{"href":"https:\/\/camaracxc.mg.gov.br\/site\/wp-json\/wp\/v2\/pages"}],"about":[{"href":"https:\/\/camaracxc.mg.gov.br\/site\/wp-json\/wp\/v2\/types\/page"}],"author":[{"embeddable":true,"href":"https:\/\/camaracxc.mg.gov.br\/site\/wp-json\/wp\/v2\/users\/1"}],"replies":[{"embeddable":true,"href":"https:\/\/camaracxc.mg.gov.br\/site\/wp-json\/wp\/v2\/comments?post=1859"}],"version-history":[{"count":10,"href":"https:\/\/camaracxc.mg.gov.br\/site\/wp-json\/wp\/v2\/pages\/1859\/revisions"}],"predecessor-version":[{"id":3521,"href":"https:\/\/camaracxc.mg.gov.br\/site\/wp-json\/wp\/v2\/pages\/1859\/revisions\/3521"}],"wp:attachment":[{"href":"https:\/\/camaracxc.mg.gov.br\/site\/wp-json\/wp\/v2\/media?parent=1859"}],"curies":[{"name":"wp","href":"https:\/\/api.w.org\/{rel}","templated":true}]}}