{"id":1779,"date":"2021-08-12T09:26:24","date_gmt":"2021-08-12T12:26:24","guid":{"rendered":"http:\/\/camaracxc.mg.gov.br\/site\/?page_id=1779"},"modified":"2021-08-12T14:29:56","modified_gmt":"2021-08-12T17:29:56","slug":"sobre-os-recursos-deste-site-e-a-lei-geral-de-protecao-de-dados","status":"publish","type":"page","link":"https:\/\/camaracxc.mg.gov.br\/site\/sobre-os-recursos-deste-site-e-a-lei-geral-de-protecao-de-dados\/","title":{"rendered":"SOBRE OS RECURSOS DESTE SITE E A LEI GERAL DE PROTE\u00c7\u00c3O DE DADOS"},"content":{"rendered":"<p>SOBRE OS RECURSOS DESTE SITE E A LEI GERAL DE PROTE\u00c7\u00c3O DE DADOS<br \/>\nEste site utiliza algumas ferramentas que melhoram a navega\u00e7\u00e3o.<\/p>\n<p>S\u00e3o recolhidos ou gerados no visitante:<\/p>\n<ul>\n<li>Data\/Hora: Para cada \u00e1rea do site sabemos quando aquele item foi acessado;<\/li>\n<li>Site de origem: Sabemos se a visita veio a partir de um link do google, facebook ou outro site;<\/li>\n<li>Endere\u00e7o acessado: Sabemos qual p\u00e1gina ou not\u00edcia foi acessada, para o contador de acessos;<\/li>\n<li>Endere\u00e7o IP de acesso: Todo computador conectado na internet tem um endere\u00e7o IP. Se algu\u00e9m tentar invadir este site e tentar roubar seus dados, saberemos o endere\u00e7o IP e acionaremos os \u00f3rg\u00e3os de fiscaliza\u00e7\u00e3o e controle;<\/li>\n<li>Modelo do navegador: Precisamos saber os tipos de navegadores que est\u00e3o acessando, por exemplo Firefox, Internet Explorer, Chrome, Opera. Com isso sabemos se quem est\u00e1 acessando n\u00e3o est\u00e1 tentando usar um rob\u00f4 para acessar todos os dados ao mesmo tempo, comprometendo a velocidade do site;<\/li>\n<li>Tamanho de tela: Nossos designers est\u00e3o sempre acompanhando o tamanho de tela ideal e mais utilizado, para projetar os conte\u00fados em um tamanho correto.<\/li>\n<\/ul>\n<p>Voc\u00ea pode aprender mais sobre cookies acessando a <a href=\"https:\/\/datatracker.ietf.org\/doc\/html\/rfc6265\" target=\"_blank\" rel=\"noopener\">RFC 6265<\/a>.<\/p>\n","protected":false},"excerpt":{"rendered":"<p>SOBRE OS RECURSOS DESTE SITE E A LEI GERAL DE PROTE\u00c7\u00c3O DE DADOS Este site utiliza algumas ferramentas que melhoram a navega\u00e7\u00e3o. S\u00e3o recolhidos ou gerados no visitante: Data\/Hora: Para cada \u00e1rea do site sabemos quando aquele item foi acessado; Site de origem: Sabemos se a visita veio a partir de um link do google, [&hellip;]<\/p>\n","protected":false},"author":2,"featured_media":0,"parent":0,"menu_order":0,"comment_status":"closed","ping_status":"closed","template":"","meta":{"footnotes":"","_links_to":"","_links_to_target":""},"class_list":["post-1779","page","type-page","status-publish"],"yoast_head":"<!-- This site is optimized with the Yoast SEO plugin v27.1.1 - https:\/\/yoast.com\/product\/yoast-seo-wordpress\/ -->\n<title>SOBRE OS RECURSOS DESTE SITE E A LEI GERAL DE PROTE\u00c7\u00c3O DE DADOS - C\u00e2mara Municipal de Coronel Xavier Chaves<\/title>\n<meta name=\"robots\" content=\"index, follow, max-snippet:-1, max-image-preview:large, max-video-preview:-1\" \/>\n<link rel=\"canonical\" href=\"https:\/\/camaracxc.mg.gov.br\/site\/sobre-os-recursos-deste-site-e-a-lei-geral-de-protecao-de-dados\/\" \/>\n<meta property=\"og:locale\" content=\"pt_BR\" \/>\n<meta property=\"og:type\" content=\"article\" \/>\n<meta property=\"og:title\" content=\"SOBRE OS RECURSOS DESTE SITE E A LEI GERAL DE PROTE\u00c7\u00c3O DE DADOS - C\u00e2mara Municipal de Coronel Xavier Chaves\" \/>\n<meta property=\"og:description\" content=\"SOBRE OS RECURSOS DESTE SITE E A LEI GERAL DE PROTE\u00c7\u00c3O DE DADOS Este site utiliza algumas ferramentas que melhoram a navega\u00e7\u00e3o. S\u00e3o recolhidos ou gerados no visitante: Data\/Hora: Para cada \u00e1rea do site sabemos quando aquele item foi acessado; Site de origem: Sabemos se a visita veio a partir de um link do google, [&hellip;]\" \/>\n<meta property=\"og:url\" content=\"https:\/\/camaracxc.mg.gov.br\/site\/sobre-os-recursos-deste-site-e-a-lei-geral-de-protecao-de-dados\/\" \/>\n<meta property=\"og:site_name\" content=\"C\u00e2mara Municipal de Coronel Xavier Chaves\" \/>\n<meta property=\"article:modified_time\" content=\"2021-08-12T17:29:56+00:00\" \/>\n<meta name=\"twitter:card\" content=\"summary_large_image\" \/>\n<meta name=\"twitter:label1\" content=\"Est. tempo de leitura\" \/>\n\t<meta name=\"twitter:data1\" content=\"1 minuto\" \/>\n<script type=\"application\/ld+json\" class=\"yoast-schema-graph\">{\"@context\":\"https:\/\/schema.org\",\"@graph\":[{\"@type\":\"WebPage\",\"@id\":\"https:\/\/camaracxc.mg.gov.br\/site\/sobre-os-recursos-deste-site-e-a-lei-geral-de-protecao-de-dados\/\",\"url\":\"https:\/\/camaracxc.mg.gov.br\/site\/sobre-os-recursos-deste-site-e-a-lei-geral-de-protecao-de-dados\/\",\"name\":\"SOBRE OS RECURSOS DESTE SITE E A LEI GERAL DE PROTE\u00c7\u00c3O DE DADOS - C\u00e2mara Municipal de Coronel Xavier Chaves\",\"isPartOf\":{\"@id\":\"https:\/\/camaracxc.mg.gov.br\/site\/#website\"},\"datePublished\":\"2021-08-12T12:26:24+00:00\",\"dateModified\":\"2021-08-12T17:29:56+00:00\",\"breadcrumb\":{\"@id\":\"https:\/\/camaracxc.mg.gov.br\/site\/sobre-os-recursos-deste-site-e-a-lei-geral-de-protecao-de-dados\/#breadcrumb\"},\"inLanguage\":\"pt-BR\",\"potentialAction\":[{\"@type\":\"ReadAction\",\"target\":[\"https:\/\/camaracxc.mg.gov.br\/site\/sobre-os-recursos-deste-site-e-a-lei-geral-de-protecao-de-dados\/\"]}]},{\"@type\":\"BreadcrumbList\",\"@id\":\"https:\/\/camaracxc.mg.gov.br\/site\/sobre-os-recursos-deste-site-e-a-lei-geral-de-protecao-de-dados\/#breadcrumb\",\"itemListElement\":[{\"@type\":\"ListItem\",\"position\":1,\"name\":\"In\u00edcio\",\"item\":\"https:\/\/camaracxc.mg.gov.br\/site\/\"},{\"@type\":\"ListItem\",\"position\":2,\"name\":\"SOBRE OS RECURSOS DESTE SITE E A LEI GERAL DE PROTE\u00c7\u00c3O DE DADOS\"}]},{\"@type\":\"WebSite\",\"@id\":\"https:\/\/camaracxc.mg.gov.br\/site\/#website\",\"url\":\"https:\/\/camaracxc.mg.gov.br\/site\/\",\"name\":\"C\u00e2mara Municipal de Coronel Xavier Chaves\",\"description\":\"\",\"potentialAction\":[{\"@type\":\"SearchAction\",\"target\":{\"@type\":\"EntryPoint\",\"urlTemplate\":\"https:\/\/camaracxc.mg.gov.br\/site\/?s={search_term_string}\"},\"query-input\":{\"@type\":\"PropertyValueSpecification\",\"valueRequired\":true,\"valueName\":\"search_term_string\"}}],\"inLanguage\":\"pt-BR\"}]}<\/script>\n<!-- \/ Yoast SEO plugin. -->","yoast_head_json":{"title":"SOBRE OS RECURSOS DESTE SITE E A LEI GERAL DE PROTE\u00c7\u00c3O DE DADOS - C\u00e2mara Municipal de Coronel Xavier Chaves","robots":{"index":"index","follow":"follow","max-snippet":"max-snippet:-1","max-image-preview":"max-image-preview:large","max-video-preview":"max-video-preview:-1"},"canonical":"https:\/\/camaracxc.mg.gov.br\/site\/sobre-os-recursos-deste-site-e-a-lei-geral-de-protecao-de-dados\/","og_locale":"pt_BR","og_type":"article","og_title":"SOBRE OS RECURSOS DESTE SITE E A LEI GERAL DE PROTE\u00c7\u00c3O DE DADOS - C\u00e2mara Municipal de Coronel Xavier Chaves","og_description":"SOBRE OS RECURSOS DESTE SITE E A LEI GERAL DE PROTE\u00c7\u00c3O DE DADOS Este site utiliza algumas ferramentas que melhoram a navega\u00e7\u00e3o. S\u00e3o recolhidos ou gerados no visitante: Data\/Hora: Para cada \u00e1rea do site sabemos quando aquele item foi acessado; Site de origem: Sabemos se a visita veio a partir de um link do google, [&hellip;]","og_url":"https:\/\/camaracxc.mg.gov.br\/site\/sobre-os-recursos-deste-site-e-a-lei-geral-de-protecao-de-dados\/","og_site_name":"C\u00e2mara Municipal de Coronel Xavier Chaves","article_modified_time":"2021-08-12T17:29:56+00:00","twitter_card":"summary_large_image","twitter_misc":{"Est. tempo de leitura":"1 minuto"},"schema":{"@context":"https:\/\/schema.org","@graph":[{"@type":"WebPage","@id":"https:\/\/camaracxc.mg.gov.br\/site\/sobre-os-recursos-deste-site-e-a-lei-geral-de-protecao-de-dados\/","url":"https:\/\/camaracxc.mg.gov.br\/site\/sobre-os-recursos-deste-site-e-a-lei-geral-de-protecao-de-dados\/","name":"SOBRE OS RECURSOS DESTE SITE E A LEI GERAL DE PROTE\u00c7\u00c3O DE DADOS - C\u00e2mara Municipal de Coronel Xavier Chaves","isPartOf":{"@id":"https:\/\/camaracxc.mg.gov.br\/site\/#website"},"datePublished":"2021-08-12T12:26:24+00:00","dateModified":"2021-08-12T17:29:56+00:00","breadcrumb":{"@id":"https:\/\/camaracxc.mg.gov.br\/site\/sobre-os-recursos-deste-site-e-a-lei-geral-de-protecao-de-dados\/#breadcrumb"},"inLanguage":"pt-BR","potentialAction":[{"@type":"ReadAction","target":["https:\/\/camaracxc.mg.gov.br\/site\/sobre-os-recursos-deste-site-e-a-lei-geral-de-protecao-de-dados\/"]}]},{"@type":"BreadcrumbList","@id":"https:\/\/camaracxc.mg.gov.br\/site\/sobre-os-recursos-deste-site-e-a-lei-geral-de-protecao-de-dados\/#breadcrumb","itemListElement":[{"@type":"ListItem","position":1,"name":"In\u00edcio","item":"https:\/\/camaracxc.mg.gov.br\/site\/"},{"@type":"ListItem","position":2,"name":"SOBRE OS RECURSOS DESTE SITE E A LEI GERAL DE PROTE\u00c7\u00c3O DE DADOS"}]},{"@type":"WebSite","@id":"https:\/\/camaracxc.mg.gov.br\/site\/#website","url":"https:\/\/camaracxc.mg.gov.br\/site\/","name":"C\u00e2mara Municipal de Coronel Xavier Chaves","description":"","potentialAction":[{"@type":"SearchAction","target":{"@type":"EntryPoint","urlTemplate":"https:\/\/camaracxc.mg.gov.br\/site\/?s={search_term_string}"},"query-input":{"@type":"PropertyValueSpecification","valueRequired":true,"valueName":"search_term_string"}}],"inLanguage":"pt-BR"}]}},"_links":{"self":[{"href":"https:\/\/camaracxc.mg.gov.br\/site\/wp-json\/wp\/v2\/pages\/1779","targetHints":{"allow":["GET"]}}],"collection":[{"href":"https:\/\/camaracxc.mg.gov.br\/site\/wp-json\/wp\/v2\/pages"}],"about":[{"href":"https:\/\/camaracxc.mg.gov.br\/site\/wp-json\/wp\/v2\/types\/page"}],"author":[{"embeddable":true,"href":"https:\/\/camaracxc.mg.gov.br\/site\/wp-json\/wp\/v2\/users\/2"}],"replies":[{"embeddable":true,"href":"https:\/\/camaracxc.mg.gov.br\/site\/wp-json\/wp\/v2\/comments?post=1779"}],"version-history":[{"count":8,"href":"https:\/\/camaracxc.mg.gov.br\/site\/wp-json\/wp\/v2\/pages\/1779\/revisions"}],"predecessor-version":[{"id":1794,"href":"https:\/\/camaracxc.mg.gov.br\/site\/wp-json\/wp\/v2\/pages\/1779\/revisions\/1794"}],"wp:attachment":[{"href":"https:\/\/camaracxc.mg.gov.br\/site\/wp-json\/wp\/v2\/media?parent=1779"}],"curies":[{"name":"wp","href":"https:\/\/api.w.org\/{rel}","templated":true}]}}