{"id":17,"date":"2021-01-21T11:26:12","date_gmt":"2021-01-21T14:26:12","guid":{"rendered":"http:\/\/camaracxc.mg.gov.br\/site\/?page_id=17"},"modified":"2025-05-22T13:56:58","modified_gmt":"2025-05-22T16:56:58","slug":"vereadores","status":"publish","type":"page","link":"https:\/\/camaracxc.mg.gov.br\/site\/vereadores\/","title":{"rendered":"Vereadores"},"content":{"rendered":"<p>&nbsp;<\/p>\n<p><strong>MESA DIRETORA \u2013 BI\u00caNIO 2025\/2026<\/strong><br \/>\nPresidente: S\u00e1batha Resende Chaves Assun\u00e7\u00e3o<br \/>\nVice-Presidente: Carlos Roberto Jesus da Silva<br \/>\nSecret\u00e1rio: Whering Aires Cardoso<br \/>\nSuplente de secret\u00e1ria: Andr\u00e9ia In\u00eas de Andrade Sousa<\/p>\n<p style=\"text-align: left;\"><span style=\"font-size: 18.6667px;\"><b>16\u00aa Legislatura &#8211; 2025\/2028:<\/b><\/span><\/p>\n<table style=\"border-collapse: collapse; width: 101.224%; height: 1079px;\">\n<tbody>\n<tr style=\"height: 24px;\">\n<td style=\"text-align: center; height: 27px; width: 51.8571%;\"><span style=\"font-size: 14pt;\"><strong>Vereadores<\/strong><\/span><\/td>\n<td style=\"text-align: center; height: 27px; width: 12.8748%;\"><\/td>\n<td style=\"text-align: center; height: 27px; width: 36.3804%;\"><\/td>\n<\/tr>\n<tr style=\"height: 24px;\">\n<td style=\"height: 24px; width: 51.8571%;\">Almir Rog\u00e9rio Moreira<\/td>\n<td style=\"height: 24px; width: 12.8748%;\"><img loading=\"lazy\" decoding=\"async\" class=\"alignnone size-full wp-image-3393\" src=\"https:\/\/camaracxc.mg.gov.br\/site\/wp-content\/uploads\/2025\/05\/ALMIR-ROGERIO-MOREIRA.jpg\" alt=\"\" width=\"161\" height=\"225\" srcset=\"https:\/\/camaracxc.mg.gov.br\/site\/wp-content\/uploads\/2025\/05\/ALMIR-ROGERIO-MOREIRA.jpg 161w, https:\/\/camaracxc.mg.gov.br\/site\/wp-content\/uploads\/2025\/05\/ALMIR-ROGERIO-MOREIRA-150x210.jpg 150w\" sizes=\"auto, (max-width: 161px) 100vw, 161px\" \/><\/td>\n<td style=\"height: 24px; width: 36.3804%;\"><\/td>\n<\/tr>\n<tr style=\"height: 24px;\">\n<td style=\"height: 24px; width: 51.8571%;\">Andr\u00e9ia In\u00eas de Andrade Sousa<\/td>\n<td style=\"height: 24px; width: 12.8748%;\"><img loading=\"lazy\" decoding=\"async\" class=\"alignnone size-full wp-image-3394\" src=\"https:\/\/camaracxc.mg.gov.br\/site\/wp-content\/uploads\/2025\/05\/ANDREIA-INES-DE-ANDRADE-SOUSA.jpg\" alt=\"\" width=\"161\" height=\"225\" srcset=\"https:\/\/camaracxc.mg.gov.br\/site\/wp-content\/uploads\/2025\/05\/ANDREIA-INES-DE-ANDRADE-SOUSA.jpg 161w, https:\/\/camaracxc.mg.gov.br\/site\/wp-content\/uploads\/2025\/05\/ANDREIA-INES-DE-ANDRADE-SOUSA-150x210.jpg 150w\" sizes=\"auto, (max-width: 161px) 100vw, 161px\" \/><\/td>\n<td style=\"height: 24px; width: 36.3804%;\"><\/td>\n<\/tr>\n<tr style=\"height: 24px;\">\n<td style=\"height: 24px; width: 51.8571%;\">Carlos Roberto Jesus da Silva<\/td>\n<td style=\"height: 24px; width: 12.8748%;\"><img loading=\"lazy\" decoding=\"async\" class=\"alignnone size-full wp-image-3395\" src=\"https:\/\/camaracxc.mg.gov.br\/site\/wp-content\/uploads\/2025\/05\/CARLOS-ROBERTO-JESUS-DA-SILVA.jpg\" alt=\"\" width=\"161\" height=\"225\" srcset=\"https:\/\/camaracxc.mg.gov.br\/site\/wp-content\/uploads\/2025\/05\/CARLOS-ROBERTO-JESUS-DA-SILVA.jpg 161w, https:\/\/camaracxc.mg.gov.br\/site\/wp-content\/uploads\/2025\/05\/CARLOS-ROBERTO-JESUS-DA-SILVA-150x210.jpg 150w\" sizes=\"auto, (max-width: 161px) 100vw, 161px\" \/><\/td>\n<td style=\"height: 24px; width: 36.3804%;\"><\/td>\n<\/tr>\n<tr style=\"height: 24px;\">\n<td style=\"height: 24px; width: 51.8571%;\">Cleber Cristiam Beraldo<\/td>\n<td style=\"height: 24px; width: 12.8748%;\"><img loading=\"lazy\" decoding=\"async\" class=\"alignnone size-full wp-image-3396\" src=\"https:\/\/camaracxc.mg.gov.br\/site\/wp-content\/uploads\/2025\/05\/CLEBER-CRISTIAN-BERALDO.jpg\" alt=\"\" width=\"161\" height=\"225\" srcset=\"https:\/\/camaracxc.mg.gov.br\/site\/wp-content\/uploads\/2025\/05\/CLEBER-CRISTIAN-BERALDO.jpg 161w, https:\/\/camaracxc.mg.gov.br\/site\/wp-content\/uploads\/2025\/05\/CLEBER-CRISTIAN-BERALDO-150x210.jpg 150w\" sizes=\"auto, (max-width: 161px) 100vw, 161px\" \/><\/td>\n<td style=\"height: 24px; width: 36.3804%;\"><\/td>\n<\/tr>\n<tr style=\"height: 26px;\">\n<td style=\"width: 51.8571%; height: 26px;\">Cl\u00f3vis Ant\u00f4nio da Silva<\/td>\n<td style=\"width: 12.8748%; height: 26px;\"><img loading=\"lazy\" decoding=\"async\" class=\"alignnone size-full wp-image-3397\" src=\"https:\/\/camaracxc.mg.gov.br\/site\/wp-content\/uploads\/2025\/05\/CLOVIS-ANTONIO-DA-SILVA.jpg\" alt=\"\" width=\"161\" height=\"225\" srcset=\"https:\/\/camaracxc.mg.gov.br\/site\/wp-content\/uploads\/2025\/05\/CLOVIS-ANTONIO-DA-SILVA.jpg 161w, https:\/\/camaracxc.mg.gov.br\/site\/wp-content\/uploads\/2025\/05\/CLOVIS-ANTONIO-DA-SILVA-150x210.jpg 150w\" sizes=\"auto, (max-width: 161px) 100vw, 161px\" \/><\/td>\n<td style=\"width: 36.3804%; height: 26px;\"><\/td>\n<\/tr>\n<tr style=\"height: 24px;\">\n<td style=\"height: 24px; width: 51.8571%;\">Eduardo Henrique Gouvea de Mendon\u00e7a<\/td>\n<td style=\"height: 24px; width: 12.8748%;\"><img loading=\"lazy\" decoding=\"async\" class=\"alignnone size-full wp-image-3398\" src=\"https:\/\/camaracxc.mg.gov.br\/site\/wp-content\/uploads\/2025\/05\/EDUARDO-HENRIQUE-GOUVEA-DE-MENDONCA.jpg\" alt=\"\" width=\"161\" height=\"225\" srcset=\"https:\/\/camaracxc.mg.gov.br\/site\/wp-content\/uploads\/2025\/05\/EDUARDO-HENRIQUE-GOUVEA-DE-MENDONCA.jpg 161w, https:\/\/camaracxc.mg.gov.br\/site\/wp-content\/uploads\/2025\/05\/EDUARDO-HENRIQUE-GOUVEA-DE-MENDONCA-150x210.jpg 150w\" sizes=\"auto, (max-width: 161px) 100vw, 161px\" \/><\/td>\n<td style=\"height: 24px; width: 36.3804%;\"><\/td>\n<\/tr>\n<tr style=\"height: 24px;\">\n<td style=\"height: 24px; width: 51.8571%;\">S\u00e1batha Resende Chaves Assun\u00e7\u00e3o<\/td>\n<td style=\"height: 24px; width: 12.8748%;\"><img loading=\"lazy\" decoding=\"async\" class=\"alignnone size-full wp-image-3399\" src=\"https:\/\/camaracxc.mg.gov.br\/site\/wp-content\/uploads\/2025\/05\/SABATHA-RESENDE-CHAVES-ASSUNCAO.jpg\" alt=\"\" width=\"161\" height=\"225\" srcset=\"https:\/\/camaracxc.mg.gov.br\/site\/wp-content\/uploads\/2025\/05\/SABATHA-RESENDE-CHAVES-ASSUNCAO.jpg 161w, https:\/\/camaracxc.mg.gov.br\/site\/wp-content\/uploads\/2025\/05\/SABATHA-RESENDE-CHAVES-ASSUNCAO-150x210.jpg 150w\" sizes=\"auto, (max-width: 161px) 100vw, 161px\" \/><\/td>\n<td style=\"height: 24px; width: 36.3804%;\"><\/td>\n<\/tr>\n<tr style=\"height: 24px;\">\n<td style=\"height: 24px; width: 51.8571%;\">Val\u00e9ria Cristina Jaques<\/td>\n<td style=\"height: 24px; width: 12.8748%;\"><img loading=\"lazy\" decoding=\"async\" class=\"alignnone size-full wp-image-3400\" src=\"https:\/\/camaracxc.mg.gov.br\/site\/wp-content\/uploads\/2025\/05\/VALERIA-CRISTINA-JAQUES.jpeg\" alt=\"\" width=\"161\" height=\"225\" srcset=\"https:\/\/camaracxc.mg.gov.br\/site\/wp-content\/uploads\/2025\/05\/VALERIA-CRISTINA-JAQUES.jpeg 161w, https:\/\/camaracxc.mg.gov.br\/site\/wp-content\/uploads\/2025\/05\/VALERIA-CRISTINA-JAQUES-150x210.jpeg 150w\" sizes=\"auto, (max-width: 161px) 100vw, 161px\" \/><\/td>\n<td style=\"height: 24px; width: 36.3804%;\"><\/td>\n<\/tr>\n<tr style=\"height: 24px;\">\n<td style=\"height: 24px; width: 51.8571%;\">Whering Aires Cardoso<\/td>\n<td style=\"height: 24px; width: 12.8748%;\"><img loading=\"lazy\" decoding=\"async\" class=\"alignnone size-full wp-image-3401\" src=\"https:\/\/camaracxc.mg.gov.br\/site\/wp-content\/uploads\/2025\/05\/WHERING-AIRES-CARDOSO.jpg\" alt=\"\" width=\"161\" height=\"225\" srcset=\"https:\/\/camaracxc.mg.gov.br\/site\/wp-content\/uploads\/2025\/05\/WHERING-AIRES-CARDOSO.jpg 161w, https:\/\/camaracxc.mg.gov.br\/site\/wp-content\/uploads\/2025\/05\/WHERING-AIRES-CARDOSO-150x210.jpg 150w\" sizes=\"auto, (max-width: 161px) 100vw, 161px\" \/><\/td>\n<td style=\"height: 24px; width: 36.3804%;\"><\/td>\n<\/tr>\n<\/tbody>\n<\/table>\n<p>&nbsp;<\/p>\n<p><strong>GALERIA DE EX-VEREADORES:<\/strong><\/p>\n<p><img loading=\"lazy\" decoding=\"async\" class=\"alignnone size-full wp-image-2679\" src=\"http:\/\/camaracxc.mg.gov.br\/site\/wp-content\/uploads\/2023\/07\/15a-legislatura-2021-2024-2.png\" alt=\"\" width=\"814\" height=\"620\" srcset=\"https:\/\/camaracxc.mg.gov.br\/site\/wp-content\/uploads\/2023\/07\/15a-legislatura-2021-2024-2.png 814w, https:\/\/camaracxc.mg.gov.br\/site\/wp-content\/uploads\/2023\/07\/15a-legislatura-2021-2024-2-300x229.png 300w, https:\/\/camaracxc.mg.gov.br\/site\/wp-content\/uploads\/2023\/07\/15a-legislatura-2021-2024-2-768x585.png 768w, https:\/\/camaracxc.mg.gov.br\/site\/wp-content\/uploads\/2023\/07\/15a-legislatura-2021-2024-2-150x114.png 150w, https:\/\/camaracxc.mg.gov.br\/site\/wp-content\/uploads\/2023\/07\/15a-legislatura-2021-2024-2-696x530.png 696w\" sizes=\"auto, (max-width: 814px) 100vw, 814px\" \/><\/p>\n<p><img loading=\"lazy\" decoding=\"async\" class=\"alignnone size-full wp-image-1613\" src=\"http:\/\/camaracxc.mg.gov.br\/site\/wp-content\/uploads\/2021\/05\/14a-Legislatura-Camara-CXC-vereadores-2017-2020.jpg\" alt=\"\" width=\"814\" height=\"620\" srcset=\"https:\/\/camaracxc.mg.gov.br\/site\/wp-content\/uploads\/2021\/05\/14a-Legislatura-Camara-CXC-vereadores-2017-2020.jpg 814w, https:\/\/camaracxc.mg.gov.br\/site\/wp-content\/uploads\/2021\/05\/14a-Legislatura-Camara-CXC-vereadores-2017-2020-300x229.jpg 300w, https:\/\/camaracxc.mg.gov.br\/site\/wp-content\/uploads\/2021\/05\/14a-Legislatura-Camara-CXC-vereadores-2017-2020-768x585.jpg 768w, https:\/\/camaracxc.mg.gov.br\/site\/wp-content\/uploads\/2021\/05\/14a-Legislatura-Camara-CXC-vereadores-2017-2020-150x114.jpg 150w, https:\/\/camaracxc.mg.gov.br\/site\/wp-content\/uploads\/2021\/05\/14a-Legislatura-Camara-CXC-vereadores-2017-2020-696x530.jpg 696w\" sizes=\"auto, (max-width: 814px) 100vw, 814px\" \/><\/p>\n<p><img loading=\"lazy\" decoding=\"async\" class=\"alignnone size-full wp-image-1628\" src=\"http:\/\/camaracxc.mg.gov.br\/site\/wp-content\/uploads\/2021\/05\/13a-Legislatura-Camara-CXC-vereadores-2013-2016.jpg\" alt=\"\" width=\"815\" height=\"620\" srcset=\"https:\/\/camaracxc.mg.gov.br\/site\/wp-content\/uploads\/2021\/05\/13a-Legislatura-Camara-CXC-vereadores-2013-2016.jpg 815w, https:\/\/camaracxc.mg.gov.br\/site\/wp-content\/uploads\/2021\/05\/13a-Legislatura-Camara-CXC-vereadores-2013-2016-300x228.jpg 300w, https:\/\/camaracxc.mg.gov.br\/site\/wp-content\/uploads\/2021\/05\/13a-Legislatura-Camara-CXC-vereadores-2013-2016-768x584.jpg 768w, https:\/\/camaracxc.mg.gov.br\/site\/wp-content\/uploads\/2021\/05\/13a-Legislatura-Camara-CXC-vereadores-2013-2016-150x114.jpg 150w, https:\/\/camaracxc.mg.gov.br\/site\/wp-content\/uploads\/2021\/05\/13a-Legislatura-Camara-CXC-vereadores-2013-2016-696x529.jpg 696w\" sizes=\"auto, (max-width: 815px) 100vw, 815px\" \/><\/p>\n<p><img loading=\"lazy\" decoding=\"async\" class=\"alignnone size-full wp-image-1630\" src=\"http:\/\/camaracxc.mg.gov.br\/site\/wp-content\/uploads\/2021\/05\/12a-Legislatura-Camara-CXC-vereadores-2009-2013.jpg\" alt=\"\" width=\"813\" height=\"620\" srcset=\"https:\/\/camaracxc.mg.gov.br\/site\/wp-content\/uploads\/2021\/05\/12a-Legislatura-Camara-CXC-vereadores-2009-2013.jpg 813w, https:\/\/camaracxc.mg.gov.br\/site\/wp-content\/uploads\/2021\/05\/12a-Legislatura-Camara-CXC-vereadores-2009-2013-300x229.jpg 300w, https:\/\/camaracxc.mg.gov.br\/site\/wp-content\/uploads\/2021\/05\/12a-Legislatura-Camara-CXC-vereadores-2009-2013-768x586.jpg 768w, https:\/\/camaracxc.mg.gov.br\/site\/wp-content\/uploads\/2021\/05\/12a-Legislatura-Camara-CXC-vereadores-2009-2013-150x114.jpg 150w, https:\/\/camaracxc.mg.gov.br\/site\/wp-content\/uploads\/2021\/05\/12a-Legislatura-Camara-CXC-vereadores-2009-2013-696x531.jpg 696w\" sizes=\"auto, (max-width: 813px) 100vw, 813px\" \/><\/p>\n<p><img loading=\"lazy\" decoding=\"async\" class=\"alignnone size-full wp-image-1637\" src=\"http:\/\/camaracxc.mg.gov.br\/site\/wp-content\/uploads\/2021\/05\/11a-Legislatura-Camara-CXC-vereadores-2005-2008.jpg\" alt=\"\" width=\"814\" height=\"620\" srcset=\"https:\/\/camaracxc.mg.gov.br\/site\/wp-content\/uploads\/2021\/05\/11a-Legislatura-Camara-CXC-vereadores-2005-2008.jpg 814w, https:\/\/camaracxc.mg.gov.br\/site\/wp-content\/uploads\/2021\/05\/11a-Legislatura-Camara-CXC-vereadores-2005-2008-300x229.jpg 300w, https:\/\/camaracxc.mg.gov.br\/site\/wp-content\/uploads\/2021\/05\/11a-Legislatura-Camara-CXC-vereadores-2005-2008-768x585.jpg 768w, https:\/\/camaracxc.mg.gov.br\/site\/wp-content\/uploads\/2021\/05\/11a-Legislatura-Camara-CXC-vereadores-2005-2008-150x114.jpg 150w, https:\/\/camaracxc.mg.gov.br\/site\/wp-content\/uploads\/2021\/05\/11a-Legislatura-Camara-CXC-vereadores-2005-2008-696x530.jpg 696w\" sizes=\"auto, (max-width: 814px) 100vw, 814px\" \/><\/p>\n<p><strong>DEMAIS GALERIAS EM CONSTRU\u00c7\u00c3O&#8230;<\/strong><\/p>\n<p><img loading=\"lazy\" decoding=\"async\" class=\"alignnone size-full wp-image-1608\" src=\"http:\/\/camaracxc.mg.gov.br\/site\/wp-content\/uploads\/2021\/05\/1a-Legislatura-Camara-CXC-vereadores-1963-1966.jpg\" alt=\"\" width=\"816\" height=\"622\" srcset=\"https:\/\/camaracxc.mg.gov.br\/site\/wp-content\/uploads\/2021\/05\/1a-Legislatura-Camara-CXC-vereadores-1963-1966.jpg 816w, https:\/\/camaracxc.mg.gov.br\/site\/wp-content\/uploads\/2021\/05\/1a-Legislatura-Camara-CXC-vereadores-1963-1966-300x229.jpg 300w, https:\/\/camaracxc.mg.gov.br\/site\/wp-content\/uploads\/2021\/05\/1a-Legislatura-Camara-CXC-vereadores-1963-1966-768x585.jpg 768w, https:\/\/camaracxc.mg.gov.br\/site\/wp-content\/uploads\/2021\/05\/1a-Legislatura-Camara-CXC-vereadores-1963-1966-150x114.jpg 150w, https:\/\/camaracxc.mg.gov.br\/site\/wp-content\/uploads\/2021\/05\/1a-Legislatura-Camara-CXC-vereadores-1963-1966-696x531.jpg 696w\" sizes=\"auto, (max-width: 816px) 100vw, 816px\" \/><\/p>\n","protected":false},"excerpt":{"rendered":"<p>&nbsp; MESA DIRETORA \u2013 BI\u00caNIO 2025\/2026 Presidente: S\u00e1batha Resende Chaves Assun\u00e7\u00e3o Vice-Presidente: Carlos Roberto Jesus da Silva Secret\u00e1rio: Whering Aires Cardoso Suplente de secret\u00e1ria: Andr\u00e9ia In\u00eas de Andrade Sousa 16\u00aa Legislatura &#8211; 2025\/2028: Vereadores Almir Rog\u00e9rio Moreira Andr\u00e9ia In\u00eas de Andrade Sousa Carlos Roberto Jesus da Silva Cleber Cristiam Beraldo Cl\u00f3vis Ant\u00f4nio da Silva Eduardo [&hellip;]<\/p>\n","protected":false},"author":1,"featured_media":0,"parent":0,"menu_order":0,"comment_status":"closed","ping_status":"closed","template":"","meta":{"footnotes":"","_links_to":"","_links_to_target":""},"class_list":["post-17","page","type-page","status-publish"],"yoast_head":"<!-- This site is optimized with the Yoast SEO plugin v27.1.1 - https:\/\/yoast.com\/product\/yoast-seo-wordpress\/ -->\n<title>Vereadores - C\u00e2mara Municipal de Coronel Xavier Chaves<\/title>\n<meta name=\"robots\" content=\"index, follow, max-snippet:-1, max-image-preview:large, max-video-preview:-1\" \/>\n<link rel=\"canonical\" href=\"https:\/\/camaracxc.mg.gov.br\/site\/vereadores\/\" \/>\n<meta property=\"og:locale\" content=\"pt_BR\" \/>\n<meta property=\"og:type\" content=\"article\" \/>\n<meta property=\"og:title\" content=\"Vereadores - C\u00e2mara Municipal de Coronel Xavier Chaves\" \/>\n<meta property=\"og:description\" content=\"&nbsp; MESA DIRETORA \u2013 BI\u00caNIO 2025\/2026 Presidente: S\u00e1batha Resende Chaves Assun\u00e7\u00e3o Vice-Presidente: Carlos Roberto Jesus da Silva Secret\u00e1rio: Whering Aires Cardoso Suplente de secret\u00e1ria: Andr\u00e9ia In\u00eas de Andrade Sousa 16\u00aa Legislatura &#8211; 2025\/2028: Vereadores Almir Rog\u00e9rio Moreira Andr\u00e9ia In\u00eas de Andrade Sousa Carlos Roberto Jesus da Silva Cleber Cristiam Beraldo Cl\u00f3vis Ant\u00f4nio da Silva Eduardo [&hellip;]\" \/>\n<meta property=\"og:url\" content=\"https:\/\/camaracxc.mg.gov.br\/site\/vereadores\/\" \/>\n<meta property=\"og:site_name\" content=\"C\u00e2mara Municipal de Coronel Xavier Chaves\" \/>\n<meta property=\"article:modified_time\" content=\"2025-05-22T16:56:58+00:00\" \/>\n<meta property=\"og:image\" content=\"https:\/\/camaracxc.mg.gov.br\/site\/wp-content\/uploads\/2025\/05\/ALMIR-ROGERIO-MOREIRA.jpg\" \/>\n\t<meta property=\"og:image:width\" content=\"161\" \/>\n\t<meta property=\"og:image:height\" content=\"225\" \/>\n\t<meta property=\"og:image:type\" content=\"image\/jpeg\" \/>\n<meta name=\"twitter:card\" content=\"summary_large_image\" \/>\n<script type=\"application\/ld+json\" class=\"yoast-schema-graph\">{\"@context\":\"https:\/\/schema.org\",\"@graph\":[{\"@type\":\"WebPage\",\"@id\":\"https:\/\/camaracxc.mg.gov.br\/site\/vereadores\/\",\"url\":\"https:\/\/camaracxc.mg.gov.br\/site\/vereadores\/\",\"name\":\"Vereadores - C\u00e2mara Municipal de Coronel Xavier Chaves\",\"isPartOf\":{\"@id\":\"https:\/\/camaracxc.mg.gov.br\/site\/#website\"},\"primaryImageOfPage\":{\"@id\":\"https:\/\/camaracxc.mg.gov.br\/site\/vereadores\/#primaryimage\"},\"image\":{\"@id\":\"https:\/\/camaracxc.mg.gov.br\/site\/vereadores\/#primaryimage\"},\"thumbnailUrl\":\"https:\/\/camaracxc.mg.gov.br\/site\/wp-content\/uploads\/2025\/05\/ALMIR-ROGERIO-MOREIRA.jpg\",\"datePublished\":\"2021-01-21T14:26:12+00:00\",\"dateModified\":\"2025-05-22T16:56:58+00:00\",\"breadcrumb\":{\"@id\":\"https:\/\/camaracxc.mg.gov.br\/site\/vereadores\/#breadcrumb\"},\"inLanguage\":\"pt-BR\",\"potentialAction\":[{\"@type\":\"ReadAction\",\"target\":[\"https:\/\/camaracxc.mg.gov.br\/site\/vereadores\/\"]}]},{\"@type\":\"ImageObject\",\"inLanguage\":\"pt-BR\",\"@id\":\"https:\/\/camaracxc.mg.gov.br\/site\/vereadores\/#primaryimage\",\"url\":\"https:\/\/camaracxc.mg.gov.br\/site\/wp-content\/uploads\/2025\/05\/ALMIR-ROGERIO-MOREIRA.jpg\",\"contentUrl\":\"https:\/\/camaracxc.mg.gov.br\/site\/wp-content\/uploads\/2025\/05\/ALMIR-ROGERIO-MOREIRA.jpg\",\"width\":161,\"height\":225},{\"@type\":\"BreadcrumbList\",\"@id\":\"https:\/\/camaracxc.mg.gov.br\/site\/vereadores\/#breadcrumb\",\"itemListElement\":[{\"@type\":\"ListItem\",\"position\":1,\"name\":\"In\u00edcio\",\"item\":\"https:\/\/camaracxc.mg.gov.br\/site\/\"},{\"@type\":\"ListItem\",\"position\":2,\"name\":\"Vereadores\"}]},{\"@type\":\"WebSite\",\"@id\":\"https:\/\/camaracxc.mg.gov.br\/site\/#website\",\"url\":\"https:\/\/camaracxc.mg.gov.br\/site\/\",\"name\":\"C\u00e2mara Municipal de Coronel Xavier Chaves\",\"description\":\"\",\"potentialAction\":[{\"@type\":\"SearchAction\",\"target\":{\"@type\":\"EntryPoint\",\"urlTemplate\":\"https:\/\/camaracxc.mg.gov.br\/site\/?s={search_term_string}\"},\"query-input\":{\"@type\":\"PropertyValueSpecification\",\"valueRequired\":true,\"valueName\":\"search_term_string\"}}],\"inLanguage\":\"pt-BR\"}]}<\/script>\n<!-- \/ Yoast SEO plugin. -->","yoast_head_json":{"title":"Vereadores - C\u00e2mara Municipal de Coronel Xavier Chaves","robots":{"index":"index","follow":"follow","max-snippet":"max-snippet:-1","max-image-preview":"max-image-preview:large","max-video-preview":"max-video-preview:-1"},"canonical":"https:\/\/camaracxc.mg.gov.br\/site\/vereadores\/","og_locale":"pt_BR","og_type":"article","og_title":"Vereadores - C\u00e2mara Municipal de Coronel Xavier Chaves","og_description":"&nbsp; MESA DIRETORA \u2013 BI\u00caNIO 2025\/2026 Presidente: S\u00e1batha Resende Chaves Assun\u00e7\u00e3o Vice-Presidente: Carlos Roberto Jesus da Silva Secret\u00e1rio: Whering Aires Cardoso Suplente de secret\u00e1ria: Andr\u00e9ia In\u00eas de Andrade Sousa 16\u00aa Legislatura &#8211; 2025\/2028: Vereadores Almir Rog\u00e9rio Moreira Andr\u00e9ia In\u00eas de Andrade Sousa Carlos Roberto Jesus da Silva Cleber Cristiam Beraldo Cl\u00f3vis Ant\u00f4nio da Silva Eduardo [&hellip;]","og_url":"https:\/\/camaracxc.mg.gov.br\/site\/vereadores\/","og_site_name":"C\u00e2mara Municipal de Coronel Xavier Chaves","article_modified_time":"2025-05-22T16:56:58+00:00","og_image":[{"width":161,"height":225,"url":"https:\/\/camaracxc.mg.gov.br\/site\/wp-content\/uploads\/2025\/05\/ALMIR-ROGERIO-MOREIRA.jpg","type":"image\/jpeg"}],"twitter_card":"summary_large_image","schema":{"@context":"https:\/\/schema.org","@graph":[{"@type":"WebPage","@id":"https:\/\/camaracxc.mg.gov.br\/site\/vereadores\/","url":"https:\/\/camaracxc.mg.gov.br\/site\/vereadores\/","name":"Vereadores - C\u00e2mara Municipal de Coronel Xavier Chaves","isPartOf":{"@id":"https:\/\/camaracxc.mg.gov.br\/site\/#website"},"primaryImageOfPage":{"@id":"https:\/\/camaracxc.mg.gov.br\/site\/vereadores\/#primaryimage"},"image":{"@id":"https:\/\/camaracxc.mg.gov.br\/site\/vereadores\/#primaryimage"},"thumbnailUrl":"https:\/\/camaracxc.mg.gov.br\/site\/wp-content\/uploads\/2025\/05\/ALMIR-ROGERIO-MOREIRA.jpg","datePublished":"2021-01-21T14:26:12+00:00","dateModified":"2025-05-22T16:56:58+00:00","breadcrumb":{"@id":"https:\/\/camaracxc.mg.gov.br\/site\/vereadores\/#breadcrumb"},"inLanguage":"pt-BR","potentialAction":[{"@type":"ReadAction","target":["https:\/\/camaracxc.mg.gov.br\/site\/vereadores\/"]}]},{"@type":"ImageObject","inLanguage":"pt-BR","@id":"https:\/\/camaracxc.mg.gov.br\/site\/vereadores\/#primaryimage","url":"https:\/\/camaracxc.mg.gov.br\/site\/wp-content\/uploads\/2025\/05\/ALMIR-ROGERIO-MOREIRA.jpg","contentUrl":"https:\/\/camaracxc.mg.gov.br\/site\/wp-content\/uploads\/2025\/05\/ALMIR-ROGERIO-MOREIRA.jpg","width":161,"height":225},{"@type":"BreadcrumbList","@id":"https:\/\/camaracxc.mg.gov.br\/site\/vereadores\/#breadcrumb","itemListElement":[{"@type":"ListItem","position":1,"name":"In\u00edcio","item":"https:\/\/camaracxc.mg.gov.br\/site\/"},{"@type":"ListItem","position":2,"name":"Vereadores"}]},{"@type":"WebSite","@id":"https:\/\/camaracxc.mg.gov.br\/site\/#website","url":"https:\/\/camaracxc.mg.gov.br\/site\/","name":"C\u00e2mara Municipal de Coronel Xavier Chaves","description":"","potentialAction":[{"@type":"SearchAction","target":{"@type":"EntryPoint","urlTemplate":"https:\/\/camaracxc.mg.gov.br\/site\/?s={search_term_string}"},"query-input":{"@type":"PropertyValueSpecification","valueRequired":true,"valueName":"search_term_string"}}],"inLanguage":"pt-BR"}]}},"_links":{"self":[{"href":"https:\/\/camaracxc.mg.gov.br\/site\/wp-json\/wp\/v2\/pages\/17","targetHints":{"allow":["GET"]}}],"collection":[{"href":"https:\/\/camaracxc.mg.gov.br\/site\/wp-json\/wp\/v2\/pages"}],"about":[{"href":"https:\/\/camaracxc.mg.gov.br\/site\/wp-json\/wp\/v2\/types\/page"}],"author":[{"embeddable":true,"href":"https:\/\/camaracxc.mg.gov.br\/site\/wp-json\/wp\/v2\/users\/1"}],"replies":[{"embeddable":true,"href":"https:\/\/camaracxc.mg.gov.br\/site\/wp-json\/wp\/v2\/comments?post=17"}],"version-history":[{"count":35,"href":"https:\/\/camaracxc.mg.gov.br\/site\/wp-json\/wp\/v2\/pages\/17\/revisions"}],"predecessor-version":[{"id":3403,"href":"https:\/\/camaracxc.mg.gov.br\/site\/wp-json\/wp\/v2\/pages\/17\/revisions\/3403"}],"wp:attachment":[{"href":"https:\/\/camaracxc.mg.gov.br\/site\/wp-json\/wp\/v2\/media?parent=17"}],"curies":[{"name":"wp","href":"https:\/\/api.w.org\/{rel}","templated":true}]}}