{"id":1566,"date":"2021-05-07T14:01:32","date_gmt":"2021-05-07T17:01:32","guid":{"rendered":"http:\/\/camaracxc.mg.gov.br\/site\/?page_id=1566"},"modified":"2025-08-12T18:24:38","modified_gmt":"2025-08-12T21:24:38","slug":"jornal-da-camara-informativo-oficial","status":"publish","type":"page","link":"https:\/\/camaracxc.mg.gov.br\/site\/jornal-da-camara-informativo-oficial\/","title":{"rendered":"Informativo C\u00e2mara CXC"},"content":{"rendered":"<p style=\"text-align: center;\"><strong><span style=\"font-size: 13.3333px;\">Informativo Oficial<\/span><\/strong><\/p>\n<p><span style=\"font-size: 10pt;\"><a href=\"https:\/\/camaracxc.mg.gov.br\/site\/wp-content\/uploads\/2025\/08\/Edicao-no-22-Informativo-Oficial-Camara-CXC-maio-e-junho-de-2025.pdf\">Edi\u00e7\u00e3o n\u00ba 22<\/a> &#8211; Informativo Oficial C\u00e2mara CXC &#8211; maio e junho de 2025<\/span><br \/>\n<span style=\"font-size: 10pt;\"><a href=\"https:\/\/camaracxc.mg.gov.br\/site\/wp-content\/uploads\/2025\/06\/Edicao-no-21-Informativo-Oficial-Camara-CXC-marco-e-abril-de-2025.pdf\">Edi\u00e7\u00e3o n\u00ba 21<\/a> &#8211; Informativo Oficial C\u00e2mara CXC &#8211; mar\u00e7o e abril de 2025<\/span><br \/>\n<span style=\"font-size: 10pt;\"><a href=\"http:\/\/camaracxc.mg.gov.br\/site\/wp-content\/uploads\/2025\/04\/Edicao-no-20-Informativo-Oficial-Camara-CXC-janeiro-e-fevereiro-de-2025.pdf\">Edi\u00e7\u00e3o n\u00ba 20<\/a> &#8211; Informativo Oficial C\u00e2mara CXC &#8211; janeiro e fevereiro de 2025<\/span><br \/>\n<span style=\"font-size: 10pt;\"><a href=\"http:\/\/camaracxc.mg.gov.br\/site\/wp-content\/uploads\/2025\/03\/Edicao-019-Informativo-Oficial-Camara-CXC-setembro-a-dezembro-de-2024.pdf\">Edi\u00e7\u00e3o n\u00ba 19<\/a> &#8211; Informativo Oficial C\u00e2mara CXC &#8211; setembro a dezembro de 2024<\/span><br \/>\n<span style=\"font-size: 10pt;\"><a href=\"http:\/\/camaracxc.mg.gov.br\/site\/wp-content\/uploads\/2025\/03\/Edicao-018-Informativo-Oficial-Camara-CXC-maio-a-agosto-de-2024.pdf\">Edi\u00e7\u00e3o n\u00ba 18<\/a> &#8211; Informativo Oficial C\u00e2mara CXC &#8211; maio a agosto de 2024<\/span><br \/>\n<span style=\"font-size: 10pt;\"><a href=\"http:\/\/camaracxc.mg.gov.br\/site\/wp-content\/uploads\/2025\/03\/Edicao-017-Informativo-Oficial-Camara-CXC-janeiro-a-abril-de-2024.pdf\">Edi\u00e7\u00e3o n\u00ba 17<\/a> &#8211; Informativo Oficial C\u00e2mara CXC &#8211; janeiro a abril de 2024<\/span><br \/>\n<span style=\"font-size: 10pt;\"><a href=\"http:\/\/camaracxc.mg.gov.br\/site\/wp-content\/uploads\/2025\/03\/Edicao-016-Informativo-Camara-CXC-09-a-12-de-2023.pdf\">Edi\u00e7\u00e3o n\u00ba 16<\/a> &#8211; Informativo C\u00e2mara CXC &#8211; 09 a 12 de 2023<\/span><br \/>\n<span style=\"font-size: 10pt;\"><a href=\"http:\/\/camaracxc.mg.gov.br\/site\/wp-content\/uploads\/2023\/09\/Informativo-Camara-CXC-Edicao-015-maio-a-agosto-de-2023.pdf\">Edi\u00e7\u00e3o n\u00ba 15<\/a> &#8211; Informativo C\u00e2mara CXC &#8211; maio a agosto de 2023<\/span><br \/>\n<span style=\"font-size: 10pt;\"><a href=\"http:\/\/camaracxc.mg.gov.br\/site\/wp-content\/uploads\/2023\/06\/Edicao-14-Informativo-Camara-CXC-01-a-04-de-2023.pdf\">Edi\u00e7\u00e3o n\u00ba 14<\/a> &#8211; Informativo C\u00e2mara Cel Xavier Chaves &#8211; 01 a 04 de 2023<\/span><br \/>\n<span style=\"font-size: 10pt;\"><a href=\"http:\/\/camaracxc.mg.gov.br\/site\/wp-content\/uploads\/2023\/06\/Edicao-013-Informativo-Oficial-da-Camara-Cel-Xavier-Chaves-setembro-a-dezembro-de-2022.pdf\">Edi\u00e7\u00e3o n\u00ba 13<\/a> &#8211; Informativo C\u00e2mara Cel Xavier Chaves &#8211; setembro a dezembro de 2022<\/span><br \/>\n<span style=\"font-size: 10pt;\"><a href=\"http:\/\/camaracxc.mg.gov.br\/site\/wp-content\/uploads\/2023\/06\/Edicao-012-Informativo-Oficial-da-Camara-Cel-Xavier-Chaves-Julho-e-Agosto-de-2022.pdf\">Edi\u00e7\u00e3o n\u00ba 12<\/a> &#8211; Informativo C\u00e2mara Cel Xavier Chaves &#8211; Julho e Agosto de 2022<\/span><\/p>\n<p><span style=\"font-size: 10pt;\"><a href=\"http:\/\/camaracxc.mg.gov.br\/site\/wp-content\/uploads\/2021\/01\/Resolucao-Legislativa-no-03-2021-Informativo-Oficial.pdf\">Resolu\u00e7\u00e3o Legislativa n\u00ba 03\/2021 &#8211;<\/a>\u00a0Informativo Oficial<\/span><\/p>\n","protected":false},"excerpt":{"rendered":"<p>Informativo Oficial Edi\u00e7\u00e3o n\u00ba 22 &#8211; Informativo Oficial C\u00e2mara CXC &#8211; maio e junho de 2025 Edi\u00e7\u00e3o n\u00ba 21 &#8211; Informativo Oficial C\u00e2mara CXC &#8211; mar\u00e7o e abril de 2025 Edi\u00e7\u00e3o n\u00ba 20 &#8211; Informativo Oficial C\u00e2mara CXC &#8211; janeiro e fevereiro de 2025 Edi\u00e7\u00e3o n\u00ba 19 &#8211; Informativo Oficial C\u00e2mara CXC &#8211; setembro a [&hellip;]<\/p>\n","protected":false},"author":1,"featured_media":0,"parent":0,"menu_order":0,"comment_status":"closed","ping_status":"closed","template":"","meta":{"footnotes":"","_links_to":"","_links_to_target":""},"class_list":["post-1566","page","type-page","status-publish"],"yoast_head":"<!-- This site is optimized with the Yoast SEO plugin v27.1.1 - https:\/\/yoast.com\/product\/yoast-seo-wordpress\/ -->\n<title>Informativo C\u00e2mara CXC - C\u00e2mara Municipal de Coronel Xavier Chaves<\/title>\n<meta name=\"robots\" content=\"index, follow, max-snippet:-1, max-image-preview:large, max-video-preview:-1\" \/>\n<link rel=\"canonical\" href=\"https:\/\/camaracxc.mg.gov.br\/site\/jornal-da-camara-informativo-oficial\/\" \/>\n<meta property=\"og:locale\" content=\"pt_BR\" \/>\n<meta property=\"og:type\" content=\"article\" \/>\n<meta property=\"og:title\" content=\"Informativo C\u00e2mara CXC - C\u00e2mara Municipal de Coronel Xavier Chaves\" \/>\n<meta property=\"og:description\" content=\"Informativo Oficial Edi\u00e7\u00e3o n\u00ba 22 &#8211; Informativo Oficial C\u00e2mara CXC &#8211; maio e junho de 2025 Edi\u00e7\u00e3o n\u00ba 21 &#8211; Informativo Oficial C\u00e2mara CXC &#8211; mar\u00e7o e abril de 2025 Edi\u00e7\u00e3o n\u00ba 20 &#8211; Informativo Oficial C\u00e2mara CXC &#8211; janeiro e fevereiro de 2025 Edi\u00e7\u00e3o n\u00ba 19 &#8211; Informativo Oficial C\u00e2mara CXC &#8211; setembro a [&hellip;]\" \/>\n<meta property=\"og:url\" content=\"https:\/\/camaracxc.mg.gov.br\/site\/jornal-da-camara-informativo-oficial\/\" \/>\n<meta property=\"og:site_name\" content=\"C\u00e2mara Municipal de Coronel Xavier Chaves\" \/>\n<meta property=\"article:modified_time\" content=\"2025-08-12T21:24:38+00:00\" \/>\n<meta name=\"twitter:card\" content=\"summary_large_image\" \/>\n<meta name=\"twitter:label1\" content=\"Est. tempo de leitura\" \/>\n\t<meta name=\"twitter:data1\" content=\"1 minuto\" \/>\n<script type=\"application\/ld+json\" class=\"yoast-schema-graph\">{\"@context\":\"https:\/\/schema.org\",\"@graph\":[{\"@type\":\"WebPage\",\"@id\":\"https:\/\/camaracxc.mg.gov.br\/site\/jornal-da-camara-informativo-oficial\/\",\"url\":\"https:\/\/camaracxc.mg.gov.br\/site\/jornal-da-camara-informativo-oficial\/\",\"name\":\"Informativo C\u00e2mara CXC - C\u00e2mara Municipal de Coronel Xavier Chaves\",\"isPartOf\":{\"@id\":\"https:\/\/camaracxc.mg.gov.br\/site\/#website\"},\"datePublished\":\"2021-05-07T17:01:32+00:00\",\"dateModified\":\"2025-08-12T21:24:38+00:00\",\"breadcrumb\":{\"@id\":\"https:\/\/camaracxc.mg.gov.br\/site\/jornal-da-camara-informativo-oficial\/#breadcrumb\"},\"inLanguage\":\"pt-BR\",\"potentialAction\":[{\"@type\":\"ReadAction\",\"target\":[\"https:\/\/camaracxc.mg.gov.br\/site\/jornal-da-camara-informativo-oficial\/\"]}]},{\"@type\":\"BreadcrumbList\",\"@id\":\"https:\/\/camaracxc.mg.gov.br\/site\/jornal-da-camara-informativo-oficial\/#breadcrumb\",\"itemListElement\":[{\"@type\":\"ListItem\",\"position\":1,\"name\":\"In\u00edcio\",\"item\":\"https:\/\/camaracxc.mg.gov.br\/site\/\"},{\"@type\":\"ListItem\",\"position\":2,\"name\":\"Informativo C\u00e2mara CXC\"}]},{\"@type\":\"WebSite\",\"@id\":\"https:\/\/camaracxc.mg.gov.br\/site\/#website\",\"url\":\"https:\/\/camaracxc.mg.gov.br\/site\/\",\"name\":\"C\u00e2mara Municipal de Coronel Xavier Chaves\",\"description\":\"\",\"potentialAction\":[{\"@type\":\"SearchAction\",\"target\":{\"@type\":\"EntryPoint\",\"urlTemplate\":\"https:\/\/camaracxc.mg.gov.br\/site\/?s={search_term_string}\"},\"query-input\":{\"@type\":\"PropertyValueSpecification\",\"valueRequired\":true,\"valueName\":\"search_term_string\"}}],\"inLanguage\":\"pt-BR\"}]}<\/script>\n<!-- \/ Yoast SEO plugin. -->","yoast_head_json":{"title":"Informativo C\u00e2mara CXC - C\u00e2mara Municipal de Coronel Xavier Chaves","robots":{"index":"index","follow":"follow","max-snippet":"max-snippet:-1","max-image-preview":"max-image-preview:large","max-video-preview":"max-video-preview:-1"},"canonical":"https:\/\/camaracxc.mg.gov.br\/site\/jornal-da-camara-informativo-oficial\/","og_locale":"pt_BR","og_type":"article","og_title":"Informativo C\u00e2mara CXC - C\u00e2mara Municipal de Coronel Xavier Chaves","og_description":"Informativo Oficial Edi\u00e7\u00e3o n\u00ba 22 &#8211; Informativo Oficial C\u00e2mara CXC &#8211; maio e junho de 2025 Edi\u00e7\u00e3o n\u00ba 21 &#8211; Informativo Oficial C\u00e2mara CXC &#8211; mar\u00e7o e abril de 2025 Edi\u00e7\u00e3o n\u00ba 20 &#8211; Informativo Oficial C\u00e2mara CXC &#8211; janeiro e fevereiro de 2025 Edi\u00e7\u00e3o n\u00ba 19 &#8211; Informativo Oficial C\u00e2mara CXC &#8211; setembro a [&hellip;]","og_url":"https:\/\/camaracxc.mg.gov.br\/site\/jornal-da-camara-informativo-oficial\/","og_site_name":"C\u00e2mara Municipal de Coronel Xavier Chaves","article_modified_time":"2025-08-12T21:24:38+00:00","twitter_card":"summary_large_image","twitter_misc":{"Est. tempo de leitura":"1 minuto"},"schema":{"@context":"https:\/\/schema.org","@graph":[{"@type":"WebPage","@id":"https:\/\/camaracxc.mg.gov.br\/site\/jornal-da-camara-informativo-oficial\/","url":"https:\/\/camaracxc.mg.gov.br\/site\/jornal-da-camara-informativo-oficial\/","name":"Informativo C\u00e2mara CXC - C\u00e2mara Municipal de Coronel Xavier Chaves","isPartOf":{"@id":"https:\/\/camaracxc.mg.gov.br\/site\/#website"},"datePublished":"2021-05-07T17:01:32+00:00","dateModified":"2025-08-12T21:24:38+00:00","breadcrumb":{"@id":"https:\/\/camaracxc.mg.gov.br\/site\/jornal-da-camara-informativo-oficial\/#breadcrumb"},"inLanguage":"pt-BR","potentialAction":[{"@type":"ReadAction","target":["https:\/\/camaracxc.mg.gov.br\/site\/jornal-da-camara-informativo-oficial\/"]}]},{"@type":"BreadcrumbList","@id":"https:\/\/camaracxc.mg.gov.br\/site\/jornal-da-camara-informativo-oficial\/#breadcrumb","itemListElement":[{"@type":"ListItem","position":1,"name":"In\u00edcio","item":"https:\/\/camaracxc.mg.gov.br\/site\/"},{"@type":"ListItem","position":2,"name":"Informativo C\u00e2mara CXC"}]},{"@type":"WebSite","@id":"https:\/\/camaracxc.mg.gov.br\/site\/#website","url":"https:\/\/camaracxc.mg.gov.br\/site\/","name":"C\u00e2mara Municipal de Coronel Xavier Chaves","description":"","potentialAction":[{"@type":"SearchAction","target":{"@type":"EntryPoint","urlTemplate":"https:\/\/camaracxc.mg.gov.br\/site\/?s={search_term_string}"},"query-input":{"@type":"PropertyValueSpecification","valueRequired":true,"valueName":"search_term_string"}}],"inLanguage":"pt-BR"}]}},"_links":{"self":[{"href":"https:\/\/camaracxc.mg.gov.br\/site\/wp-json\/wp\/v2\/pages\/1566","targetHints":{"allow":["GET"]}}],"collection":[{"href":"https:\/\/camaracxc.mg.gov.br\/site\/wp-json\/wp\/v2\/pages"}],"about":[{"href":"https:\/\/camaracxc.mg.gov.br\/site\/wp-json\/wp\/v2\/types\/page"}],"author":[{"embeddable":true,"href":"https:\/\/camaracxc.mg.gov.br\/site\/wp-json\/wp\/v2\/users\/1"}],"replies":[{"embeddable":true,"href":"https:\/\/camaracxc.mg.gov.br\/site\/wp-json\/wp\/v2\/comments?post=1566"}],"version-history":[{"count":24,"href":"https:\/\/camaracxc.mg.gov.br\/site\/wp-json\/wp\/v2\/pages\/1566\/revisions"}],"predecessor-version":[{"id":3533,"href":"https:\/\/camaracxc.mg.gov.br\/site\/wp-json\/wp\/v2\/pages\/1566\/revisions\/3533"}],"wp:attachment":[{"href":"https:\/\/camaracxc.mg.gov.br\/site\/wp-json\/wp\/v2\/media?parent=1566"}],"curies":[{"name":"wp","href":"https:\/\/api.w.org\/{rel}","templated":true}]}}